{"id":1358,"date":"2019-05-16T22:27:20","date_gmt":"2019-05-16T20:27:20","guid":{"rendered":"http:\/\/www.festival-escales-photos.fr\/?page_id=1358"},"modified":"2020-08-30T10:11:20","modified_gmt":"2020-08-30T08:11:20","slug":"katel-mary-petit-peuple-de-lestran","status":"publish","type":"page","link":"https:\/\/www.festival-escales-photos.fr\/index.php\/katel-mary-petit-peuple-de-lestran\/","title":{"rendered":"Katel Mary Petit Peuple de l&#8217;Estran"},"content":{"rendered":"\t\t<div data-elementor-type=\"wp-post\" data-elementor-id=\"1358\" class=\"elementor elementor-1358\">\n\t\t\t\t\t\t<section class=\"elementor-section elementor-top-section elementor-element elementor-element-7a2bff8f elementor-section-boxed elementor-section-height-default elementor-section-height-default\" data-id=\"7a2bff8f\" data-element_type=\"section\">\n\t\t\t\t\t\t<div class=\"elementor-container elementor-column-gap-default\">\n\t\t\t\t\t<div class=\"elementor-column elementor-col-100 elementor-top-column elementor-element elementor-element-1c531ae0\" data-id=\"1c531ae0\" data-element_type=\"column\">\n\t\t\t<div class=\"elementor-widget-wrap elementor-element-populated\">\n\t\t\t\t\t\t<div class=\"elementor-element elementor-element-48054e6a elementor-widget elementor-widget-heading\" data-id=\"48054e6a\" data-element_type=\"widget\" data-widget_type=\"heading.default\">\n\t\t\t\t<div class=\"elementor-widget-container\">\n\t\t\t\t\t<h2 class=\"elementor-heading-title elementor-size-large\">Katel Mary<\/h2>\t\t\t\t<\/div>\n\t\t\t\t<\/div>\n\t\t\t\t\t<\/div>\n\t\t<\/div>\n\t\t\t\t\t<\/div>\n\t\t<\/section>\n\t\t\t\t<section class=\"elementor-section elementor-top-section elementor-element elementor-element-56147f2d elementor-section-boxed elementor-section-height-default elementor-section-height-default\" data-id=\"56147f2d\" data-element_type=\"section\">\n\t\t\t\t\t\t<div class=\"elementor-container elementor-column-gap-default\">\n\t\t\t\t\t<div class=\"elementor-column elementor-col-100 elementor-top-column elementor-element elementor-element-7e8600e4\" data-id=\"7e8600e4\" data-element_type=\"column\">\n\t\t\t<div class=\"elementor-widget-wrap elementor-element-populated\">\n\t\t\t\t\t\t<div class=\"elementor-element elementor-element-74f0df18 elementor-widget elementor-widget-heading\" data-id=\"74f0df18\" data-element_type=\"widget\" data-widget_type=\"heading.default\">\n\t\t\t\t<div class=\"elementor-widget-container\">\n\t\t\t\t\t<span class=\"elementor-heading-title elementor-size-large\">petit peuple de l'estran<\/span>\t\t\t\t<\/div>\n\t\t\t\t<\/div>\n\t\t\t\t<div class=\"elementor-element elementor-element-36cdfb6e elementor-widget elementor-widget-image-gallery\" data-id=\"36cdfb6e\" data-element_type=\"widget\" data-widget_type=\"image-gallery.default\">\n\t\t\t\t<div class=\"elementor-widget-container\">\n\t\t\t\t\t\t\t<div class=\"elementor-image-gallery\">\n\t\t\t<div id='gallery-1' class='gallery galleryid-1358 gallery-columns-2 gallery-size-medium_large'><figure class='gallery-item'>\n\t\t\t<div class='gallery-icon landscape'>\n\t\t\t\t<a data-elementor-open-lightbox=\"yes\" data-elementor-lightbox-slideshow=\"36cdfb6e\" data-elementor-lightbox-title=\"festival-escales-photos-locmariquer-56-Katel-Mary\" data-e-action-hash=\"#elementor-action%3Aaction%3Dlightbox%26settings%3DeyJpZCI6NjYxLCJ1cmwiOiJodHRwczpcL1wvd3d3LmZlc3RpdmFsLWVzY2FsZXMtcGhvdG9zLmZyXC93cC1jb250ZW50XC91cGxvYWRzXC8yMDE5XC8wNVwvZmVzdGl2YWwtZXNjYWxlcy1waG90b3MtbG9jbWFyaXF1ZXItNTYtS2F0ZWwtTWFyeS5qcGciLCJzbGlkZXNob3ciOiIzNmNkZmI2ZSJ9\" href='https:\/\/www.festival-escales-photos.fr\/wp-content\/uploads\/2019\/05\/festival-escales-photos-locmariquer-56-Katel-Mary.jpg'><img fetchpriority=\"high\" decoding=\"async\" width=\"768\" height=\"512\" src=\"https:\/\/www.festival-escales-photos.fr\/wp-content\/uploads\/2019\/05\/festival-escales-photos-locmariquer-56-Katel-Mary-768x512.jpg\" class=\"attachment-medium_large size-medium_large\" alt=\"expo photo \u00e0 Locmariaquer\" srcset=\"https:\/\/www.festival-escales-photos.fr\/wp-content\/uploads\/2019\/05\/festival-escales-photos-locmariquer-56-Katel-Mary-768x512.jpg 768w, https:\/\/www.festival-escales-photos.fr\/wp-content\/uploads\/2019\/05\/festival-escales-photos-locmariquer-56-Katel-Mary-300x200.jpg 300w, https:\/\/www.festival-escales-photos.fr\/wp-content\/uploads\/2019\/05\/festival-escales-photos-locmariquer-56-Katel-Mary-1024x682.jpg 1024w\" sizes=\"(max-width: 768px) 100vw, 768px\" \/><\/a>\n\t\t\t<\/div><\/figure><figure class='gallery-item'>\n\t\t\t<div class='gallery-icon landscape'>\n\t\t\t\t<a data-elementor-open-lightbox=\"yes\" data-elementor-lightbox-slideshow=\"36cdfb6e\" data-elementor-lightbox-title=\"expo-photo-petit-peuple-estran-Katel-Mary\" data-e-action-hash=\"#elementor-action%3Aaction%3Dlightbox%26settings%3DeyJpZCI6NjYzLCJ1cmwiOiJodHRwczpcL1wvd3d3LmZlc3RpdmFsLWVzY2FsZXMtcGhvdG9zLmZyXC93cC1jb250ZW50XC91cGxvYWRzXC8yMDE5XC8wNVwvZXhwby1waG90by1wZXRpdC1wZXVwbGUtZXN0cmFuLUthdGVsLU1hcnkuanBnIiwic2xpZGVzaG93IjoiMzZjZGZiNmUifQ%3D%3D\" href='https:\/\/www.festival-escales-photos.fr\/wp-content\/uploads\/2019\/05\/expo-photo-petit-peuple-estran-Katel-Mary.jpg'><img decoding=\"async\" width=\"768\" height=\"512\" src=\"https:\/\/www.festival-escales-photos.fr\/wp-content\/uploads\/2019\/05\/expo-photo-petit-peuple-estran-Katel-Mary-768x512.jpg\" class=\"attachment-medium_large size-medium_large\" alt=\"expo photo le peuple de l&#039;estran\" srcset=\"https:\/\/www.festival-escales-photos.fr\/wp-content\/uploads\/2019\/05\/expo-photo-petit-peuple-estran-Katel-Mary-768x512.jpg 768w, https:\/\/www.festival-escales-photos.fr\/wp-content\/uploads\/2019\/05\/expo-photo-petit-peuple-estran-Katel-Mary-300x200.jpg 300w, https:\/\/www.festival-escales-photos.fr\/wp-content\/uploads\/2019\/05\/expo-photo-petit-peuple-estran-Katel-Mary-1024x682.jpg 1024w\" sizes=\"(max-width: 768px) 100vw, 768px\" \/><\/a>\n\t\t\t<\/div><\/figure>\n\t\t<\/div>\n\t\t<\/div>\n\t\t\t\t\t\t<\/div>\n\t\t\t\t<\/div>\n\t\t\t\t<div class=\"elementor-element elementor-element-7bb90316 elementor-widget elementor-widget-text-editor\" data-id=\"7bb90316\" data-element_type=\"widget\" data-widget_type=\"text-editor.default\">\n\t\t\t\t<div class=\"elementor-widget-container\">\n\t\t\t\t\t\t\t\t\t<div class=\"page\" title=\"Page 6\"><div class=\"section\"><div class=\"layoutArea\"><div class=\"column\"><p>Li\u00e8vre de mer, ophiure, littorine, helcion, porte \u00e9cuelle&#8230; autant d\u2019esp\u00e8ces qui peuplent nos estrans. Autant d\u2019animaux qui nous emm\u00e8nent dans un micro univers dont Katel Mary extrait la fragilit\u00e9, la gr\u00e2ce et la beaut\u00e9 avec une po\u00e9sie qui \u00e9merveille. Katel a promen\u00e9 son \u0153il averti et son objectif macro d\u2019Ho\u00ebdic, \u00e0 Locmariaquer en passant par la Trinite\u0301-sur-Mer. Gr\u00e2ce \u00e0 elle nous sommes en mesure de nous enthousiasmer pour ce monde en miniature et de veiller \u00e0 sa protection.<\/p><\/div><\/div><\/div><\/div>\t\t\t\t\t\t\t\t<\/div>\n\t\t\t\t<\/div>\n\t\t\t\t<div class=\"elementor-element elementor-element-37f38716 elementor-widget elementor-widget-text-editor\" data-id=\"37f38716\" data-element_type=\"widget\" data-widget_type=\"text-editor.default\">\n\t\t\t\t<div class=\"elementor-widget-container\">\n\t\t\t\t\t\t\t\t\t<p><a href=\"https:\/\/www.festival-escales-photos.fr\/wp-content\/uploads\/2019\/05\/Affiche-pre\u0301sentation-petit-peuple-de-l-estran.pdf\" class=\"pdfemb-viewer\" style=\"\" data-width=\"max\" data-height=\"max\" data-toolbar=\"bottom\" data-toolbar-fixed=\"off\">Affiche-pre\u0301sentation-petit-peuple-de-l-estran<\/a><\/p>\t\t\t\t\t\t\t\t<\/div>\n\t\t\t\t<\/div>\n\t\t\t\t\t<\/div>\n\t\t<\/div>\n\t\t\t\t\t<\/div>\n\t\t<\/section>\n\t\t\t\t<section class=\"elementor-section elementor-top-section elementor-element elementor-element-c20ded2 elementor-section-boxed elementor-section-height-default elementor-section-height-default\" data-id=\"c20ded2\" data-element_type=\"section\">\n\t\t\t\t\t\t<div class=\"elementor-container elementor-column-gap-default\">\n\t\t\t\t\t<div class=\"elementor-column elementor-col-100 elementor-top-column elementor-element elementor-element-fcf12db\" data-id=\"fcf12db\" data-element_type=\"column\">\n\t\t\t<div class=\"elementor-widget-wrap elementor-element-populated\">\n\t\t\t\t\t\t<div class=\"elementor-element elementor-element-b40461d elementor-align-center elementor-widget elementor-widget-button\" data-id=\"b40461d\" data-element_type=\"widget\" data-widget_type=\"button.default\">\n\t\t\t\t<div class=\"elementor-widget-container\">\n\t\t\t\t\t\t\t\t\t<div class=\"elementor-button-wrapper\">\n\t\t\t\t\t<a class=\"elementor-button elementor-button-link elementor-size-sm\" href=\"http:\/\/www.katel-mary.com\/\" target=\"_blank\">\n\t\t\t\t\t\t<span class=\"elementor-button-content-wrapper\">\n\t\t\t\t\t\t\t\t\t<span class=\"elementor-button-text\">En savoir + sur Katel Mary<\/span>\n\t\t\t\t\t<\/span>\n\t\t\t\t\t<\/a>\n\t\t\t\t<\/div>\n\t\t\t\t\t\t\t\t<\/div>\n\t\t\t\t<\/div>\n\t\t\t\t\t<\/div>\n\t\t<\/div>\n\t\t\t\t\t<\/div>\n\t\t<\/section>\n\t\t\t\t<\/div>\n\t\t","protected":false},"excerpt":{"rendered":"<p>Katel Mary petit peuple de l&#8217;estran Li\u00e8vre de mer, ophiure, littorine, helcion, porte \u00e9cuelle&#8230; autant d\u2019esp\u00e8ces qui peuplent nos estrans. Autant d\u2019animaux qui nous emm\u00e8nent dans un micro univers dont Katel Mary extrait la fragilit\u00e9, la gr\u00e2ce et la beaut\u00e9 avec une po\u00e9sie qui \u00e9merveille. Katel a promen\u00e9 son \u0153il averti et son objectif macro [&hellip;]<\/p>\n","protected":false},"author":1,"featured_media":663,"parent":0,"menu_order":0,"comment_status":"closed","ping_status":"closed","template":"","meta":{"_monsterinsights_skip_tracking":false,"_monsterinsights_sitenote_active":false,"_monsterinsights_sitenote_note":"","_monsterinsights_sitenote_category":0,"ocean_post_layout":"","ocean_both_sidebars_style":"","ocean_both_sidebars_content_width":0,"ocean_both_sidebars_sidebars_width":0,"ocean_sidebar":"0","ocean_second_sidebar":"0","ocean_disable_margins":"enable","ocean_add_body_class":"","ocean_shortcode_before_top_bar":"","ocean_shortcode_after_top_bar":"","ocean_shortcode_before_header":"","ocean_shortcode_after_header":"","ocean_has_shortcode":"","ocean_shortcode_after_title":"","ocean_shortcode_before_footer_widgets":"","ocean_shortcode_after_footer_widgets":"","ocean_shortcode_before_footer_bottom":"","ocean_shortcode_after_footer_bottom":"","ocean_display_top_bar":"default","ocean_display_header":"default","ocean_header_style":"","ocean_center_header_left_menu":"0","ocean_custom_header_template":"0","ocean_custom_logo":0,"ocean_custom_retina_logo":0,"ocean_custom_logo_max_width":0,"ocean_custom_logo_tablet_max_width":0,"ocean_custom_logo_mobile_max_width":0,"ocean_custom_logo_max_height":0,"ocean_custom_logo_tablet_max_height":0,"ocean_custom_logo_mobile_max_height":0,"ocean_header_custom_menu":"0","ocean_menu_typo_font_family":"0","ocean_menu_typo_font_subset":"","ocean_menu_typo_font_size":0,"ocean_menu_typo_font_size_tablet":0,"ocean_menu_typo_font_size_mobile":0,"ocean_menu_typo_font_size_unit":"px","ocean_menu_typo_font_weight":"","ocean_menu_typo_font_weight_tablet":"","ocean_menu_typo_font_weight_mobile":"","ocean_menu_typo_transform":"","ocean_menu_typo_transform_tablet":"","ocean_menu_typo_transform_mobile":"","ocean_menu_typo_line_height":0,"ocean_menu_typo_line_height_tablet":0,"ocean_menu_typo_line_height_mobile":0,"ocean_menu_typo_line_height_unit":"","ocean_menu_typo_spacing":0,"ocean_menu_typo_spacing_tablet":0,"ocean_menu_typo_spacing_mobile":0,"ocean_menu_typo_spacing_unit":"","ocean_menu_link_color":"","ocean_menu_link_color_hover":"","ocean_menu_link_color_active":"","ocean_menu_link_background":"","ocean_menu_link_hover_background":"","ocean_menu_link_active_background":"","ocean_menu_social_links_bg":"","ocean_menu_social_hover_links_bg":"","ocean_menu_social_links_color":"","ocean_menu_social_hover_links_color":"","ocean_disable_title":"default","ocean_disable_heading":"default","ocean_post_title":"","ocean_post_subheading":"","ocean_post_title_style":"","ocean_post_title_background_color":"","ocean_post_title_background":0,"ocean_post_title_bg_image_position":"","ocean_post_title_bg_image_attachment":"","ocean_post_title_bg_image_repeat":"","ocean_post_title_bg_image_size":"","ocean_post_title_height":0,"ocean_post_title_bg_overlay":0.5,"ocean_post_title_bg_overlay_color":"","ocean_disable_breadcrumbs":"default","ocean_breadcrumbs_color":"","ocean_breadcrumbs_separator_color":"","ocean_breadcrumbs_links_color":"","ocean_breadcrumbs_links_hover_color":"","ocean_display_footer_widgets":"default","ocean_display_footer_bottom":"default","ocean_custom_footer_template":"0","footnotes":""},"class_list":["post-1358","page","type-page","status-publish","has-post-thumbnail","hentry","entry","has-media"],"yoast_head":"<!-- This site is optimized with the Yoast SEO plugin v25.7 - https:\/\/yoast.com\/wordpress\/plugins\/seo\/ -->\n<title>Katel Mary Petit Peuple de l&#039;Estran - Festival Escales Photos<\/title>\n<meta name=\"description\" content=\"L&#039;exposition photos de Katel Mary \u00ab Petit peuple de l\u2019estran \u00bb nous rappelle que la richesse d\u2019un territoire est d\u2019autant plus fragile qu\u2019elle est\" \/>\n<meta name=\"robots\" content=\"index, follow, max-snippet:-1, max-image-preview:large, max-video-preview:-1\" \/>\n<link rel=\"canonical\" href=\"https:\/\/www.festival-escales-photos.fr\/index.php\/katel-mary-petit-peuple-de-lestran\/\" \/>\n<meta property=\"og:locale\" content=\"en_US\" \/>\n<meta property=\"og:type\" content=\"article\" \/>\n<meta property=\"og:title\" content=\"Katel Mary Petit Peuple de l&#039;Estran - Festival Escales Photos\" \/>\n<meta property=\"og:description\" content=\"L&#039;exposition photos de Katel Mary \u00ab Petit peuple de l\u2019estran \u00bb nous rappelle que la richesse d\u2019un territoire est d\u2019autant plus fragile qu\u2019elle est\" \/>\n<meta property=\"og:url\" content=\"https:\/\/www.festival-escales-photos.fr\/index.php\/katel-mary-petit-peuple-de-lestran\/\" \/>\n<meta property=\"og:site_name\" content=\"Festival Escales Photos\" \/>\n<meta property=\"article:publisher\" content=\"https:\/\/www.facebook.com\/festivalescalesphotos\" \/>\n<meta property=\"article:modified_time\" content=\"2020-08-30T08:11:20+00:00\" \/>\n<meta property=\"og:image\" content=\"https:\/\/www.festival-escales-photos.fr\/wp-content\/uploads\/2019\/05\/expo-photo-petit-peuple-estran-Katel-Mary.jpg\" \/>\n\t<meta property=\"og:image:width\" content=\"2362\" \/>\n\t<meta property=\"og:image:height\" content=\"1574\" \/>\n\t<meta property=\"og:image:type\" content=\"image\/jpeg\" \/>\n<meta name=\"twitter:card\" content=\"summary_large_image\" \/>\n<meta name=\"twitter:label1\" content=\"Est. reading time\" \/>\n\t<meta name=\"twitter:data1\" content=\"1 minute\" \/>\n<script type=\"application\/ld+json\" class=\"yoast-schema-graph\">{\"@context\":\"https:\/\/schema.org\",\"@graph\":[{\"@type\":\"WebPage\",\"@id\":\"https:\/\/www.festival-escales-photos.fr\/index.php\/katel-mary-petit-peuple-de-lestran\/\",\"url\":\"https:\/\/www.festival-escales-photos.fr\/index.php\/katel-mary-petit-peuple-de-lestran\/\",\"name\":\"Katel Mary Petit Peuple de l'Estran - Festival Escales Photos\",\"isPartOf\":{\"@id\":\"http:\/\/www.festival-escales-photos.fr\/#website\"},\"primaryImageOfPage\":{\"@id\":\"https:\/\/www.festival-escales-photos.fr\/index.php\/katel-mary-petit-peuple-de-lestran\/#primaryimage\"},\"image\":{\"@id\":\"https:\/\/www.festival-escales-photos.fr\/index.php\/katel-mary-petit-peuple-de-lestran\/#primaryimage\"},\"thumbnailUrl\":\"https:\/\/www.festival-escales-photos.fr\/wp-content\/uploads\/2019\/05\/expo-photo-petit-peuple-estran-Katel-Mary.jpg\",\"datePublished\":\"2019-05-16T20:27:20+00:00\",\"dateModified\":\"2020-08-30T08:11:20+00:00\",\"description\":\"L'exposition photos de Katel Mary \u00ab Petit peuple de l\u2019estran \u00bb nous rappelle que la richesse d\u2019un territoire est d\u2019autant plus fragile qu\u2019elle est\",\"breadcrumb\":{\"@id\":\"https:\/\/www.festival-escales-photos.fr\/index.php\/katel-mary-petit-peuple-de-lestran\/#breadcrumb\"},\"inLanguage\":\"en-US\",\"potentialAction\":[{\"@type\":\"ReadAction\",\"target\":[\"https:\/\/www.festival-escales-photos.fr\/index.php\/katel-mary-petit-peuple-de-lestran\/\"]}]},{\"@type\":\"ImageObject\",\"inLanguage\":\"en-US\",\"@id\":\"https:\/\/www.festival-escales-photos.fr\/index.php\/katel-mary-petit-peuple-de-lestran\/#primaryimage\",\"url\":\"https:\/\/www.festival-escales-photos.fr\/wp-content\/uploads\/2019\/05\/expo-photo-petit-peuple-estran-Katel-Mary.jpg\",\"contentUrl\":\"https:\/\/www.festival-escales-photos.fr\/wp-content\/uploads\/2019\/05\/expo-photo-petit-peuple-estran-Katel-Mary.jpg\",\"width\":2362,\"height\":1574,\"caption\":\"expo photo le peuple de l'estran\"},{\"@type\":\"BreadcrumbList\",\"@id\":\"https:\/\/www.festival-escales-photos.fr\/index.php\/katel-mary-petit-peuple-de-lestran\/#breadcrumb\",\"itemListElement\":[{\"@type\":\"ListItem\",\"position\":1,\"name\":\"Accueil\",\"item\":\"http:\/\/www.festival-escales-photos.fr\/\"},{\"@type\":\"ListItem\",\"position\":2,\"name\":\"Katel Mary Petit Peuple de l&#8217;Estran\"}]},{\"@type\":\"WebSite\",\"@id\":\"http:\/\/www.festival-escales-photos.fr\/#website\",\"url\":\"http:\/\/www.festival-escales-photos.fr\/\",\"name\":\"Festival Escales Photos\",\"description\":\"\",\"publisher\":{\"@id\":\"http:\/\/www.festival-escales-photos.fr\/#organization\"},\"potentialAction\":[{\"@type\":\"SearchAction\",\"target\":{\"@type\":\"EntryPoint\",\"urlTemplate\":\"http:\/\/www.festival-escales-photos.fr\/?s={search_term_string}\"},\"query-input\":{\"@type\":\"PropertyValueSpecification\",\"valueRequired\":true,\"valueName\":\"search_term_string\"}}],\"inLanguage\":\"en-US\"},{\"@type\":\"Organization\",\"@id\":\"http:\/\/www.festival-escales-photos.fr\/#organization\",\"name\":\"Festival Escales Photos\",\"url\":\"http:\/\/www.festival-escales-photos.fr\/\",\"logo\":{\"@type\":\"ImageObject\",\"inLanguage\":\"en-US\",\"@id\":\"http:\/\/www.festival-escales-photos.fr\/#\/schema\/logo\/image\/\",\"url\":\"http:\/\/www.festival-escales-photos.fr\/wp-content\/uploads\/2019\/04\/icone-escales-photos-56.jpg\",\"contentUrl\":\"http:\/\/www.festival-escales-photos.fr\/wp-content\/uploads\/2019\/04\/icone-escales-photos-56.jpg\",\"width\":512,\"height\":362,\"caption\":\"Festival Escales Photos\"},\"image\":{\"@id\":\"http:\/\/www.festival-escales-photos.fr\/#\/schema\/logo\/image\/\"},\"sameAs\":[\"https:\/\/www.facebook.com\/festivalescalesphotos\",\"https:\/\/www.instagram.com\/festivalescalesphotos\/\"]}]}<\/script>\n<!-- \/ Yoast SEO plugin. -->","yoast_head_json":{"title":"Katel Mary Petit Peuple de l'Estran - Festival Escales Photos","description":"L'exposition photos de Katel Mary \u00ab Petit peuple de l\u2019estran \u00bb nous rappelle que la richesse d\u2019un territoire est d\u2019autant plus fragile qu\u2019elle est","robots":{"index":"index","follow":"follow","max-snippet":"max-snippet:-1","max-image-preview":"max-image-preview:large","max-video-preview":"max-video-preview:-1"},"canonical":"https:\/\/www.festival-escales-photos.fr\/index.php\/katel-mary-petit-peuple-de-lestran\/","og_locale":"en_US","og_type":"article","og_title":"Katel Mary Petit Peuple de l'Estran - Festival Escales Photos","og_description":"L'exposition photos de Katel Mary \u00ab Petit peuple de l\u2019estran \u00bb nous rappelle que la richesse d\u2019un territoire est d\u2019autant plus fragile qu\u2019elle est","og_url":"https:\/\/www.festival-escales-photos.fr\/index.php\/katel-mary-petit-peuple-de-lestran\/","og_site_name":"Festival Escales Photos","article_publisher":"https:\/\/www.facebook.com\/festivalescalesphotos","article_modified_time":"2020-08-30T08:11:20+00:00","og_image":[{"width":2362,"height":1574,"url":"https:\/\/www.festival-escales-photos.fr\/wp-content\/uploads\/2019\/05\/expo-photo-petit-peuple-estran-Katel-Mary.jpg","type":"image\/jpeg"}],"twitter_card":"summary_large_image","twitter_misc":{"Est. reading time":"1 minute"},"schema":{"@context":"https:\/\/schema.org","@graph":[{"@type":"WebPage","@id":"https:\/\/www.festival-escales-photos.fr\/index.php\/katel-mary-petit-peuple-de-lestran\/","url":"https:\/\/www.festival-escales-photos.fr\/index.php\/katel-mary-petit-peuple-de-lestran\/","name":"Katel Mary Petit Peuple de l'Estran - Festival Escales Photos","isPartOf":{"@id":"http:\/\/www.festival-escales-photos.fr\/#website"},"primaryImageOfPage":{"@id":"https:\/\/www.festival-escales-photos.fr\/index.php\/katel-mary-petit-peuple-de-lestran\/#primaryimage"},"image":{"@id":"https:\/\/www.festival-escales-photos.fr\/index.php\/katel-mary-petit-peuple-de-lestran\/#primaryimage"},"thumbnailUrl":"https:\/\/www.festival-escales-photos.fr\/wp-content\/uploads\/2019\/05\/expo-photo-petit-peuple-estran-Katel-Mary.jpg","datePublished":"2019-05-16T20:27:20+00:00","dateModified":"2020-08-30T08:11:20+00:00","description":"L'exposition photos de Katel Mary \u00ab Petit peuple de l\u2019estran \u00bb nous rappelle que la richesse d\u2019un territoire est d\u2019autant plus fragile qu\u2019elle est","breadcrumb":{"@id":"https:\/\/www.festival-escales-photos.fr\/index.php\/katel-mary-petit-peuple-de-lestran\/#breadcrumb"},"inLanguage":"en-US","potentialAction":[{"@type":"ReadAction","target":["https:\/\/www.festival-escales-photos.fr\/index.php\/katel-mary-petit-peuple-de-lestran\/"]}]},{"@type":"ImageObject","inLanguage":"en-US","@id":"https:\/\/www.festival-escales-photos.fr\/index.php\/katel-mary-petit-peuple-de-lestran\/#primaryimage","url":"https:\/\/www.festival-escales-photos.fr\/wp-content\/uploads\/2019\/05\/expo-photo-petit-peuple-estran-Katel-Mary.jpg","contentUrl":"https:\/\/www.festival-escales-photos.fr\/wp-content\/uploads\/2019\/05\/expo-photo-petit-peuple-estran-Katel-Mary.jpg","width":2362,"height":1574,"caption":"expo photo le peuple de l'estran"},{"@type":"BreadcrumbList","@id":"https:\/\/www.festival-escales-photos.fr\/index.php\/katel-mary-petit-peuple-de-lestran\/#breadcrumb","itemListElement":[{"@type":"ListItem","position":1,"name":"Accueil","item":"http:\/\/www.festival-escales-photos.fr\/"},{"@type":"ListItem","position":2,"name":"Katel Mary Petit Peuple de l&#8217;Estran"}]},{"@type":"WebSite","@id":"http:\/\/www.festival-escales-photos.fr\/#website","url":"http:\/\/www.festival-escales-photos.fr\/","name":"Festival Escales Photos","description":"","publisher":{"@id":"http:\/\/www.festival-escales-photos.fr\/#organization"},"potentialAction":[{"@type":"SearchAction","target":{"@type":"EntryPoint","urlTemplate":"http:\/\/www.festival-escales-photos.fr\/?s={search_term_string}"},"query-input":{"@type":"PropertyValueSpecification","valueRequired":true,"valueName":"search_term_string"}}],"inLanguage":"en-US"},{"@type":"Organization","@id":"http:\/\/www.festival-escales-photos.fr\/#organization","name":"Festival Escales Photos","url":"http:\/\/www.festival-escales-photos.fr\/","logo":{"@type":"ImageObject","inLanguage":"en-US","@id":"http:\/\/www.festival-escales-photos.fr\/#\/schema\/logo\/image\/","url":"http:\/\/www.festival-escales-photos.fr\/wp-content\/uploads\/2019\/04\/icone-escales-photos-56.jpg","contentUrl":"http:\/\/www.festival-escales-photos.fr\/wp-content\/uploads\/2019\/04\/icone-escales-photos-56.jpg","width":512,"height":362,"caption":"Festival Escales Photos"},"image":{"@id":"http:\/\/www.festival-escales-photos.fr\/#\/schema\/logo\/image\/"},"sameAs":["https:\/\/www.facebook.com\/festivalescalesphotos","https:\/\/www.instagram.com\/festivalescalesphotos\/"]}]}},"_links":{"self":[{"href":"https:\/\/www.festival-escales-photos.fr\/index.php\/wp-json\/wp\/v2\/pages\/1358","targetHints":{"allow":["GET"]}}],"collection":[{"href":"https:\/\/www.festival-escales-photos.fr\/index.php\/wp-json\/wp\/v2\/pages"}],"about":[{"href":"https:\/\/www.festival-escales-photos.fr\/index.php\/wp-json\/wp\/v2\/types\/page"}],"author":[{"embeddable":true,"href":"https:\/\/www.festival-escales-photos.fr\/index.php\/wp-json\/wp\/v2\/users\/1"}],"replies":[{"embeddable":true,"href":"https:\/\/www.festival-escales-photos.fr\/index.php\/wp-json\/wp\/v2\/comments?post=1358"}],"version-history":[{"count":7,"href":"https:\/\/www.festival-escales-photos.fr\/index.php\/wp-json\/wp\/v2\/pages\/1358\/revisions"}],"predecessor-version":[{"id":2131,"href":"https:\/\/www.festival-escales-photos.fr\/index.php\/wp-json\/wp\/v2\/pages\/1358\/revisions\/2131"}],"wp:featuredmedia":[{"embeddable":true,"href":"https:\/\/www.festival-escales-photos.fr\/index.php\/wp-json\/wp\/v2\/media\/663"}],"wp:attachment":[{"href":"https:\/\/www.festival-escales-photos.fr\/index.php\/wp-json\/wp\/v2\/media?parent=1358"}],"curies":[{"name":"wp","href":"https:\/\/api.w.org\/{rel}","templated":true}]}}