{"id":2256,"date":"2021-03-26T15:42:00","date_gmt":"2021-03-26T14:42:00","guid":{"rendered":"http:\/\/www.festival-escales-photos.fr\/?page_id=2256"},"modified":"2025-06-16T19:13:16","modified_gmt":"2025-06-16T17:13:16","slug":"erwan-amice-skiant-ar-mor","status":"publish","type":"page","link":"https:\/\/www.festival-escales-photos.fr\/index.php\/erwan-amice-skiant-ar-mor\/","title":{"rendered":"Erwan Amice Skiant Ar Mor"},"content":{"rendered":"\t\t<div data-elementor-type=\"wp-page\" data-elementor-id=\"2256\" class=\"elementor elementor-2256\">\n\t\t\t\t\t\t<section class=\"elementor-section elementor-top-section elementor-element elementor-element-1943ce71 elementor-section-boxed elementor-section-height-default elementor-section-height-default\" data-id=\"1943ce71\" data-element_type=\"section\">\n\t\t\t\t\t\t<div class=\"elementor-container elementor-column-gap-default\">\n\t\t\t\t\t<div class=\"elementor-column elementor-col-100 elementor-top-column elementor-element elementor-element-75672cd5\" data-id=\"75672cd5\" data-element_type=\"column\">\n\t\t\t<div class=\"elementor-widget-wrap elementor-element-populated\">\n\t\t\t\t\t\t<div class=\"elementor-element elementor-element-1ef966a9 elementor-widget elementor-widget-heading\" data-id=\"1ef966a9\" data-element_type=\"widget\" data-widget_type=\"heading.default\">\n\t\t\t\t<div class=\"elementor-widget-container\">\n\t\t\t\t\t<h2 class=\"elementor-heading-title elementor-size-large\">Erwan Amice<\/h2>\t\t\t\t<\/div>\n\t\t\t\t<\/div>\n\t\t\t\t\t<\/div>\n\t\t<\/div>\n\t\t\t\t\t<\/div>\n\t\t<\/section>\n\t\t\t\t<section class=\"elementor-section elementor-top-section elementor-element elementor-element-7df1a4d9 elementor-section-boxed elementor-section-height-default elementor-section-height-default\" data-id=\"7df1a4d9\" data-element_type=\"section\">\n\t\t\t\t\t\t<div class=\"elementor-container elementor-column-gap-default\">\n\t\t\t\t\t<div class=\"elementor-column elementor-col-100 elementor-top-column elementor-element elementor-element-11130c88\" data-id=\"11130c88\" data-element_type=\"column\">\n\t\t\t<div class=\"elementor-widget-wrap elementor-element-populated\">\n\t\t\t\t\t\t<section class=\"elementor-section elementor-inner-section elementor-element elementor-element-5eba8c06 elementor-section-boxed elementor-section-height-default elementor-section-height-default\" data-id=\"5eba8c06\" data-element_type=\"section\">\n\t\t\t\t\t\t<div class=\"elementor-container elementor-column-gap-default\">\n\t\t\t\t\t<div class=\"elementor-column elementor-col-50 elementor-inner-column elementor-element elementor-element-55debc63\" data-id=\"55debc63\" data-element_type=\"column\">\n\t\t\t<div class=\"elementor-widget-wrap elementor-element-populated\">\n\t\t\t\t\t\t<div class=\"elementor-element elementor-element-5f2e073c elementor-widget elementor-widget-image\" data-id=\"5f2e073c\" data-element_type=\"widget\" data-widget_type=\"image.default\">\n\t\t\t\t<div class=\"elementor-widget-container\">\n\t\t\t\t\t\t\t\t\t\t\t\t\t\t\t<img fetchpriority=\"high\" decoding=\"async\" width=\"212\" height=\"300\" src=\"https:\/\/www.festival-escales-photos.fr\/wp-content\/uploads\/2019\/05\/portrait-photographe-erwan-amice-1-212x300.jpg\" class=\"attachment-medium size-medium wp-image-921\" alt=\"Portrait du photographe Erwan Amice\" srcset=\"https:\/\/www.festival-escales-photos.fr\/wp-content\/uploads\/2019\/05\/portrait-photographe-erwan-amice-1-212x300.jpg 212w, https:\/\/www.festival-escales-photos.fr\/wp-content\/uploads\/2019\/05\/portrait-photographe-erwan-amice-1-768x1088.jpg 768w, https:\/\/www.festival-escales-photos.fr\/wp-content\/uploads\/2019\/05\/portrait-photographe-erwan-amice-1-723x1024.jpg 723w\" sizes=\"(max-width: 212px) 100vw, 212px\" \/>\t\t\t\t\t\t\t\t\t\t\t\t\t\t\t<\/div>\n\t\t\t\t<\/div>\n\t\t\t\t\t<\/div>\n\t\t<\/div>\n\t\t\t\t<div class=\"elementor-column elementor-col-50 elementor-inner-column elementor-element elementor-element-70c767f7\" data-id=\"70c767f7\" data-element_type=\"column\">\n\t\t\t<div class=\"elementor-widget-wrap elementor-element-populated\">\n\t\t\t\t\t\t<div class=\"elementor-element elementor-element-3aff833c elementor-widget elementor-widget-heading\" data-id=\"3aff833c\" data-element_type=\"widget\" data-widget_type=\"heading.default\">\n\t\t\t\t<div class=\"elementor-widget-container\">\n\t\t\t\t\t<h2 class=\"elementor-heading-title elementor-size-default\">Le portrait du photographe<\/h2>\t\t\t\t<\/div>\n\t\t\t\t<\/div>\n\t\t\t\t<div class=\"elementor-element elementor-element-6b303752 elementor-widget elementor-widget-spacer\" data-id=\"6b303752\" data-element_type=\"widget\" data-widget_type=\"spacer.default\">\n\t\t\t\t<div class=\"elementor-widget-container\">\n\t\t\t\t\t\t\t<div class=\"elementor-spacer\">\n\t\t\t<div class=\"elementor-spacer-inner\"><\/div>\n\t\t<\/div>\n\t\t\t\t\t\t<\/div>\n\t\t\t\t<\/div>\n\t\t\t\t<div class=\"elementor-element elementor-element-57a56abd elementor-widget elementor-widget-text-editor\" data-id=\"57a56abd\" data-element_type=\"widget\" data-widget_type=\"text-editor.default\">\n\t\t\t\t<div class=\"elementor-widget-container\">\n\t\t\t\t\t\t\t\t\t<p>Marin, plongeur ou photographe\u2026 et pourquoi pas les trois ? Les oc\u00e9ans, les mers \u00e0 travers un objectif, depuis plus de 20 ans, c\u2019est ce qui porte Erwan Amice sur l\u2019eau, sous l\u2019eau et aux quatre coins du monde afin de trouver le meilleur angle de vue. Natif de Belle-\u00cele-en-Mer, il a vou\u00e9 son existence a\u0300 la Grande bleue aux reflets d\u2019\u00e9meraude\u2026 Apr\u00e8s avoir \u00e9t\u00e9 form\u00e9 a\u0300 la rigueur de la Marine Nationale, rayon \u00ab plongeur d\u00e9mineur \u00bb, il choisit de se reconvertir pour go\u00fbter \u00e0 la qu\u00eate scientifique. Le CNRS l\u2019accueille \u00e0 partir de 2002. Mais avant d\u2019atteindre les joyaux de la nature, il travaille en amont pour pr\u00e9parer des missions scientifiques \u00e0 l\u2019Institut Universitaire Europ\u00e9en de la Mer implant\u00e9 non loin de Brest. Entre zones tropicales, temp\u00e9r\u00e9es et polaires\u2026 son c\u0153ur balance.<\/p>\t\t\t\t\t\t\t\t<\/div>\n\t\t\t\t<\/div>\n\t\t\t\t\t<\/div>\n\t\t<\/div>\n\t\t\t\t\t<\/div>\n\t\t<\/section>\n\t\t\t\t\t<\/div>\n\t\t<\/div>\n\t\t\t\t\t<\/div>\n\t\t<\/section>\n\t\t\t\t<section class=\"elementor-section elementor-top-section elementor-element elementor-element-24082df2 elementor-section-boxed elementor-section-height-default elementor-section-height-default\" data-id=\"24082df2\" data-element_type=\"section\">\n\t\t\t\t\t\t<div class=\"elementor-container elementor-column-gap-default\">\n\t\t\t\t\t<div class=\"elementor-column elementor-col-100 elementor-top-column elementor-element elementor-element-70935bb\" data-id=\"70935bb\" data-element_type=\"column\">\n\t\t\t<div class=\"elementor-widget-wrap elementor-element-populated\">\n\t\t\t\t\t\t<div class=\"elementor-element elementor-element-2f430a2 elementor-widget elementor-widget-heading\" data-id=\"2f430a2\" data-element_type=\"widget\" data-widget_type=\"heading.default\">\n\t\t\t\t<div class=\"elementor-widget-container\">\n\t\t\t\t\t<span class=\"elementor-heading-title elementor-size-large\">Skiant Ar Mor<\/span>\t\t\t\t<\/div>\n\t\t\t\t<\/div>\n\t\t\t\t<div class=\"elementor-element elementor-element-4719c319 elementor-widget elementor-widget-image\" data-id=\"4719c319\" data-element_type=\"widget\" data-widget_type=\"image.default\">\n\t\t\t\t<div class=\"elementor-widget-container\">\n\t\t\t\t\t\t\t\t\t\t\t\t\t\t\t<img decoding=\"async\" width=\"1024\" height=\"683\" src=\"https:\/\/www.festival-escales-photos.fr\/wp-content\/uploads\/2020\/05\/photo-marine-cnrs-1024x683.jpg\" class=\"attachment-large size-large wp-image-1992\" alt=\"photo marine du CNRS\" srcset=\"https:\/\/www.festival-escales-photos.fr\/wp-content\/uploads\/2020\/05\/photo-marine-cnrs-1024x683.jpg 1024w, https:\/\/www.festival-escales-photos.fr\/wp-content\/uploads\/2020\/05\/photo-marine-cnrs-300x200.jpg 300w, https:\/\/www.festival-escales-photos.fr\/wp-content\/uploads\/2020\/05\/photo-marine-cnrs-768x512.jpg 768w, https:\/\/www.festival-escales-photos.fr\/wp-content\/uploads\/2020\/05\/photo-marine-cnrs-1536x1024.jpg 1536w, https:\/\/www.festival-escales-photos.fr\/wp-content\/uploads\/2020\/05\/photo-marine-cnrs-2048x1366.jpg 2048w\" sizes=\"(max-width: 1024px) 100vw, 1024px\" \/>\t\t\t\t\t\t\t\t\t\t\t\t\t\t\t<\/div>\n\t\t\t\t<\/div>\n\t\t\t\t<div class=\"elementor-element elementor-element-4d36eebd elementor-widget elementor-widget-text-editor\" data-id=\"4d36eebd\" data-element_type=\"widget\" data-widget_type=\"text-editor.default\">\n\t\t\t\t<div class=\"elementor-widget-container\">\n\t\t\t\t\t\t\t\t\t<div class=\"page\" title=\"Page 27\"><div class=\"section\"><div class=\"layoutArea\"><div class=\"column\"><p>Moins connu pour ses activite\u0301s en recherches marines que celles du nautisme, de l\u2019ostre\u0301iculture ou de la pe\u0302che co\u0302tie\u0300re, le Mor Braz connai\u0302t cependant des travaux re\u0301guliers en Sciences de la mer. En effet, des e\u0301quipes de chercheurs d\u2019organismes d\u2019e\u0301tat mais aussi de bureaux d\u2019e\u0301tudes en environnement travaillent toute l\u2019anne\u0301e dans cette zone maritime tre\u0300s particulie\u0300re. Ce milieu qui subit de fortes pressions d\u2019origine humaine, doit e\u0302tre mieux connu pour mieux le pre\u0301server. Erwan Amice nous fait de\u0301couvrir au travers de ses images 2 acteurs majeurs de la biodiversite\u0301 marine en Mor Braz que sont la coquille Saint-Jacques et les bancs de Mae\u0308rl. Il nous emme\u0300ne ensuite a\u0300 la de\u0301couverte de la bio- acoustique en baie de Quiberon.<\/p><\/div><\/div><\/div><\/div>\t\t\t\t\t\t\t\t<\/div>\n\t\t\t\t<\/div>\n\t\t\t\t<div class=\"elementor-element elementor-element-1adfea17 elementor-align-center elementor-widget elementor-widget-button\" data-id=\"1adfea17\" data-element_type=\"widget\" data-widget_type=\"button.default\">\n\t\t\t\t<div class=\"elementor-widget-container\">\n\t\t\t\t\t\t\t\t\t<div class=\"elementor-button-wrapper\">\n\t\t\t\t\t<a class=\"elementor-button elementor-button-link elementor-size-sm\" href=\"http:\/\/e.amice.free.fr\/\">\n\t\t\t\t\t\t<span class=\"elementor-button-content-wrapper\">\n\t\t\t\t\t\t\t\t\t<span class=\"elementor-button-text\">En savoir + sur Erwan Amice<\/span>\n\t\t\t\t\t<\/span>\n\t\t\t\t\t<\/a>\n\t\t\t\t<\/div>\n\t\t\t\t\t\t\t\t<\/div>\n\t\t\t\t<\/div>\n\t\t\t\t\t<\/div>\n\t\t<\/div>\n\t\t\t\t\t<\/div>\n\t\t<\/section>\n\t\t\t\t<\/div>\n\t\t","protected":false},"excerpt":{"rendered":"<p>Erwan Amice Le portrait du photographe Marin, plongeur ou photographe\u2026 et pourquoi pas les trois ? Les oc\u00e9ans, les mers \u00e0 travers un objectif, depuis plus de 20 ans, c\u2019est ce qui porte Erwan Amice sur l\u2019eau, sous l\u2019eau et aux quatre coins du monde afin de trouver le meilleur angle de vue. Natif de [&hellip;]<\/p>\n","protected":false},"author":1,"featured_media":0,"parent":0,"menu_order":0,"comment_status":"closed","ping_status":"closed","template":"","meta":{"_monsterinsights_skip_tracking":false,"_monsterinsights_sitenote_active":false,"_monsterinsights_sitenote_note":"","_monsterinsights_sitenote_category":0,"ocean_post_layout":"","ocean_both_sidebars_style":"","ocean_both_sidebars_content_width":0,"ocean_both_sidebars_sidebars_width":0,"ocean_sidebar":"","ocean_second_sidebar":"","ocean_disable_margins":"enable","ocean_add_body_class":"","ocean_shortcode_before_top_bar":"","ocean_shortcode_after_top_bar":"","ocean_shortcode_before_header":"","ocean_shortcode_after_header":"","ocean_has_shortcode":"","ocean_shortcode_after_title":"","ocean_shortcode_before_footer_widgets":"","ocean_shortcode_after_footer_widgets":"","ocean_shortcode_before_footer_bottom":"","ocean_shortcode_after_footer_bottom":"","ocean_display_top_bar":"default","ocean_display_header":"default","ocean_header_style":"","ocean_center_header_left_menu":"","ocean_custom_header_template":"","ocean_custom_logo":0,"ocean_custom_retina_logo":0,"ocean_custom_logo_max_width":0,"ocean_custom_logo_tablet_max_width":0,"ocean_custom_logo_mobile_max_width":0,"ocean_custom_logo_max_height":0,"ocean_custom_logo_tablet_max_height":0,"ocean_custom_logo_mobile_max_height":0,"ocean_header_custom_menu":"","ocean_menu_typo_font_family":"","ocean_menu_typo_font_subset":"","ocean_menu_typo_font_size":0,"ocean_menu_typo_font_size_tablet":0,"ocean_menu_typo_font_size_mobile":0,"ocean_menu_typo_font_size_unit":"px","ocean_menu_typo_font_weight":"","ocean_menu_typo_font_weight_tablet":"","ocean_menu_typo_font_weight_mobile":"","ocean_menu_typo_transform":"","ocean_menu_typo_transform_tablet":"","ocean_menu_typo_transform_mobile":"","ocean_menu_typo_line_height":0,"ocean_menu_typo_line_height_tablet":0,"ocean_menu_typo_line_height_mobile":0,"ocean_menu_typo_line_height_unit":"","ocean_menu_typo_spacing":0,"ocean_menu_typo_spacing_tablet":0,"ocean_menu_typo_spacing_mobile":0,"ocean_menu_typo_spacing_unit":"","ocean_menu_link_color":"","ocean_menu_link_color_hover":"","ocean_menu_link_color_active":"","ocean_menu_link_background":"","ocean_menu_link_hover_background":"","ocean_menu_link_active_background":"","ocean_menu_social_links_bg":"","ocean_menu_social_hover_links_bg":"","ocean_menu_social_links_color":"","ocean_menu_social_hover_links_color":"","ocean_disable_title":"default","ocean_disable_heading":"default","ocean_post_title":"","ocean_post_subheading":"","ocean_post_title_style":"","ocean_post_title_background_color":"","ocean_post_title_background":0,"ocean_post_title_bg_image_position":"","ocean_post_title_bg_image_attachment":"","ocean_post_title_bg_image_repeat":"","ocean_post_title_bg_image_size":"","ocean_post_title_height":0,"ocean_post_title_bg_overlay":0.5,"ocean_post_title_bg_overlay_color":"","ocean_disable_breadcrumbs":"default","ocean_breadcrumbs_color":"","ocean_breadcrumbs_separator_color":"","ocean_breadcrumbs_links_color":"","ocean_breadcrumbs_links_hover_color":"","ocean_display_footer_widgets":"default","ocean_display_footer_bottom":"default","ocean_custom_footer_template":"","footnotes":""},"class_list":["post-2256","page","type-page","status-publish","hentry","entry"],"yoast_head":"<!-- This site is optimized with the Yoast SEO plugin v25.7 - https:\/\/yoast.com\/wordpress\/plugins\/seo\/ -->\n<title>Erwan Amice Skiant Ar Mor - Festival Escales Photos<\/title>\n<meta name=\"robots\" content=\"index, follow, max-snippet:-1, max-image-preview:large, max-video-preview:-1\" \/>\n<link rel=\"canonical\" href=\"http:\/\/www.festival-escales-photos.fr\/index.php\/erwan-amice-skiant-ar-mor\/\" \/>\n<meta property=\"og:locale\" content=\"en_US\" \/>\n<meta property=\"og:type\" content=\"article\" \/>\n<meta property=\"og:title\" content=\"Erwan Amice Skiant Ar Mor - Festival Escales Photos\" \/>\n<meta property=\"og:description\" content=\"Erwan Amice Le portrait du photographe Marin, plongeur ou photographe\u2026 et pourquoi pas les trois ? Les oc\u00e9ans, les mers \u00e0 travers un objectif, depuis plus de 20 ans, c\u2019est ce qui porte Erwan Amice sur l\u2019eau, sous l\u2019eau et aux quatre coins du monde afin de trouver le meilleur angle de vue. Natif de [&hellip;]\" \/>\n<meta property=\"og:url\" content=\"http:\/\/www.festival-escales-photos.fr\/index.php\/erwan-amice-skiant-ar-mor\/\" \/>\n<meta property=\"og:site_name\" content=\"Festival Escales Photos\" \/>\n<meta property=\"article:publisher\" content=\"https:\/\/www.facebook.com\/festivalescalesphotos\" \/>\n<meta property=\"article:modified_time\" content=\"2025-06-16T17:13:16+00:00\" \/>\n<meta property=\"og:image\" content=\"http:\/\/www.festival-escales-photos.fr\/wp-content\/uploads\/2019\/05\/portrait-photographe-erwan-amice-1-212x300.jpg\" \/>\n<meta name=\"twitter:card\" content=\"summary_large_image\" \/>\n<meta name=\"twitter:label1\" content=\"Est. reading time\" \/>\n\t<meta name=\"twitter:data1\" content=\"2 minutes\" \/>\n<script type=\"application\/ld+json\" class=\"yoast-schema-graph\">{\"@context\":\"https:\/\/schema.org\",\"@graph\":[{\"@type\":\"WebPage\",\"@id\":\"http:\/\/www.festival-escales-photos.fr\/index.php\/erwan-amice-skiant-ar-mor\/\",\"url\":\"http:\/\/www.festival-escales-photos.fr\/index.php\/erwan-amice-skiant-ar-mor\/\",\"name\":\"Erwan Amice Skiant Ar Mor - Festival Escales Photos\",\"isPartOf\":{\"@id\":\"http:\/\/www.festival-escales-photos.fr\/#website\"},\"primaryImageOfPage\":{\"@id\":\"http:\/\/www.festival-escales-photos.fr\/index.php\/erwan-amice-skiant-ar-mor\/#primaryimage\"},\"image\":{\"@id\":\"http:\/\/www.festival-escales-photos.fr\/index.php\/erwan-amice-skiant-ar-mor\/#primaryimage\"},\"thumbnailUrl\":\"http:\/\/www.festival-escales-photos.fr\/wp-content\/uploads\/2019\/05\/portrait-photographe-erwan-amice-1-212x300.jpg\",\"datePublished\":\"2021-03-26T14:42:00+00:00\",\"dateModified\":\"2025-06-16T17:13:16+00:00\",\"breadcrumb\":{\"@id\":\"http:\/\/www.festival-escales-photos.fr\/index.php\/erwan-amice-skiant-ar-mor\/#breadcrumb\"},\"inLanguage\":\"en-US\",\"potentialAction\":[{\"@type\":\"ReadAction\",\"target\":[\"http:\/\/www.festival-escales-photos.fr\/index.php\/erwan-amice-skiant-ar-mor\/\"]}]},{\"@type\":\"ImageObject\",\"inLanguage\":\"en-US\",\"@id\":\"http:\/\/www.festival-escales-photos.fr\/index.php\/erwan-amice-skiant-ar-mor\/#primaryimage\",\"url\":\"https:\/\/www.festival-escales-photos.fr\/wp-content\/uploads\/2019\/05\/portrait-photographe-erwan-amice-1.jpg\",\"contentUrl\":\"https:\/\/www.festival-escales-photos.fr\/wp-content\/uploads\/2019\/05\/portrait-photographe-erwan-amice-1.jpg\",\"width\":2497,\"height\":3538,\"caption\":\"Portrait du photographe Erwan Amice\"},{\"@type\":\"BreadcrumbList\",\"@id\":\"http:\/\/www.festival-escales-photos.fr\/index.php\/erwan-amice-skiant-ar-mor\/#breadcrumb\",\"itemListElement\":[{\"@type\":\"ListItem\",\"position\":1,\"name\":\"Accueil\",\"item\":\"http:\/\/www.festival-escales-photos.fr\/\"},{\"@type\":\"ListItem\",\"position\":2,\"name\":\"Erwan Amice Skiant Ar Mor\"}]},{\"@type\":\"WebSite\",\"@id\":\"http:\/\/www.festival-escales-photos.fr\/#website\",\"url\":\"http:\/\/www.festival-escales-photos.fr\/\",\"name\":\"Festival Escales Photos\",\"description\":\"\",\"publisher\":{\"@id\":\"http:\/\/www.festival-escales-photos.fr\/#organization\"},\"potentialAction\":[{\"@type\":\"SearchAction\",\"target\":{\"@type\":\"EntryPoint\",\"urlTemplate\":\"http:\/\/www.festival-escales-photos.fr\/?s={search_term_string}\"},\"query-input\":{\"@type\":\"PropertyValueSpecification\",\"valueRequired\":true,\"valueName\":\"search_term_string\"}}],\"inLanguage\":\"en-US\"},{\"@type\":\"Organization\",\"@id\":\"http:\/\/www.festival-escales-photos.fr\/#organization\",\"name\":\"Festival Escales Photos\",\"url\":\"http:\/\/www.festival-escales-photos.fr\/\",\"logo\":{\"@type\":\"ImageObject\",\"inLanguage\":\"en-US\",\"@id\":\"http:\/\/www.festival-escales-photos.fr\/#\/schema\/logo\/image\/\",\"url\":\"http:\/\/www.festival-escales-photos.fr\/wp-content\/uploads\/2019\/04\/icone-escales-photos-56.jpg\",\"contentUrl\":\"http:\/\/www.festival-escales-photos.fr\/wp-content\/uploads\/2019\/04\/icone-escales-photos-56.jpg\",\"width\":512,\"height\":362,\"caption\":\"Festival Escales Photos\"},\"image\":{\"@id\":\"http:\/\/www.festival-escales-photos.fr\/#\/schema\/logo\/image\/\"},\"sameAs\":[\"https:\/\/www.facebook.com\/festivalescalesphotos\",\"https:\/\/www.instagram.com\/festivalescalesphotos\/\"]}]}<\/script>\n<!-- \/ Yoast SEO plugin. -->","yoast_head_json":{"title":"Erwan Amice Skiant Ar Mor - Festival Escales Photos","robots":{"index":"index","follow":"follow","max-snippet":"max-snippet:-1","max-image-preview":"max-image-preview:large","max-video-preview":"max-video-preview:-1"},"canonical":"http:\/\/www.festival-escales-photos.fr\/index.php\/erwan-amice-skiant-ar-mor\/","og_locale":"en_US","og_type":"article","og_title":"Erwan Amice Skiant Ar Mor - Festival Escales Photos","og_description":"Erwan Amice Le portrait du photographe Marin, plongeur ou photographe\u2026 et pourquoi pas les trois ? Les oc\u00e9ans, les mers \u00e0 travers un objectif, depuis plus de 20 ans, c\u2019est ce qui porte Erwan Amice sur l\u2019eau, sous l\u2019eau et aux quatre coins du monde afin de trouver le meilleur angle de vue. Natif de [&hellip;]","og_url":"http:\/\/www.festival-escales-photos.fr\/index.php\/erwan-amice-skiant-ar-mor\/","og_site_name":"Festival Escales Photos","article_publisher":"https:\/\/www.facebook.com\/festivalescalesphotos","article_modified_time":"2025-06-16T17:13:16+00:00","og_image":[{"url":"http:\/\/www.festival-escales-photos.fr\/wp-content\/uploads\/2019\/05\/portrait-photographe-erwan-amice-1-212x300.jpg","type":"","width":"","height":""}],"twitter_card":"summary_large_image","twitter_misc":{"Est. reading time":"2 minutes"},"schema":{"@context":"https:\/\/schema.org","@graph":[{"@type":"WebPage","@id":"http:\/\/www.festival-escales-photos.fr\/index.php\/erwan-amice-skiant-ar-mor\/","url":"http:\/\/www.festival-escales-photos.fr\/index.php\/erwan-amice-skiant-ar-mor\/","name":"Erwan Amice Skiant Ar Mor - Festival Escales Photos","isPartOf":{"@id":"http:\/\/www.festival-escales-photos.fr\/#website"},"primaryImageOfPage":{"@id":"http:\/\/www.festival-escales-photos.fr\/index.php\/erwan-amice-skiant-ar-mor\/#primaryimage"},"image":{"@id":"http:\/\/www.festival-escales-photos.fr\/index.php\/erwan-amice-skiant-ar-mor\/#primaryimage"},"thumbnailUrl":"http:\/\/www.festival-escales-photos.fr\/wp-content\/uploads\/2019\/05\/portrait-photographe-erwan-amice-1-212x300.jpg","datePublished":"2021-03-26T14:42:00+00:00","dateModified":"2025-06-16T17:13:16+00:00","breadcrumb":{"@id":"http:\/\/www.festival-escales-photos.fr\/index.php\/erwan-amice-skiant-ar-mor\/#breadcrumb"},"inLanguage":"en-US","potentialAction":[{"@type":"ReadAction","target":["http:\/\/www.festival-escales-photos.fr\/index.php\/erwan-amice-skiant-ar-mor\/"]}]},{"@type":"ImageObject","inLanguage":"en-US","@id":"http:\/\/www.festival-escales-photos.fr\/index.php\/erwan-amice-skiant-ar-mor\/#primaryimage","url":"https:\/\/www.festival-escales-photos.fr\/wp-content\/uploads\/2019\/05\/portrait-photographe-erwan-amice-1.jpg","contentUrl":"https:\/\/www.festival-escales-photos.fr\/wp-content\/uploads\/2019\/05\/portrait-photographe-erwan-amice-1.jpg","width":2497,"height":3538,"caption":"Portrait du photographe Erwan Amice"},{"@type":"BreadcrumbList","@id":"http:\/\/www.festival-escales-photos.fr\/index.php\/erwan-amice-skiant-ar-mor\/#breadcrumb","itemListElement":[{"@type":"ListItem","position":1,"name":"Accueil","item":"http:\/\/www.festival-escales-photos.fr\/"},{"@type":"ListItem","position":2,"name":"Erwan Amice Skiant Ar Mor"}]},{"@type":"WebSite","@id":"http:\/\/www.festival-escales-photos.fr\/#website","url":"http:\/\/www.festival-escales-photos.fr\/","name":"Festival Escales Photos","description":"","publisher":{"@id":"http:\/\/www.festival-escales-photos.fr\/#organization"},"potentialAction":[{"@type":"SearchAction","target":{"@type":"EntryPoint","urlTemplate":"http:\/\/www.festival-escales-photos.fr\/?s={search_term_string}"},"query-input":{"@type":"PropertyValueSpecification","valueRequired":true,"valueName":"search_term_string"}}],"inLanguage":"en-US"},{"@type":"Organization","@id":"http:\/\/www.festival-escales-photos.fr\/#organization","name":"Festival Escales Photos","url":"http:\/\/www.festival-escales-photos.fr\/","logo":{"@type":"ImageObject","inLanguage":"en-US","@id":"http:\/\/www.festival-escales-photos.fr\/#\/schema\/logo\/image\/","url":"http:\/\/www.festival-escales-photos.fr\/wp-content\/uploads\/2019\/04\/icone-escales-photos-56.jpg","contentUrl":"http:\/\/www.festival-escales-photos.fr\/wp-content\/uploads\/2019\/04\/icone-escales-photos-56.jpg","width":512,"height":362,"caption":"Festival Escales Photos"},"image":{"@id":"http:\/\/www.festival-escales-photos.fr\/#\/schema\/logo\/image\/"},"sameAs":["https:\/\/www.facebook.com\/festivalescalesphotos","https:\/\/www.instagram.com\/festivalescalesphotos\/"]}]}},"_links":{"self":[{"href":"https:\/\/www.festival-escales-photos.fr\/index.php\/wp-json\/wp\/v2\/pages\/2256","targetHints":{"allow":["GET"]}}],"collection":[{"href":"https:\/\/www.festival-escales-photos.fr\/index.php\/wp-json\/wp\/v2\/pages"}],"about":[{"href":"https:\/\/www.festival-escales-photos.fr\/index.php\/wp-json\/wp\/v2\/types\/page"}],"author":[{"embeddable":true,"href":"https:\/\/www.festival-escales-photos.fr\/index.php\/wp-json\/wp\/v2\/users\/1"}],"replies":[{"embeddable":true,"href":"https:\/\/www.festival-escales-photos.fr\/index.php\/wp-json\/wp\/v2\/comments?post=2256"}],"version-history":[{"count":39,"href":"https:\/\/www.festival-escales-photos.fr\/index.php\/wp-json\/wp\/v2\/pages\/2256\/revisions"}],"predecessor-version":[{"id":4169,"href":"https:\/\/www.festival-escales-photos.fr\/index.php\/wp-json\/wp\/v2\/pages\/2256\/revisions\/4169"}],"wp:attachment":[{"href":"https:\/\/www.festival-escales-photos.fr\/index.php\/wp-json\/wp\/v2\/media?parent=2256"}],"curies":[{"name":"wp","href":"https:\/\/api.w.org\/{rel}","templated":true}]}}