{"id":2293,"date":"2021-03-26T16:04:11","date_gmt":"2021-03-26T15:04:11","guid":{"rendered":"http:\/\/www.festival-escales-photos.fr\/?page_id=2293"},"modified":"2021-03-26T16:47:52","modified_gmt":"2021-03-26T15:47:52","slug":"marc-joss-pecheur-de-reves","status":"publish","type":"page","link":"https:\/\/www.festival-escales-photos.fr\/index.php\/marc-joss-pecheur-de-reves\/","title":{"rendered":"Marc Joss P\u00eacheur de R\u00eaves"},"content":{"rendered":"\t\t<div data-elementor-type=\"wp-page\" data-elementor-id=\"2293\" class=\"elementor elementor-2293\">\n\t\t\t\t\t\t<section class=\"elementor-section elementor-top-section elementor-element elementor-element-67980cac elementor-section-boxed elementor-section-height-default elementor-section-height-default\" data-id=\"67980cac\" data-element_type=\"section\">\n\t\t\t\t\t\t<div class=\"elementor-container elementor-column-gap-default\">\n\t\t\t\t\t<div class=\"elementor-column elementor-col-100 elementor-top-column elementor-element elementor-element-7d93a969\" data-id=\"7d93a969\" data-element_type=\"column\">\n\t\t\t<div class=\"elementor-widget-wrap elementor-element-populated\">\n\t\t\t\t\t\t<div class=\"elementor-element elementor-element-40dffd97 elementor-widget elementor-widget-heading\" data-id=\"40dffd97\" data-element_type=\"widget\" data-widget_type=\"heading.default\">\n\t\t\t\t<div class=\"elementor-widget-container\">\n\t\t\t\t\t<h2 class=\"elementor-heading-title elementor-size-large\">Marc Josse<\/h2>\t\t\t\t<\/div>\n\t\t\t\t<\/div>\n\t\t\t\t<div class=\"elementor-element elementor-element-2050081a elementor-widget elementor-widget-heading\" data-id=\"2050081a\" data-element_type=\"widget\" data-widget_type=\"heading.default\">\n\t\t\t\t<div class=\"elementor-widget-container\">\n\t\t\t\t\t<h2 class=\"elementor-heading-title elementor-size-default\">Le portrait du photographe<\/h2>\t\t\t\t<\/div>\n\t\t\t\t<\/div>\n\t\t\t\t<div class=\"elementor-element elementor-element-7f70d6cb elementor-widget elementor-widget-text-editor\" data-id=\"7f70d6cb\" data-element_type=\"widget\" data-widget_type=\"text-editor.default\">\n\t\t\t\t<div class=\"elementor-widget-container\">\n\t\t\t\t\t\t\t\t\t<p>Les cordes de l\u2019arc photographique de ce coste-armoricain laissent songeurs ! Lors d\u2019un s\u00e9jour \u00e0 Vancouver, apr\u00e8s un passage par la Sorbonne et en \u00e9cole d\u2019art, Marc Josse commence sa carri\u00e8re de photographe. Il est repr\u00e9sent\u00e9 par la galerie Wallpepper \u00e0 Saint-Cast, Dinard et Paris<\/p>\t\t\t\t\t\t\t\t<\/div>\n\t\t\t\t<\/div>\n\t\t\t\t\t<\/div>\n\t\t<\/div>\n\t\t\t\t\t<\/div>\n\t\t<\/section>\n\t\t\t\t<section class=\"elementor-section elementor-top-section elementor-element elementor-element-234ed46 elementor-section-boxed elementor-section-height-default elementor-section-height-default\" data-id=\"234ed46\" data-element_type=\"section\">\n\t\t\t\t\t\t<div class=\"elementor-container elementor-column-gap-default\">\n\t\t\t\t\t<div class=\"elementor-column elementor-col-100 elementor-top-column elementor-element elementor-element-5b2ca011\" data-id=\"5b2ca011\" data-element_type=\"column\">\n\t\t\t<div class=\"elementor-widget-wrap elementor-element-populated\">\n\t\t\t\t\t\t<div class=\"elementor-element elementor-element-5e14503a elementor-widget elementor-widget-heading\" data-id=\"5e14503a\" data-element_type=\"widget\" data-widget_type=\"heading.default\">\n\t\t\t\t<div class=\"elementor-widget-container\">\n\t\t\t\t\t<span class=\"elementor-heading-title elementor-size-large\">P\u00eacheur de r\u00eaves<\/span>\t\t\t\t<\/div>\n\t\t\t\t<\/div>\n\t\t\t\t<div class=\"elementor-element elementor-element-44c8fc8d elementor-widget elementor-widget-image\" data-id=\"44c8fc8d\" data-element_type=\"widget\" data-widget_type=\"image.default\">\n\t\t\t\t<div class=\"elementor-widget-container\">\n\t\t\t\t\t\t\t\t\t\t\t\t\t\t\t<img fetchpriority=\"high\" decoding=\"async\" width=\"283\" height=\"425\" src=\"https:\/\/www.festival-escales-photos.fr\/wp-content\/uploads\/2020\/05\/festival-photo-bretagne.jpg\" class=\"attachment-large size-large wp-image-1906\" alt=\"festival photo en Bretagne\" srcset=\"https:\/\/www.festival-escales-photos.fr\/wp-content\/uploads\/2020\/05\/festival-photo-bretagne.jpg 283w, https:\/\/www.festival-escales-photos.fr\/wp-content\/uploads\/2020\/05\/festival-photo-bretagne-200x300.jpg 200w\" sizes=\"(max-width: 283px) 100vw, 283px\" \/>\t\t\t\t\t\t\t\t\t\t\t\t\t\t\t<\/div>\n\t\t\t\t<\/div>\n\t\t\t\t<div class=\"elementor-element elementor-element-232a822 elementor-widget elementor-widget-text-editor\" data-id=\"232a822\" data-element_type=\"widget\" data-widget_type=\"text-editor.default\">\n\t\t\t\t<div class=\"elementor-widget-container\">\n\t\t\t\t\t\t\t\t\t<p>Dans le sillage du travail men\u00e9 par Denis Bourges sur l\u2019ostr\u00e9iculture \u00e0 Locmariaquer en 2016, Escales Photos a demand\u00e9 en 2017 au photographe Marc Josse de r\u00e9aliser un travail sur la culture perli\u00e8re aux Philippines. La soci\u00e9t\u00e9 Jewelmer, exploitation de culture perli\u00e8re fond\u00e9e par Jacques Branellec, un ostr\u00e9iculteur breton, lui a ouvert ses portes. \u00ab P\u00eacheurs de r\u00eaves \u00bb nous offre un t\u00e9moignage sur un univers qui garde jalousement ses secrets de fabrication et o\u00f9 la raret\u00e9 de cette Perle de luxe n&#8217;a d&#8217;\u00e9gale que la difficult\u00e9 et la duret\u00e9 du travail des hommes qui la ram\u00e8ne des profondeurs. Les quartiers r\u00e9put\u00e9s dangereux du Eastside de Vancouver au chevet des toxicomanes, les routes du grand Nord canadien ou le d\u00e9sert de l\u2019Arizona, les hauteurs des buildings de Duba\u00ef ou les radeaux de bambou de la mer de Palawan : rien ne l\u2019arr\u00eate !\u00a0<\/p>\t\t\t\t\t\t\t\t<\/div>\n\t\t\t\t<\/div>\n\t\t\t\t<div class=\"elementor-element elementor-element-210ddf89 elementor-align-center elementor-widget elementor-widget-button\" data-id=\"210ddf89\" data-element_type=\"widget\" data-widget_type=\"button.default\">\n\t\t\t\t<div class=\"elementor-widget-container\">\n\t\t\t\t\t\t\t\t\t<div class=\"elementor-button-wrapper\">\n\t\t\t\t\t<a class=\"elementor-button elementor-button-link elementor-size-sm\" href=\"https:\/\/www.marcjosse.fr\/\">\n\t\t\t\t\t\t<span class=\"elementor-button-content-wrapper\">\n\t\t\t\t\t\t\t\t\t<span class=\"elementor-button-text\">En savoir + sur Marc Josse<\/span>\n\t\t\t\t\t<\/span>\n\t\t\t\t\t<\/a>\n\t\t\t\t<\/div>\n\t\t\t\t\t\t\t\t<\/div>\n\t\t\t\t<\/div>\n\t\t\t\t\t<\/div>\n\t\t<\/div>\n\t\t\t\t\t<\/div>\n\t\t<\/section>\n\t\t\t\t<\/div>\n\t\t","protected":false},"excerpt":{"rendered":"<p>Marc Josse Le portrait du photographe Les cordes de l\u2019arc photographique de ce coste-armoricain laissent songeurs ! Lors d\u2019un s\u00e9jour \u00e0 Vancouver, apr\u00e8s un passage par la Sorbonne et en \u00e9cole d\u2019art, Marc Josse commence sa carri\u00e8re de photographe. Il est repr\u00e9sent\u00e9 par la galerie Wallpepper \u00e0 Saint-Cast, Dinard et Paris P\u00eacheur de r\u00eaves Dans [&hellip;]<\/p>\n","protected":false},"author":1,"featured_media":0,"parent":0,"menu_order":0,"comment_status":"closed","ping_status":"closed","template":"","meta":{"_monsterinsights_skip_tracking":false,"_monsterinsights_sitenote_active":false,"_monsterinsights_sitenote_note":"","_monsterinsights_sitenote_category":0,"ocean_post_layout":"","ocean_both_sidebars_style":"","ocean_both_sidebars_content_width":0,"ocean_both_sidebars_sidebars_width":0,"ocean_sidebar":"","ocean_second_sidebar":"","ocean_disable_margins":"enable","ocean_add_body_class":"","ocean_shortcode_before_top_bar":"","ocean_shortcode_after_top_bar":"","ocean_shortcode_before_header":"","ocean_shortcode_after_header":"","ocean_has_shortcode":"","ocean_shortcode_after_title":"","ocean_shortcode_before_footer_widgets":"","ocean_shortcode_after_footer_widgets":"","ocean_shortcode_before_footer_bottom":"","ocean_shortcode_after_footer_bottom":"","ocean_display_top_bar":"default","ocean_display_header":"default","ocean_header_style":"","ocean_center_header_left_menu":"","ocean_custom_header_template":"","ocean_custom_logo":0,"ocean_custom_retina_logo":0,"ocean_custom_logo_max_width":0,"ocean_custom_logo_tablet_max_width":0,"ocean_custom_logo_mobile_max_width":0,"ocean_custom_logo_max_height":0,"ocean_custom_logo_tablet_max_height":0,"ocean_custom_logo_mobile_max_height":0,"ocean_header_custom_menu":"","ocean_menu_typo_font_family":"","ocean_menu_typo_font_subset":"","ocean_menu_typo_font_size":0,"ocean_menu_typo_font_size_tablet":0,"ocean_menu_typo_font_size_mobile":0,"ocean_menu_typo_font_size_unit":"px","ocean_menu_typo_font_weight":"","ocean_menu_typo_font_weight_tablet":"","ocean_menu_typo_font_weight_mobile":"","ocean_menu_typo_transform":"","ocean_menu_typo_transform_tablet":"","ocean_menu_typo_transform_mobile":"","ocean_menu_typo_line_height":0,"ocean_menu_typo_line_height_tablet":0,"ocean_menu_typo_line_height_mobile":0,"ocean_menu_typo_line_height_unit":"","ocean_menu_typo_spacing":0,"ocean_menu_typo_spacing_tablet":0,"ocean_menu_typo_spacing_mobile":0,"ocean_menu_typo_spacing_unit":"","ocean_menu_link_color":"","ocean_menu_link_color_hover":"","ocean_menu_link_color_active":"","ocean_menu_link_background":"","ocean_menu_link_hover_background":"","ocean_menu_link_active_background":"","ocean_menu_social_links_bg":"","ocean_menu_social_hover_links_bg":"","ocean_menu_social_links_color":"","ocean_menu_social_hover_links_color":"","ocean_disable_title":"default","ocean_disable_heading":"default","ocean_post_title":"","ocean_post_subheading":"","ocean_post_title_style":"","ocean_post_title_background_color":"","ocean_post_title_background":0,"ocean_post_title_bg_image_position":"","ocean_post_title_bg_image_attachment":"","ocean_post_title_bg_image_repeat":"","ocean_post_title_bg_image_size":"","ocean_post_title_height":0,"ocean_post_title_bg_overlay":0.5,"ocean_post_title_bg_overlay_color":"","ocean_disable_breadcrumbs":"default","ocean_breadcrumbs_color":"","ocean_breadcrumbs_separator_color":"","ocean_breadcrumbs_links_color":"","ocean_breadcrumbs_links_hover_color":"","ocean_display_footer_widgets":"default","ocean_display_footer_bottom":"default","ocean_custom_footer_template":"","footnotes":""},"class_list":["post-2293","page","type-page","status-publish","hentry","entry"],"yoast_head":"<!-- This site is optimized with the Yoast SEO plugin v25.7 - https:\/\/yoast.com\/wordpress\/plugins\/seo\/ -->\n<title>Marc Joss P\u00eacheur de R\u00eaves - Festival Escales Photos<\/title>\n<meta name=\"robots\" content=\"index, follow, max-snippet:-1, max-image-preview:large, max-video-preview:-1\" \/>\n<link rel=\"canonical\" href=\"https:\/\/www.festival-escales-photos.fr\/index.php\/marc-joss-pecheur-de-reves\/\" \/>\n<meta property=\"og:locale\" content=\"en_US\" \/>\n<meta property=\"og:type\" content=\"article\" \/>\n<meta property=\"og:title\" content=\"Marc Joss P\u00eacheur de R\u00eaves - Festival Escales Photos\" \/>\n<meta property=\"og:description\" content=\"Marc Josse Le portrait du photographe Les cordes de l\u2019arc photographique de ce coste-armoricain laissent songeurs ! Lors d\u2019un s\u00e9jour \u00e0 Vancouver, apr\u00e8s un passage par la Sorbonne et en \u00e9cole d\u2019art, Marc Josse commence sa carri\u00e8re de photographe. Il est repr\u00e9sent\u00e9 par la galerie Wallpepper \u00e0 Saint-Cast, Dinard et Paris P\u00eacheur de r\u00eaves Dans [&hellip;]\" \/>\n<meta property=\"og:url\" content=\"https:\/\/www.festival-escales-photos.fr\/index.php\/marc-joss-pecheur-de-reves\/\" \/>\n<meta property=\"og:site_name\" content=\"Festival Escales Photos\" \/>\n<meta property=\"article:publisher\" content=\"https:\/\/www.facebook.com\/festivalescalesphotos\" \/>\n<meta property=\"article:modified_time\" content=\"2021-03-26T15:47:52+00:00\" \/>\n<meta property=\"og:image\" content=\"http:\/\/www.festival-escales-photos.fr\/wp-content\/uploads\/2020\/05\/festival-photo-bretagne.jpg\" \/>\n<meta name=\"twitter:card\" content=\"summary_large_image\" \/>\n<meta name=\"twitter:label1\" content=\"Est. reading time\" \/>\n\t<meta name=\"twitter:data1\" content=\"1 minute\" \/>\n<script type=\"application\/ld+json\" class=\"yoast-schema-graph\">{\"@context\":\"https:\/\/schema.org\",\"@graph\":[{\"@type\":\"WebPage\",\"@id\":\"https:\/\/www.festival-escales-photos.fr\/index.php\/marc-joss-pecheur-de-reves\/\",\"url\":\"https:\/\/www.festival-escales-photos.fr\/index.php\/marc-joss-pecheur-de-reves\/\",\"name\":\"Marc Joss P\u00eacheur de R\u00eaves - Festival Escales Photos\",\"isPartOf\":{\"@id\":\"http:\/\/www.festival-escales-photos.fr\/#website\"},\"primaryImageOfPage\":{\"@id\":\"https:\/\/www.festival-escales-photos.fr\/index.php\/marc-joss-pecheur-de-reves\/#primaryimage\"},\"image\":{\"@id\":\"https:\/\/www.festival-escales-photos.fr\/index.php\/marc-joss-pecheur-de-reves\/#primaryimage\"},\"thumbnailUrl\":\"http:\/\/www.festival-escales-photos.fr\/wp-content\/uploads\/2020\/05\/festival-photo-bretagne.jpg\",\"datePublished\":\"2021-03-26T15:04:11+00:00\",\"dateModified\":\"2021-03-26T15:47:52+00:00\",\"breadcrumb\":{\"@id\":\"https:\/\/www.festival-escales-photos.fr\/index.php\/marc-joss-pecheur-de-reves\/#breadcrumb\"},\"inLanguage\":\"en-US\",\"potentialAction\":[{\"@type\":\"ReadAction\",\"target\":[\"https:\/\/www.festival-escales-photos.fr\/index.php\/marc-joss-pecheur-de-reves\/\"]}]},{\"@type\":\"ImageObject\",\"inLanguage\":\"en-US\",\"@id\":\"https:\/\/www.festival-escales-photos.fr\/index.php\/marc-joss-pecheur-de-reves\/#primaryimage\",\"url\":\"https:\/\/www.festival-escales-photos.fr\/wp-content\/uploads\/2020\/05\/festival-photo-bretagne.jpg\",\"contentUrl\":\"https:\/\/www.festival-escales-photos.fr\/wp-content\/uploads\/2020\/05\/festival-photo-bretagne.jpg\",\"width\":283,\"height\":425,\"caption\":\"festival photo en Bretagne\"},{\"@type\":\"BreadcrumbList\",\"@id\":\"https:\/\/www.festival-escales-photos.fr\/index.php\/marc-joss-pecheur-de-reves\/#breadcrumb\",\"itemListElement\":[{\"@type\":\"ListItem\",\"position\":1,\"name\":\"Accueil\",\"item\":\"http:\/\/www.festival-escales-photos.fr\/\"},{\"@type\":\"ListItem\",\"position\":2,\"name\":\"Marc Joss P\u00eacheur de R\u00eaves\"}]},{\"@type\":\"WebSite\",\"@id\":\"http:\/\/www.festival-escales-photos.fr\/#website\",\"url\":\"http:\/\/www.festival-escales-photos.fr\/\",\"name\":\"Festival Escales Photos\",\"description\":\"\",\"publisher\":{\"@id\":\"http:\/\/www.festival-escales-photos.fr\/#organization\"},\"potentialAction\":[{\"@type\":\"SearchAction\",\"target\":{\"@type\":\"EntryPoint\",\"urlTemplate\":\"http:\/\/www.festival-escales-photos.fr\/?s={search_term_string}\"},\"query-input\":{\"@type\":\"PropertyValueSpecification\",\"valueRequired\":true,\"valueName\":\"search_term_string\"}}],\"inLanguage\":\"en-US\"},{\"@type\":\"Organization\",\"@id\":\"http:\/\/www.festival-escales-photos.fr\/#organization\",\"name\":\"Festival Escales Photos\",\"url\":\"http:\/\/www.festival-escales-photos.fr\/\",\"logo\":{\"@type\":\"ImageObject\",\"inLanguage\":\"en-US\",\"@id\":\"http:\/\/www.festival-escales-photos.fr\/#\/schema\/logo\/image\/\",\"url\":\"http:\/\/www.festival-escales-photos.fr\/wp-content\/uploads\/2019\/04\/icone-escales-photos-56.jpg\",\"contentUrl\":\"http:\/\/www.festival-escales-photos.fr\/wp-content\/uploads\/2019\/04\/icone-escales-photos-56.jpg\",\"width\":512,\"height\":362,\"caption\":\"Festival Escales Photos\"},\"image\":{\"@id\":\"http:\/\/www.festival-escales-photos.fr\/#\/schema\/logo\/image\/\"},\"sameAs\":[\"https:\/\/www.facebook.com\/festivalescalesphotos\",\"https:\/\/www.instagram.com\/festivalescalesphotos\/\"]}]}<\/script>\n<!-- \/ Yoast SEO plugin. -->","yoast_head_json":{"title":"Marc Joss P\u00eacheur de R\u00eaves - Festival Escales Photos","robots":{"index":"index","follow":"follow","max-snippet":"max-snippet:-1","max-image-preview":"max-image-preview:large","max-video-preview":"max-video-preview:-1"},"canonical":"https:\/\/www.festival-escales-photos.fr\/index.php\/marc-joss-pecheur-de-reves\/","og_locale":"en_US","og_type":"article","og_title":"Marc Joss P\u00eacheur de R\u00eaves - Festival Escales Photos","og_description":"Marc Josse Le portrait du photographe Les cordes de l\u2019arc photographique de ce coste-armoricain laissent songeurs ! Lors d\u2019un s\u00e9jour \u00e0 Vancouver, apr\u00e8s un passage par la Sorbonne et en \u00e9cole d\u2019art, Marc Josse commence sa carri\u00e8re de photographe. Il est repr\u00e9sent\u00e9 par la galerie Wallpepper \u00e0 Saint-Cast, Dinard et Paris P\u00eacheur de r\u00eaves Dans [&hellip;]","og_url":"https:\/\/www.festival-escales-photos.fr\/index.php\/marc-joss-pecheur-de-reves\/","og_site_name":"Festival Escales Photos","article_publisher":"https:\/\/www.facebook.com\/festivalescalesphotos","article_modified_time":"2021-03-26T15:47:52+00:00","og_image":[{"url":"http:\/\/www.festival-escales-photos.fr\/wp-content\/uploads\/2020\/05\/festival-photo-bretagne.jpg","type":"","width":"","height":""}],"twitter_card":"summary_large_image","twitter_misc":{"Est. reading time":"1 minute"},"schema":{"@context":"https:\/\/schema.org","@graph":[{"@type":"WebPage","@id":"https:\/\/www.festival-escales-photos.fr\/index.php\/marc-joss-pecheur-de-reves\/","url":"https:\/\/www.festival-escales-photos.fr\/index.php\/marc-joss-pecheur-de-reves\/","name":"Marc Joss P\u00eacheur de R\u00eaves - Festival Escales Photos","isPartOf":{"@id":"http:\/\/www.festival-escales-photos.fr\/#website"},"primaryImageOfPage":{"@id":"https:\/\/www.festival-escales-photos.fr\/index.php\/marc-joss-pecheur-de-reves\/#primaryimage"},"image":{"@id":"https:\/\/www.festival-escales-photos.fr\/index.php\/marc-joss-pecheur-de-reves\/#primaryimage"},"thumbnailUrl":"http:\/\/www.festival-escales-photos.fr\/wp-content\/uploads\/2020\/05\/festival-photo-bretagne.jpg","datePublished":"2021-03-26T15:04:11+00:00","dateModified":"2021-03-26T15:47:52+00:00","breadcrumb":{"@id":"https:\/\/www.festival-escales-photos.fr\/index.php\/marc-joss-pecheur-de-reves\/#breadcrumb"},"inLanguage":"en-US","potentialAction":[{"@type":"ReadAction","target":["https:\/\/www.festival-escales-photos.fr\/index.php\/marc-joss-pecheur-de-reves\/"]}]},{"@type":"ImageObject","inLanguage":"en-US","@id":"https:\/\/www.festival-escales-photos.fr\/index.php\/marc-joss-pecheur-de-reves\/#primaryimage","url":"https:\/\/www.festival-escales-photos.fr\/wp-content\/uploads\/2020\/05\/festival-photo-bretagne.jpg","contentUrl":"https:\/\/www.festival-escales-photos.fr\/wp-content\/uploads\/2020\/05\/festival-photo-bretagne.jpg","width":283,"height":425,"caption":"festival photo en Bretagne"},{"@type":"BreadcrumbList","@id":"https:\/\/www.festival-escales-photos.fr\/index.php\/marc-joss-pecheur-de-reves\/#breadcrumb","itemListElement":[{"@type":"ListItem","position":1,"name":"Accueil","item":"http:\/\/www.festival-escales-photos.fr\/"},{"@type":"ListItem","position":2,"name":"Marc Joss P\u00eacheur de R\u00eaves"}]},{"@type":"WebSite","@id":"http:\/\/www.festival-escales-photos.fr\/#website","url":"http:\/\/www.festival-escales-photos.fr\/","name":"Festival Escales Photos","description":"","publisher":{"@id":"http:\/\/www.festival-escales-photos.fr\/#organization"},"potentialAction":[{"@type":"SearchAction","target":{"@type":"EntryPoint","urlTemplate":"http:\/\/www.festival-escales-photos.fr\/?s={search_term_string}"},"query-input":{"@type":"PropertyValueSpecification","valueRequired":true,"valueName":"search_term_string"}}],"inLanguage":"en-US"},{"@type":"Organization","@id":"http:\/\/www.festival-escales-photos.fr\/#organization","name":"Festival Escales Photos","url":"http:\/\/www.festival-escales-photos.fr\/","logo":{"@type":"ImageObject","inLanguage":"en-US","@id":"http:\/\/www.festival-escales-photos.fr\/#\/schema\/logo\/image\/","url":"http:\/\/www.festival-escales-photos.fr\/wp-content\/uploads\/2019\/04\/icone-escales-photos-56.jpg","contentUrl":"http:\/\/www.festival-escales-photos.fr\/wp-content\/uploads\/2019\/04\/icone-escales-photos-56.jpg","width":512,"height":362,"caption":"Festival Escales Photos"},"image":{"@id":"http:\/\/www.festival-escales-photos.fr\/#\/schema\/logo\/image\/"},"sameAs":["https:\/\/www.facebook.com\/festivalescalesphotos","https:\/\/www.instagram.com\/festivalescalesphotos\/"]}]}},"_links":{"self":[{"href":"https:\/\/www.festival-escales-photos.fr\/index.php\/wp-json\/wp\/v2\/pages\/2293","targetHints":{"allow":["GET"]}}],"collection":[{"href":"https:\/\/www.festival-escales-photos.fr\/index.php\/wp-json\/wp\/v2\/pages"}],"about":[{"href":"https:\/\/www.festival-escales-photos.fr\/index.php\/wp-json\/wp\/v2\/types\/page"}],"author":[{"embeddable":true,"href":"https:\/\/www.festival-escales-photos.fr\/index.php\/wp-json\/wp\/v2\/users\/1"}],"replies":[{"embeddable":true,"href":"https:\/\/www.festival-escales-photos.fr\/index.php\/wp-json\/wp\/v2\/comments?post=2293"}],"version-history":[{"count":21,"href":"https:\/\/www.festival-escales-photos.fr\/index.php\/wp-json\/wp\/v2\/pages\/2293\/revisions"}],"predecessor-version":[{"id":2336,"href":"https:\/\/www.festival-escales-photos.fr\/index.php\/wp-json\/wp\/v2\/pages\/2293\/revisions\/2336"}],"wp:attachment":[{"href":"https:\/\/www.festival-escales-photos.fr\/index.php\/wp-json\/wp\/v2\/media?parent=2293"}],"curies":[{"name":"wp","href":"https:\/\/api.w.org\/{rel}","templated":true}]}}