{"id":2343,"date":"2021-03-26T17:05:05","date_gmt":"2021-03-26T16:05:05","guid":{"rendered":"http:\/\/www.festival-escales-photos.fr\/?page_id=2343"},"modified":"2021-06-10T14:42:45","modified_gmt":"2021-06-10T12:42:45","slug":"fabrice-le-henanff-et-fabrice-picard-la-vie-ici-la-vie-la-bas","status":"publish","type":"page","link":"https:\/\/www.festival-escales-photos.fr\/index.php\/fabrice-le-henanff-et-fabrice-picard-la-vie-ici-la-vie-la-bas\/","title":{"rendered":"Fabrice Le Henanff et Fabrice Picard La vie ici la vie l\u00e0-bas"},"content":{"rendered":"\t\t<div data-elementor-type=\"wp-page\" data-elementor-id=\"2343\" class=\"elementor elementor-2343\">\n\t\t\t\t\t\t<section class=\"elementor-section elementor-top-section elementor-element elementor-element-6d6ee178 elementor-section-boxed elementor-section-height-default elementor-section-height-default\" data-id=\"6d6ee178\" data-element_type=\"section\">\n\t\t\t\t\t\t<div class=\"elementor-container elementor-column-gap-default\">\n\t\t\t\t\t<div class=\"elementor-column elementor-col-100 elementor-top-column elementor-element elementor-element-8e488cd\" data-id=\"8e488cd\" data-element_type=\"column\">\n\t\t\t<div class=\"elementor-widget-wrap elementor-element-populated\">\n\t\t\t\t\t\t<div class=\"elementor-element elementor-element-786fe7b1 elementor-widget elementor-widget-heading\" data-id=\"786fe7b1\" data-element_type=\"widget\" data-widget_type=\"heading.default\">\n\t\t\t\t<div class=\"elementor-widget-container\">\n\t\t\t\t\t<h2 class=\"elementor-heading-title elementor-size-large\">Fabrice le Henanff &amp; Fabrice Picard<\/h2>\t\t\t\t<\/div>\n\t\t\t\t<\/div>\n\t\t\t\t\t<\/div>\n\t\t<\/div>\n\t\t\t\t\t<\/div>\n\t\t<\/section>\n\t\t\t\t<section class=\"elementor-section elementor-top-section elementor-element elementor-element-647a4a3d elementor-section-boxed elementor-section-height-default elementor-section-height-default\" data-id=\"647a4a3d\" data-element_type=\"section\">\n\t\t\t\t\t\t<div class=\"elementor-container elementor-column-gap-default\">\n\t\t\t\t\t<div class=\"elementor-column elementor-col-100 elementor-top-column elementor-element elementor-element-3e3ef28d\" data-id=\"3e3ef28d\" data-element_type=\"column\">\n\t\t\t<div class=\"elementor-widget-wrap elementor-element-populated\">\n\t\t\t\t\t\t<section class=\"elementor-section elementor-inner-section elementor-element elementor-element-3aa15f36 elementor-section-boxed elementor-section-height-default elementor-section-height-default\" data-id=\"3aa15f36\" data-element_type=\"section\">\n\t\t\t\t\t\t<div class=\"elementor-container elementor-column-gap-default\">\n\t\t\t\t\t<div class=\"elementor-column elementor-col-50 elementor-inner-column elementor-element elementor-element-409ecb48\" data-id=\"409ecb48\" data-element_type=\"column\">\n\t\t\t<div class=\"elementor-widget-wrap elementor-element-populated\">\n\t\t\t\t\t\t<div class=\"elementor-element elementor-element-5e47337e elementor-widget elementor-widget-image\" data-id=\"5e47337e\" data-element_type=\"widget\" data-widget_type=\"image.default\">\n\t\t\t\t<div class=\"elementor-widget-container\">\n\t\t\t\t\t\t\t\t\t\t\t\t\t\t\t<img fetchpriority=\"high\" decoding=\"async\" width=\"1024\" height=\"684\" src=\"https:\/\/www.festival-escales-photos.fr\/wp-content\/uploads\/2021\/03\/locmariaquer-expo-photo-1024x684.jpg\" class=\"attachment-large size-large wp-image-2349\" alt=\"les photographes pendant le shooting de l&#039;expo la vie ici la vie l\u00e0 bas\" srcset=\"http:\/\/www.festival-escales-photos.fr\/wp-content\/uploads\/2021\/03\/locmariaquer-expo-photo-1024x684.jpg 1024w, http:\/\/www.festival-escales-photos.fr\/wp-content\/uploads\/2021\/03\/locmariaquer-expo-photo-300x200.jpg 300w, http:\/\/www.festival-escales-photos.fr\/wp-content\/uploads\/2021\/03\/locmariaquer-expo-photo-768x513.jpg 768w, http:\/\/www.festival-escales-photos.fr\/wp-content\/uploads\/2021\/03\/locmariaquer-expo-photo-1536x1025.jpg 1536w, http:\/\/www.festival-escales-photos.fr\/wp-content\/uploads\/2021\/03\/locmariaquer-expo-photo.jpg 2000w\" sizes=\"(max-width: 1024px) 100vw, 1024px\" \/>\t\t\t\t\t\t\t\t\t\t\t\t\t\t\t<\/div>\n\t\t\t\t<\/div>\n\t\t\t\t\t<\/div>\n\t\t<\/div>\n\t\t\t\t<div class=\"elementor-column elementor-col-50 elementor-inner-column elementor-element elementor-element-42cd42cf\" data-id=\"42cd42cf\" data-element_type=\"column\">\n\t\t\t<div class=\"elementor-widget-wrap elementor-element-populated\">\n\t\t\t\t\t\t<div class=\"elementor-element elementor-element-40ff1b7e elementor-widget elementor-widget-heading\" data-id=\"40ff1b7e\" data-element_type=\"widget\" data-widget_type=\"heading.default\">\n\t\t\t\t<div class=\"elementor-widget-container\">\n\t\t\t\t\t<h2 class=\"elementor-heading-title elementor-size-default\">Le portrait du photographe<\/h2>\t\t\t\t<\/div>\n\t\t\t\t<\/div>\n\t\t\t\t<div class=\"elementor-element elementor-element-1b08187 elementor-widget elementor-widget-spacer\" data-id=\"1b08187\" data-element_type=\"widget\" data-widget_type=\"spacer.default\">\n\t\t\t\t<div class=\"elementor-widget-container\">\n\t\t\t\t\t\t\t<div class=\"elementor-spacer\">\n\t\t\t<div class=\"elementor-spacer-inner\"><\/div>\n\t\t<\/div>\n\t\t\t\t\t\t<\/div>\n\t\t\t\t<\/div>\n\t\t\t\t<div class=\"elementor-element elementor-element-3ed95050 elementor-widget elementor-widget-text-editor\" data-id=\"3ed95050\" data-element_type=\"widget\" data-widget_type=\"text-editor.default\">\n\t\t\t\t<div class=\"elementor-widget-container\">\n\t\t\t\t\t\t\t\t\t<p>Install\u00e9e dans les C\u00f4tes d&#8217;Armor, Fabrice Picard est photographe pour la presse nationale et internationale. Il est repr\u00e9sent\u00e9 par l&#8217;Agence Vu.<\/p><p>Fabrice Le Henanff est dessinateur.<\/p>\t\t\t\t\t\t\t\t<\/div>\n\t\t\t\t<\/div>\n\t\t\t\t\t<\/div>\n\t\t<\/div>\n\t\t\t\t\t<\/div>\n\t\t<\/section>\n\t\t\t\t\t<\/div>\n\t\t<\/div>\n\t\t\t\t\t<\/div>\n\t\t<\/section>\n\t\t\t\t<section class=\"elementor-section elementor-top-section elementor-element elementor-element-5a5ad028 elementor-section-boxed elementor-section-height-default elementor-section-height-default\" data-id=\"5a5ad028\" data-element_type=\"section\">\n\t\t\t\t\t\t<div class=\"elementor-container elementor-column-gap-default\">\n\t\t\t\t\t<div class=\"elementor-column elementor-col-100 elementor-top-column elementor-element elementor-element-7602a8b\" data-id=\"7602a8b\" data-element_type=\"column\">\n\t\t\t<div class=\"elementor-widget-wrap elementor-element-populated\">\n\t\t\t\t\t\t<div class=\"elementor-element elementor-element-45ce4ae0 elementor-widget elementor-widget-heading\" data-id=\"45ce4ae0\" data-element_type=\"widget\" data-widget_type=\"heading.default\">\n\t\t\t\t<div class=\"elementor-widget-container\">\n\t\t\t\t\t<span class=\"elementor-heading-title elementor-size-large\">La vie ici, la vie l\u00e0-bas<\/span>\t\t\t\t<\/div>\n\t\t\t\t<\/div>\n\t\t\t\t<div class=\"elementor-element elementor-element-696d7450 elementor-widget elementor-widget-image\" data-id=\"696d7450\" data-element_type=\"widget\" data-widget_type=\"image.default\">\n\t\t\t\t<div class=\"elementor-widget-container\">\n\t\t\t\t\t\t\t\t\t\t\t\t\t\t\t<img decoding=\"async\" width=\"1024\" height=\"717\" src=\"https:\/\/www.festival-escales-photos.fr\/wp-content\/uploads\/2021\/06\/expo-photos-locmariaquer-1024x717.jpg\" class=\"attachment-large size-large wp-image-2511\" alt=\"expo photo \u00e0 Locmariaquer 56\" srcset=\"http:\/\/www.festival-escales-photos.fr\/wp-content\/uploads\/2021\/06\/expo-photos-locmariaquer-1024x717.jpg 1024w, http:\/\/www.festival-escales-photos.fr\/wp-content\/uploads\/2021\/06\/expo-photos-locmariaquer-300x210.jpg 300w, http:\/\/www.festival-escales-photos.fr\/wp-content\/uploads\/2021\/06\/expo-photos-locmariaquer-768x537.jpg 768w, http:\/\/www.festival-escales-photos.fr\/wp-content\/uploads\/2021\/06\/expo-photos-locmariaquer-1536x1075.jpg 1536w, http:\/\/www.festival-escales-photos.fr\/wp-content\/uploads\/2021\/06\/expo-photos-locmariaquer.jpg 1969w\" sizes=\"(max-width: 1024px) 100vw, 1024px\" \/>\t\t\t\t\t\t\t\t\t\t\t\t\t\t\t<\/div>\n\t\t\t\t<\/div>\n\t\t\t\t<div class=\"elementor-element elementor-element-5545e29 elementor-widget elementor-widget-text-editor\" data-id=\"5545e29\" data-element_type=\"widget\" data-widget_type=\"text-editor.default\">\n\t\t\t\t<div class=\"elementor-widget-container\">\n\t\t\t\t\t\t\t\t\t<div class=\"elementor-element elementor-element-aa81138 elementor-widget elementor-widget-text-editor\" data-id=\"aa81138\" data-element_type=\"widget\" data-widget_type=\"text-editor.default\"><div class=\"elementor-widget-container\"><div class=\"elementor-text-editor elementor-clearfix\"><p>Rencontres avec des hommes et des femmes qui venus d\u2019un ailleurs proche ou lointain pour se construire une vie ici dans le Mor Braz (Morbihan).<\/p><\/div><\/div><\/div><div class=\"elementor-element elementor-element-fa47375 elementor-widget elementor-widget-heading\" data-id=\"fa47375\" data-element_type=\"widget\" data-widget_type=\"heading.default\"><div class=\"elementor-widget-container\">\u00a0<\/div><\/div>\t\t\t\t\t\t\t\t<\/div>\n\t\t\t\t<\/div>\n\t\t\t\t<div class=\"elementor-element elementor-element-6dd7f2a9 elementor-align-center elementor-widget elementor-widget-button\" data-id=\"6dd7f2a9\" data-element_type=\"widget\" data-widget_type=\"button.default\">\n\t\t\t\t<div class=\"elementor-widget-container\">\n\t\t\t\t\t\t\t\t\t<div class=\"elementor-button-wrapper\">\n\t\t\t\t\t<a class=\"elementor-button elementor-button-link elementor-size-sm\" href=\"http:\/\/fabrice-picard.fr\/\">\n\t\t\t\t\t\t<span class=\"elementor-button-content-wrapper\">\n\t\t\t\t\t\t\t\t\t<span class=\"elementor-button-text\">En savoir + sur Fabrice Picard<\/span>\n\t\t\t\t\t<\/span>\n\t\t\t\t\t<\/a>\n\t\t\t\t<\/div>\n\t\t\t\t\t\t\t\t<\/div>\n\t\t\t\t<\/div>\n\t\t\t\t\t<\/div>\n\t\t<\/div>\n\t\t\t\t\t<\/div>\n\t\t<\/section>\n\t\t\t\t<\/div>\n\t\t","protected":false},"excerpt":{"rendered":"<p>Fabrice le Henanff &#038; Fabrice Picard Le portrait du photographe Install\u00e9e dans les C\u00f4tes d&#8217;Armor, Fabrice Picard est photographe pour la presse nationale et internationale. Il est repr\u00e9sent\u00e9 par l&#8217;Agence Vu. Fabrice Le Henanff est dessinateur. La vie ici, la vie l\u00e0-bas Rencontres avec des hommes et des femmes qui venus d\u2019un ailleurs proche ou [&hellip;]<\/p>\n","protected":false},"author":1,"featured_media":0,"parent":0,"menu_order":0,"comment_status":"closed","ping_status":"closed","template":"","meta":{"_monsterinsights_skip_tracking":false,"_monsterinsights_sitenote_active":false,"_monsterinsights_sitenote_note":"","_monsterinsights_sitenote_category":0,"ocean_post_layout":"","ocean_both_sidebars_style":"","ocean_both_sidebars_content_width":0,"ocean_both_sidebars_sidebars_width":0,"ocean_sidebar":"0","ocean_second_sidebar":"0","ocean_disable_margins":"enable","ocean_add_body_class":"","ocean_shortcode_before_top_bar":"","ocean_shortcode_after_top_bar":"","ocean_shortcode_before_header":"","ocean_shortcode_after_header":"","ocean_has_shortcode":"","ocean_shortcode_after_title":"","ocean_shortcode_before_footer_widgets":"","ocean_shortcode_after_footer_widgets":"","ocean_shortcode_before_footer_bottom":"","ocean_shortcode_after_footer_bottom":"","ocean_display_top_bar":"default","ocean_display_header":"default","ocean_header_style":"","ocean_center_header_left_menu":"0","ocean_custom_header_template":"0","ocean_custom_logo":0,"ocean_custom_retina_logo":0,"ocean_custom_logo_max_width":0,"ocean_custom_logo_tablet_max_width":0,"ocean_custom_logo_mobile_max_width":0,"ocean_custom_logo_max_height":0,"ocean_custom_logo_tablet_max_height":0,"ocean_custom_logo_mobile_max_height":0,"ocean_header_custom_menu":"0","ocean_menu_typo_font_family":"0","ocean_menu_typo_font_subset":"","ocean_menu_typo_font_size":0,"ocean_menu_typo_font_size_tablet":0,"ocean_menu_typo_font_size_mobile":0,"ocean_menu_typo_font_size_unit":"px","ocean_menu_typo_font_weight":"","ocean_menu_typo_font_weight_tablet":"","ocean_menu_typo_font_weight_mobile":"","ocean_menu_typo_transform":"","ocean_menu_typo_transform_tablet":"","ocean_menu_typo_transform_mobile":"","ocean_menu_typo_line_height":0,"ocean_menu_typo_line_height_tablet":0,"ocean_menu_typo_line_height_mobile":0,"ocean_menu_typo_line_height_unit":"","ocean_menu_typo_spacing":0,"ocean_menu_typo_spacing_tablet":0,"ocean_menu_typo_spacing_mobile":0,"ocean_menu_typo_spacing_unit":"","ocean_menu_link_color":"","ocean_menu_link_color_hover":"","ocean_menu_link_color_active":"","ocean_menu_link_background":"","ocean_menu_link_hover_background":"","ocean_menu_link_active_background":"","ocean_menu_social_links_bg":"","ocean_menu_social_hover_links_bg":"","ocean_menu_social_links_color":"","ocean_menu_social_hover_links_color":"","ocean_disable_title":"default","ocean_disable_heading":"default","ocean_post_title":"","ocean_post_subheading":"","ocean_post_title_style":"","ocean_post_title_background_color":"","ocean_post_title_background":0,"ocean_post_title_bg_image_position":"","ocean_post_title_bg_image_attachment":"","ocean_post_title_bg_image_repeat":"","ocean_post_title_bg_image_size":"","ocean_post_title_height":0,"ocean_post_title_bg_overlay":0.5,"ocean_post_title_bg_overlay_color":"","ocean_disable_breadcrumbs":"default","ocean_breadcrumbs_color":"","ocean_breadcrumbs_separator_color":"","ocean_breadcrumbs_links_color":"","ocean_breadcrumbs_links_hover_color":"","ocean_display_footer_widgets":"default","ocean_display_footer_bottom":"default","ocean_custom_footer_template":"0","footnotes":""},"class_list":["post-2343","page","type-page","status-publish","hentry","entry"],"yoast_head":"<!-- This site is optimized with the Yoast SEO plugin v25.7 - https:\/\/yoast.com\/wordpress\/plugins\/seo\/ -->\n<title>Fabrice Le Henanff et Fabrice Picard La vie ici la vie l\u00e0-bas - Festival Escales Photos<\/title>\n<meta name=\"robots\" content=\"index, follow, max-snippet:-1, max-image-preview:large, max-video-preview:-1\" \/>\n<link rel=\"canonical\" href=\"https:\/\/www.festival-escales-photos.fr\/index.php\/fabrice-le-henanff-et-fabrice-picard-la-vie-ici-la-vie-la-bas\/\" \/>\n<meta property=\"og:locale\" content=\"en_US\" \/>\n<meta property=\"og:type\" content=\"article\" \/>\n<meta property=\"og:title\" content=\"Fabrice Le Henanff et Fabrice Picard La vie ici la vie l\u00e0-bas - Festival Escales Photos\" \/>\n<meta property=\"og:description\" content=\"Fabrice le Henanff &#038; Fabrice Picard Le portrait du photographe Install\u00e9e dans les C\u00f4tes d&#8217;Armor, Fabrice Picard est photographe pour la presse nationale et internationale. Il est repr\u00e9sent\u00e9 par l&#8217;Agence Vu. Fabrice Le Henanff est dessinateur. La vie ici, la vie l\u00e0-bas Rencontres avec des hommes et des femmes qui venus d\u2019un ailleurs proche ou [&hellip;]\" \/>\n<meta property=\"og:url\" content=\"https:\/\/www.festival-escales-photos.fr\/index.php\/fabrice-le-henanff-et-fabrice-picard-la-vie-ici-la-vie-la-bas\/\" \/>\n<meta property=\"og:site_name\" content=\"Festival Escales Photos\" \/>\n<meta property=\"article:publisher\" content=\"https:\/\/www.facebook.com\/festivalescalesphotos\" \/>\n<meta property=\"article:modified_time\" content=\"2021-06-10T12:42:45+00:00\" \/>\n<meta property=\"og:image\" content=\"http:\/\/www.festival-escales-photos.fr\/wp-content\/uploads\/2021\/03\/locmariaquer-expo-photo-1024x684.jpg\" \/>\n<meta name=\"twitter:card\" content=\"summary_large_image\" \/>\n<meta name=\"twitter:label1\" content=\"Est. reading time\" \/>\n\t<meta name=\"twitter:data1\" content=\"1 minute\" \/>\n<script type=\"application\/ld+json\" class=\"yoast-schema-graph\">{\"@context\":\"https:\/\/schema.org\",\"@graph\":[{\"@type\":\"WebPage\",\"@id\":\"https:\/\/www.festival-escales-photos.fr\/index.php\/fabrice-le-henanff-et-fabrice-picard-la-vie-ici-la-vie-la-bas\/\",\"url\":\"https:\/\/www.festival-escales-photos.fr\/index.php\/fabrice-le-henanff-et-fabrice-picard-la-vie-ici-la-vie-la-bas\/\",\"name\":\"Fabrice Le Henanff et Fabrice Picard La vie ici la vie l\u00e0-bas - Festival Escales Photos\",\"isPartOf\":{\"@id\":\"http:\/\/www.festival-escales-photos.fr\/#website\"},\"primaryImageOfPage\":{\"@id\":\"https:\/\/www.festival-escales-photos.fr\/index.php\/fabrice-le-henanff-et-fabrice-picard-la-vie-ici-la-vie-la-bas\/#primaryimage\"},\"image\":{\"@id\":\"https:\/\/www.festival-escales-photos.fr\/index.php\/fabrice-le-henanff-et-fabrice-picard-la-vie-ici-la-vie-la-bas\/#primaryimage\"},\"thumbnailUrl\":\"http:\/\/www.festival-escales-photos.fr\/wp-content\/uploads\/2021\/03\/locmariaquer-expo-photo-1024x684.jpg\",\"datePublished\":\"2021-03-26T16:05:05+00:00\",\"dateModified\":\"2021-06-10T12:42:45+00:00\",\"breadcrumb\":{\"@id\":\"https:\/\/www.festival-escales-photos.fr\/index.php\/fabrice-le-henanff-et-fabrice-picard-la-vie-ici-la-vie-la-bas\/#breadcrumb\"},\"inLanguage\":\"en-US\",\"potentialAction\":[{\"@type\":\"ReadAction\",\"target\":[\"https:\/\/www.festival-escales-photos.fr\/index.php\/fabrice-le-henanff-et-fabrice-picard-la-vie-ici-la-vie-la-bas\/\"]}]},{\"@type\":\"ImageObject\",\"inLanguage\":\"en-US\",\"@id\":\"https:\/\/www.festival-escales-photos.fr\/index.php\/fabrice-le-henanff-et-fabrice-picard-la-vie-ici-la-vie-la-bas\/#primaryimage\",\"url\":\"https:\/\/www.festival-escales-photos.fr\/wp-content\/uploads\/2021\/03\/locmariaquer-expo-photo.jpg\",\"contentUrl\":\"https:\/\/www.festival-escales-photos.fr\/wp-content\/uploads\/2021\/03\/locmariaquer-expo-photo.jpg\",\"width\":2000,\"height\":1335,\"caption\":\"les photographes pendant le shooting de l'expo la vie ici la vie l\u00e0 bas\"},{\"@type\":\"BreadcrumbList\",\"@id\":\"https:\/\/www.festival-escales-photos.fr\/index.php\/fabrice-le-henanff-et-fabrice-picard-la-vie-ici-la-vie-la-bas\/#breadcrumb\",\"itemListElement\":[{\"@type\":\"ListItem\",\"position\":1,\"name\":\"Accueil\",\"item\":\"http:\/\/www.festival-escales-photos.fr\/\"},{\"@type\":\"ListItem\",\"position\":2,\"name\":\"Fabrice Le Henanff et Fabrice Picard La vie ici la vie l\u00e0-bas\"}]},{\"@type\":\"WebSite\",\"@id\":\"http:\/\/www.festival-escales-photos.fr\/#website\",\"url\":\"http:\/\/www.festival-escales-photos.fr\/\",\"name\":\"Festival Escales Photos\",\"description\":\"\",\"publisher\":{\"@id\":\"http:\/\/www.festival-escales-photos.fr\/#organization\"},\"potentialAction\":[{\"@type\":\"SearchAction\",\"target\":{\"@type\":\"EntryPoint\",\"urlTemplate\":\"http:\/\/www.festival-escales-photos.fr\/?s={search_term_string}\"},\"query-input\":{\"@type\":\"PropertyValueSpecification\",\"valueRequired\":true,\"valueName\":\"search_term_string\"}}],\"inLanguage\":\"en-US\"},{\"@type\":\"Organization\",\"@id\":\"http:\/\/www.festival-escales-photos.fr\/#organization\",\"name\":\"Festival Escales Photos\",\"url\":\"http:\/\/www.festival-escales-photos.fr\/\",\"logo\":{\"@type\":\"ImageObject\",\"inLanguage\":\"en-US\",\"@id\":\"http:\/\/www.festival-escales-photos.fr\/#\/schema\/logo\/image\/\",\"url\":\"http:\/\/www.festival-escales-photos.fr\/wp-content\/uploads\/2019\/04\/icone-escales-photos-56.jpg\",\"contentUrl\":\"http:\/\/www.festival-escales-photos.fr\/wp-content\/uploads\/2019\/04\/icone-escales-photos-56.jpg\",\"width\":512,\"height\":362,\"caption\":\"Festival Escales Photos\"},\"image\":{\"@id\":\"http:\/\/www.festival-escales-photos.fr\/#\/schema\/logo\/image\/\"},\"sameAs\":[\"https:\/\/www.facebook.com\/festivalescalesphotos\",\"https:\/\/www.instagram.com\/festivalescalesphotos\/\"]}]}<\/script>\n<!-- \/ Yoast SEO plugin. -->","yoast_head_json":{"title":"Fabrice Le Henanff et Fabrice Picard La vie ici la vie l\u00e0-bas - Festival Escales Photos","robots":{"index":"index","follow":"follow","max-snippet":"max-snippet:-1","max-image-preview":"max-image-preview:large","max-video-preview":"max-video-preview:-1"},"canonical":"https:\/\/www.festival-escales-photos.fr\/index.php\/fabrice-le-henanff-et-fabrice-picard-la-vie-ici-la-vie-la-bas\/","og_locale":"en_US","og_type":"article","og_title":"Fabrice Le Henanff et Fabrice Picard La vie ici la vie l\u00e0-bas - Festival Escales Photos","og_description":"Fabrice le Henanff &#038; Fabrice Picard Le portrait du photographe Install\u00e9e dans les C\u00f4tes d&#8217;Armor, Fabrice Picard est photographe pour la presse nationale et internationale. Il est repr\u00e9sent\u00e9 par l&#8217;Agence Vu. Fabrice Le Henanff est dessinateur. La vie ici, la vie l\u00e0-bas Rencontres avec des hommes et des femmes qui venus d\u2019un ailleurs proche ou [&hellip;]","og_url":"https:\/\/www.festival-escales-photos.fr\/index.php\/fabrice-le-henanff-et-fabrice-picard-la-vie-ici-la-vie-la-bas\/","og_site_name":"Festival Escales Photos","article_publisher":"https:\/\/www.facebook.com\/festivalescalesphotos","article_modified_time":"2021-06-10T12:42:45+00:00","og_image":[{"url":"http:\/\/www.festival-escales-photos.fr\/wp-content\/uploads\/2021\/03\/locmariaquer-expo-photo-1024x684.jpg","type":"","width":"","height":""}],"twitter_card":"summary_large_image","twitter_misc":{"Est. reading time":"1 minute"},"schema":{"@context":"https:\/\/schema.org","@graph":[{"@type":"WebPage","@id":"https:\/\/www.festival-escales-photos.fr\/index.php\/fabrice-le-henanff-et-fabrice-picard-la-vie-ici-la-vie-la-bas\/","url":"https:\/\/www.festival-escales-photos.fr\/index.php\/fabrice-le-henanff-et-fabrice-picard-la-vie-ici-la-vie-la-bas\/","name":"Fabrice Le Henanff et Fabrice Picard La vie ici la vie l\u00e0-bas - Festival Escales Photos","isPartOf":{"@id":"http:\/\/www.festival-escales-photos.fr\/#website"},"primaryImageOfPage":{"@id":"https:\/\/www.festival-escales-photos.fr\/index.php\/fabrice-le-henanff-et-fabrice-picard-la-vie-ici-la-vie-la-bas\/#primaryimage"},"image":{"@id":"https:\/\/www.festival-escales-photos.fr\/index.php\/fabrice-le-henanff-et-fabrice-picard-la-vie-ici-la-vie-la-bas\/#primaryimage"},"thumbnailUrl":"http:\/\/www.festival-escales-photos.fr\/wp-content\/uploads\/2021\/03\/locmariaquer-expo-photo-1024x684.jpg","datePublished":"2021-03-26T16:05:05+00:00","dateModified":"2021-06-10T12:42:45+00:00","breadcrumb":{"@id":"https:\/\/www.festival-escales-photos.fr\/index.php\/fabrice-le-henanff-et-fabrice-picard-la-vie-ici-la-vie-la-bas\/#breadcrumb"},"inLanguage":"en-US","potentialAction":[{"@type":"ReadAction","target":["https:\/\/www.festival-escales-photos.fr\/index.php\/fabrice-le-henanff-et-fabrice-picard-la-vie-ici-la-vie-la-bas\/"]}]},{"@type":"ImageObject","inLanguage":"en-US","@id":"https:\/\/www.festival-escales-photos.fr\/index.php\/fabrice-le-henanff-et-fabrice-picard-la-vie-ici-la-vie-la-bas\/#primaryimage","url":"https:\/\/www.festival-escales-photos.fr\/wp-content\/uploads\/2021\/03\/locmariaquer-expo-photo.jpg","contentUrl":"https:\/\/www.festival-escales-photos.fr\/wp-content\/uploads\/2021\/03\/locmariaquer-expo-photo.jpg","width":2000,"height":1335,"caption":"les photographes pendant le shooting de l'expo la vie ici la vie l\u00e0 bas"},{"@type":"BreadcrumbList","@id":"https:\/\/www.festival-escales-photos.fr\/index.php\/fabrice-le-henanff-et-fabrice-picard-la-vie-ici-la-vie-la-bas\/#breadcrumb","itemListElement":[{"@type":"ListItem","position":1,"name":"Accueil","item":"http:\/\/www.festival-escales-photos.fr\/"},{"@type":"ListItem","position":2,"name":"Fabrice Le Henanff et Fabrice Picard La vie ici la vie l\u00e0-bas"}]},{"@type":"WebSite","@id":"http:\/\/www.festival-escales-photos.fr\/#website","url":"http:\/\/www.festival-escales-photos.fr\/","name":"Festival Escales Photos","description":"","publisher":{"@id":"http:\/\/www.festival-escales-photos.fr\/#organization"},"potentialAction":[{"@type":"SearchAction","target":{"@type":"EntryPoint","urlTemplate":"http:\/\/www.festival-escales-photos.fr\/?s={search_term_string}"},"query-input":{"@type":"PropertyValueSpecification","valueRequired":true,"valueName":"search_term_string"}}],"inLanguage":"en-US"},{"@type":"Organization","@id":"http:\/\/www.festival-escales-photos.fr\/#organization","name":"Festival Escales Photos","url":"http:\/\/www.festival-escales-photos.fr\/","logo":{"@type":"ImageObject","inLanguage":"en-US","@id":"http:\/\/www.festival-escales-photos.fr\/#\/schema\/logo\/image\/","url":"http:\/\/www.festival-escales-photos.fr\/wp-content\/uploads\/2019\/04\/icone-escales-photos-56.jpg","contentUrl":"http:\/\/www.festival-escales-photos.fr\/wp-content\/uploads\/2019\/04\/icone-escales-photos-56.jpg","width":512,"height":362,"caption":"Festival Escales Photos"},"image":{"@id":"http:\/\/www.festival-escales-photos.fr\/#\/schema\/logo\/image\/"},"sameAs":["https:\/\/www.facebook.com\/festivalescalesphotos","https:\/\/www.instagram.com\/festivalescalesphotos\/"]}]}},"_links":{"self":[{"href":"https:\/\/www.festival-escales-photos.fr\/index.php\/wp-json\/wp\/v2\/pages\/2343","targetHints":{"allow":["GET"]}}],"collection":[{"href":"https:\/\/www.festival-escales-photos.fr\/index.php\/wp-json\/wp\/v2\/pages"}],"about":[{"href":"https:\/\/www.festival-escales-photos.fr\/index.php\/wp-json\/wp\/v2\/types\/page"}],"author":[{"embeddable":true,"href":"https:\/\/www.festival-escales-photos.fr\/index.php\/wp-json\/wp\/v2\/users\/1"}],"replies":[{"embeddable":true,"href":"https:\/\/www.festival-escales-photos.fr\/index.php\/wp-json\/wp\/v2\/comments?post=2343"}],"version-history":[{"count":10,"href":"https:\/\/www.festival-escales-photos.fr\/index.php\/wp-json\/wp\/v2\/pages\/2343\/revisions"}],"predecessor-version":[{"id":2528,"href":"https:\/\/www.festival-escales-photos.fr\/index.php\/wp-json\/wp\/v2\/pages\/2343\/revisions\/2528"}],"wp:attachment":[{"href":"https:\/\/www.festival-escales-photos.fr\/index.php\/wp-json\/wp\/v2\/media?parent=2343"}],"curies":[{"name":"wp","href":"https:\/\/api.w.org\/{rel}","templated":true}]}}