{"id":793,"date":"2019-05-09T13:39:33","date_gmt":"2019-05-09T11:39:33","guid":{"rendered":"http:\/\/www.festival-escales-photos.fr\/?page_id=793"},"modified":"2019-05-17T14:50:51","modified_gmt":"2019-05-17T12:50:51","slug":"daniel-cariou-cetait-la-vie-au-phare","status":"publish","type":"page","link":"https:\/\/www.festival-escales-photos.fr\/index.php\/daniel-cariou-cetait-la-vie-au-phare\/","title":{"rendered":"Daniel Cariou C&#8217;\u00e9tait la Vie au Phare"},"content":{"rendered":"\t\t<div data-elementor-type=\"wp-post\" data-elementor-id=\"793\" class=\"elementor elementor-793\">\n\t\t\t\t\t\t<section class=\"elementor-section elementor-top-section elementor-element elementor-element-0f27293 elementor-section-boxed elementor-section-height-default elementor-section-height-default\" data-id=\"0f27293\" data-element_type=\"section\">\n\t\t\t\t\t\t<div class=\"elementor-container elementor-column-gap-default\">\n\t\t\t\t\t<div class=\"elementor-column elementor-col-100 elementor-top-column elementor-element elementor-element-177ab21\" data-id=\"177ab21\" data-element_type=\"column\">\n\t\t\t<div class=\"elementor-widget-wrap elementor-element-populated\">\n\t\t\t\t\t\t<div class=\"elementor-element elementor-element-dae4f5a elementor-widget elementor-widget-heading\" data-id=\"dae4f5a\" data-element_type=\"widget\" data-widget_type=\"heading.default\">\n\t\t\t\t<div class=\"elementor-widget-container\">\n\t\t\t\t\t<h2 class=\"elementor-heading-title elementor-size-xl\">Daniel Cariou<\/h2>\t\t\t\t<\/div>\n\t\t\t\t<\/div>\n\t\t\t\t<section class=\"elementor-section elementor-inner-section elementor-element elementor-element-60233ca elementor-section-boxed elementor-section-height-default elementor-section-height-default\" data-id=\"60233ca\" data-element_type=\"section\">\n\t\t\t\t\t\t<div class=\"elementor-container elementor-column-gap-default\">\n\t\t\t\t\t<div class=\"elementor-column elementor-col-50 elementor-inner-column elementor-element elementor-element-c99f20e\" data-id=\"c99f20e\" data-element_type=\"column\">\n\t\t\t<div class=\"elementor-widget-wrap elementor-element-populated\">\n\t\t\t\t\t\t<div class=\"elementor-element elementor-element-2245498 elementor-widget elementor-widget-image\" data-id=\"2245498\" data-element_type=\"widget\" data-widget_type=\"image.default\">\n\t\t\t\t<div class=\"elementor-widget-container\">\n\t\t\t\t\t\t\t\t\t\t\t\t\t\t\t<img fetchpriority=\"high\" decoding=\"async\" width=\"768\" height=\"434\" src=\"https:\/\/www.festival-escales-photos.fr\/wp-content\/uploads\/2019\/05\/photographe-quiberon-768x434.jpg\" class=\"attachment-medium_large size-medium_large wp-image-797\" alt=\"Daniel Cariou photographe \u00e0 Quiberon\" srcset=\"https:\/\/www.festival-escales-photos.fr\/wp-content\/uploads\/2019\/05\/photographe-quiberon-768x434.jpg 768w, https:\/\/www.festival-escales-photos.fr\/wp-content\/uploads\/2019\/05\/photographe-quiberon-300x170.jpg 300w, https:\/\/www.festival-escales-photos.fr\/wp-content\/uploads\/2019\/05\/photographe-quiberon-1024x579.jpg 1024w, https:\/\/www.festival-escales-photos.fr\/wp-content\/uploads\/2019\/05\/photographe-quiberon.jpg 1260w\" sizes=\"(max-width: 768px) 100vw, 768px\" \/>\t\t\t\t\t\t\t\t\t\t\t\t\t\t\t<\/div>\n\t\t\t\t<\/div>\n\t\t\t\t\t<\/div>\n\t\t<\/div>\n\t\t\t\t<div class=\"elementor-column elementor-col-50 elementor-inner-column elementor-element elementor-element-13210cb\" data-id=\"13210cb\" data-element_type=\"column\">\n\t\t\t<div class=\"elementor-widget-wrap elementor-element-populated\">\n\t\t\t\t\t\t<div class=\"elementor-element elementor-element-bdc0694 elementor-widget elementor-widget-heading\" data-id=\"bdc0694\" data-element_type=\"widget\" data-widget_type=\"heading.default\">\n\t\t\t\t<div class=\"elementor-widget-container\">\n\t\t\t\t\t<div class=\"elementor-heading-title elementor-size-medium\">Le Portrait du photographe <\/div>\t\t\t\t<\/div>\n\t\t\t\t<\/div>\n\t\t\t\t<div class=\"elementor-element elementor-element-91918e5 elementor-widget elementor-widget-text-editor\" data-id=\"91918e5\" data-element_type=\"widget\" data-widget_type=\"text-editor.default\">\n\t\t\t\t<div class=\"elementor-widget-container\">\n\t\t\t\t\t\t\t\t\t<p>Au d\u00e9but des ann\u00e9es 1970, les gardiens laissent place \u00e0 l\u2019automatisation des phares en mer. Le photographe Daniel Cariou d\u00e9cide de r\u00e9aliser un reportage en t\u00e9moignage de la vie de ces hommes. Il partage pendant une semaine la vie de Jean Golv\u00e9 et de Philippe Viard gardiens aux Grands Cardinaux, au large d\u2019Ho\u00ebdic.<\/p>\t\t\t\t\t\t\t\t<\/div>\n\t\t\t\t<\/div>\n\t\t\t\t<div class=\"elementor-element elementor-element-fbc7f02 elementor-widget elementor-widget-spacer\" data-id=\"fbc7f02\" data-element_type=\"widget\" data-widget_type=\"spacer.default\">\n\t\t\t\t<div class=\"elementor-widget-container\">\n\t\t\t\t\t\t\t<div class=\"elementor-spacer\">\n\t\t\t<div class=\"elementor-spacer-inner\"><\/div>\n\t\t<\/div>\n\t\t\t\t\t\t<\/div>\n\t\t\t\t<\/div>\n\t\t\t\t\t<\/div>\n\t\t<\/div>\n\t\t\t\t\t<\/div>\n\t\t<\/section>\n\t\t\t\t<div class=\"elementor-element elementor-element-70c8069 elementor-widget elementor-widget-heading\" data-id=\"70c8069\" data-element_type=\"widget\" data-widget_type=\"heading.default\">\n\t\t\t\t<div class=\"elementor-widget-container\">\n\t\t\t\t\t<h3 class=\"elementor-heading-title elementor-size-large\">C'\u00e9tait la vie au phare<\/h3>\t\t\t\t<\/div>\n\t\t\t\t<\/div>\n\t\t\t\t<div class=\"elementor-element elementor-element-c2cc4c5 elementor-widget elementor-widget-image\" data-id=\"c2cc4c5\" data-element_type=\"widget\" data-widget_type=\"image.default\">\n\t\t\t\t<div class=\"elementor-widget-container\">\n\t\t\t\t\t\t\t\t\t\t\t\t\t\t\t<img decoding=\"async\" width=\"1024\" height=\"515\" src=\"https:\/\/www.festival-escales-photos.fr\/wp-content\/uploads\/2019\/05\/Ce\u0301tait-la-vie-au-phare-exposition-daniel-cariou-1024x515.jpg\" class=\"attachment-large size-large wp-image-985\" alt=\"C&#039;\u00e9tait la vie au phare une exposition de Daniel Cariou\" srcset=\"https:\/\/www.festival-escales-photos.fr\/wp-content\/uploads\/2019\/05\/Ce\u0301tait-la-vie-au-phare-exposition-daniel-cariou-1024x515.jpg 1024w, https:\/\/www.festival-escales-photos.fr\/wp-content\/uploads\/2019\/05\/Ce\u0301tait-la-vie-au-phare-exposition-daniel-cariou-300x151.jpg 300w, https:\/\/www.festival-escales-photos.fr\/wp-content\/uploads\/2019\/05\/Ce\u0301tait-la-vie-au-phare-exposition-daniel-cariou-768x386.jpg 768w\" sizes=\"(max-width: 1024px) 100vw, 1024px\" \/>\t\t\t\t\t\t\t\t\t\t\t\t\t\t\t<\/div>\n\t\t\t\t<\/div>\n\t\t\t\t<div class=\"elementor-element elementor-element-7a89e1f elementor-widget elementor-widget-text-editor\" data-id=\"7a89e1f\" data-element_type=\"widget\" data-widget_type=\"text-editor.default\">\n\t\t\t\t<div class=\"elementor-widget-container\">\n\t\t\t\t\t\t\t\t\t<div class=\"page\" title=\"Page 16\"><div class=\"section\"><div class=\"layoutArea\"><div class=\"column\"><p>Plant\u00e9s comme des pieux dans les vagues, leurs silhouettes \u00e0 peine esquiss\u00e9es dans les brumes du matin ou illumin\u00e9es comme des ic\u00f4nes de Fran\u00e7ois Jouas-Poutrel, dans les lumi\u00e8res intenses des ciels de tra\u00eene, les phares de mer de notre territoire sont autant ancr\u00e9s dans le pr\u00e9sent de la Bretagne maritime que dans sa m\u00e9moire. A la nuit tomb\u00e9e, la constance des signaux qu\u2019ils envoient aux marins illustre avec toujours autant de force la tranquille r\u00e9sistance de ces b\u00e2timents \u00e9rig\u00e9s pour le seul salut des hommes.<\/p><p>Extrait du texte de Louis Cozan avec l\u2019aimable autorisation de la revue ArMen.<\/p><\/div><\/div><\/div><\/div>\t\t\t\t\t\t\t\t<\/div>\n\t\t\t\t<\/div>\n\t\t\t\t<div class=\"elementor-element elementor-element-09c26c1 elementor-widget elementor-widget-text-editor\" data-id=\"09c26c1\" data-element_type=\"widget\" data-widget_type=\"text-editor.default\">\n\t\t\t\t<div class=\"elementor-widget-container\">\n\t\t\t\t\t\t\t\t\t<p><a href=\"http:\/\/www.festival-escales-photos.fr\/expo-photo-daniel-cariou-2\/\"><img decoding=\"async\" class=\"aligncenter size-large wp-image-710\" src=\"http:\/\/www.festival-escales-photos.fr\/wp-content\/uploads\/2019\/05\/expo-photo-daniel-cariou-696x1024.jpg\" alt=\"Expo photo c'\u00e9tait la vie au Phare de Daniel Cariou\" width=\"696\" height=\"1024\" srcset=\"https:\/\/www.festival-escales-photos.fr\/wp-content\/uploads\/2019\/05\/expo-photo-daniel-cariou-696x1024.jpg 696w, https:\/\/www.festival-escales-photos.fr\/wp-content\/uploads\/2019\/05\/expo-photo-daniel-cariou-204x300.jpg 204w, https:\/\/www.festival-escales-photos.fr\/wp-content\/uploads\/2019\/05\/expo-photo-daniel-cariou-768x1130.jpg 768w\" sizes=\"(max-width: 696px) 100vw, 696px\" \/><\/a><\/p>\t\t\t\t\t\t\t\t<\/div>\n\t\t\t\t<\/div>\n\t\t\t\t\t<\/div>\n\t\t<\/div>\n\t\t\t\t\t<\/div>\n\t\t<\/section>\n\t\t\t\t<\/div>\n\t\t","protected":false},"excerpt":{"rendered":"<p>Daniel Cariou Le Portrait du photographe Au d\u00e9but des ann\u00e9es 1970, les gardiens laissent place \u00e0 l\u2019automatisation des phares en mer. Le photographe Daniel Cariou d\u00e9cide de r\u00e9aliser un reportage en t\u00e9moignage de la vie de ces hommes. Il partage pendant une semaine la vie de Jean Golv\u00e9 et de Philippe Viard gardiens aux Grands [&hellip;]<\/p>\n","protected":false},"author":1,"featured_media":709,"parent":0,"menu_order":0,"comment_status":"closed","ping_status":"closed","template":"","meta":{"_monsterinsights_skip_tracking":false,"_monsterinsights_sitenote_active":false,"_monsterinsights_sitenote_note":"","_monsterinsights_sitenote_category":0,"ocean_post_layout":"","ocean_both_sidebars_style":"","ocean_both_sidebars_content_width":0,"ocean_both_sidebars_sidebars_width":0,"ocean_sidebar":"0","ocean_second_sidebar":"0","ocean_disable_margins":"enable","ocean_add_body_class":"","ocean_shortcode_before_top_bar":"","ocean_shortcode_after_top_bar":"","ocean_shortcode_before_header":"","ocean_shortcode_after_header":"","ocean_has_shortcode":"","ocean_shortcode_after_title":"","ocean_shortcode_before_footer_widgets":"","ocean_shortcode_after_footer_widgets":"","ocean_shortcode_before_footer_bottom":"","ocean_shortcode_after_footer_bottom":"","ocean_display_top_bar":"default","ocean_display_header":"default","ocean_header_style":"","ocean_center_header_left_menu":"0","ocean_custom_header_template":"0","ocean_custom_logo":0,"ocean_custom_retina_logo":0,"ocean_custom_logo_max_width":0,"ocean_custom_logo_tablet_max_width":0,"ocean_custom_logo_mobile_max_width":0,"ocean_custom_logo_max_height":0,"ocean_custom_logo_tablet_max_height":0,"ocean_custom_logo_mobile_max_height":0,"ocean_header_custom_menu":"0","ocean_menu_typo_font_family":"0","ocean_menu_typo_font_subset":"","ocean_menu_typo_font_size":0,"ocean_menu_typo_font_size_tablet":0,"ocean_menu_typo_font_size_mobile":0,"ocean_menu_typo_font_size_unit":"px","ocean_menu_typo_font_weight":"","ocean_menu_typo_font_weight_tablet":"","ocean_menu_typo_font_weight_mobile":"","ocean_menu_typo_transform":"","ocean_menu_typo_transform_tablet":"","ocean_menu_typo_transform_mobile":"","ocean_menu_typo_line_height":0,"ocean_menu_typo_line_height_tablet":0,"ocean_menu_typo_line_height_mobile":0,"ocean_menu_typo_line_height_unit":"","ocean_menu_typo_spacing":0,"ocean_menu_typo_spacing_tablet":0,"ocean_menu_typo_spacing_mobile":0,"ocean_menu_typo_spacing_unit":"","ocean_menu_link_color":"","ocean_menu_link_color_hover":"","ocean_menu_link_color_active":"","ocean_menu_link_background":"","ocean_menu_link_hover_background":"","ocean_menu_link_active_background":"","ocean_menu_social_links_bg":"","ocean_menu_social_hover_links_bg":"","ocean_menu_social_links_color":"","ocean_menu_social_hover_links_color":"","ocean_disable_title":"default","ocean_disable_heading":"default","ocean_post_title":"","ocean_post_subheading":"","ocean_post_title_style":"","ocean_post_title_background_color":"","ocean_post_title_background":0,"ocean_post_title_bg_image_position":"","ocean_post_title_bg_image_attachment":"","ocean_post_title_bg_image_repeat":"","ocean_post_title_bg_image_size":"","ocean_post_title_height":0,"ocean_post_title_bg_overlay":0.5,"ocean_post_title_bg_overlay_color":"","ocean_disable_breadcrumbs":"default","ocean_breadcrumbs_color":"","ocean_breadcrumbs_separator_color":"","ocean_breadcrumbs_links_color":"","ocean_breadcrumbs_links_hover_color":"","ocean_display_footer_widgets":"default","ocean_display_footer_bottom":"default","ocean_custom_footer_template":"0","footnotes":""},"class_list":["post-793","page","type-page","status-publish","has-post-thumbnail","hentry","entry","has-media"],"yoast_head":"<!-- This site is optimized with the Yoast SEO plugin v25.7 - https:\/\/yoast.com\/wordpress\/plugins\/seo\/ -->\n<title>Expo de Daniel Cariou C&#039;\u00e9tait la Vie au Phare - Festival Escales Photos<\/title>\n<meta name=\"description\" content=\"Le photographe Daniel Cariou d\u00e9cide de r\u00e9aliser un reportage en t\u00e9moignage de la vie de ces hommes. Il partage pendant une semaine la vie de Jean Golv\u00e9\" \/>\n<meta name=\"robots\" content=\"index, follow, max-snippet:-1, max-image-preview:large, max-video-preview:-1\" \/>\n<link rel=\"canonical\" href=\"https:\/\/www.festival-escales-photos.fr\/index.php\/daniel-cariou-cetait-la-vie-au-phare\/\" \/>\n<meta property=\"og:locale\" content=\"en_US\" \/>\n<meta property=\"og:type\" content=\"article\" \/>\n<meta property=\"og:title\" content=\"Expo de Daniel Cariou C&#039;\u00e9tait la Vie au Phare - Festival Escales Photos\" \/>\n<meta property=\"og:description\" content=\"Le photographe Daniel Cariou d\u00e9cide de r\u00e9aliser un reportage en t\u00e9moignage de la vie de ces hommes. Il partage pendant une semaine la vie de Jean Golv\u00e9\" \/>\n<meta property=\"og:url\" content=\"https:\/\/www.festival-escales-photos.fr\/index.php\/daniel-cariou-cetait-la-vie-au-phare\/\" \/>\n<meta property=\"og:site_name\" content=\"Festival Escales Photos\" \/>\n<meta property=\"article:publisher\" content=\"https:\/\/www.facebook.com\/festivalescalesphotos\" \/>\n<meta property=\"article:modified_time\" content=\"2019-05-17T12:50:51+00:00\" \/>\n<meta property=\"og:image\" content=\"https:\/\/www.festival-escales-photos.fr\/wp-content\/uploads\/2019\/05\/expo-photo-Daniel-Cariou.jpg\" \/>\n\t<meta property=\"og:image:width\" content=\"1772\" \/>\n\t<meta property=\"og:image:height\" content=\"1765\" \/>\n\t<meta property=\"og:image:type\" content=\"image\/jpeg\" \/>\n<meta name=\"twitter:card\" content=\"summary_large_image\" \/>\n<meta name=\"twitter:label1\" content=\"Est. reading time\" \/>\n\t<meta name=\"twitter:data1\" content=\"1 minute\" \/>\n<script type=\"application\/ld+json\" class=\"yoast-schema-graph\">{\"@context\":\"https:\/\/schema.org\",\"@graph\":[{\"@type\":\"WebPage\",\"@id\":\"https:\/\/www.festival-escales-photos.fr\/index.php\/daniel-cariou-cetait-la-vie-au-phare\/\",\"url\":\"https:\/\/www.festival-escales-photos.fr\/index.php\/daniel-cariou-cetait-la-vie-au-phare\/\",\"name\":\"Expo de Daniel Cariou C'\u00e9tait la Vie au Phare - Festival Escales Photos\",\"isPartOf\":{\"@id\":\"http:\/\/www.festival-escales-photos.fr\/#website\"},\"primaryImageOfPage\":{\"@id\":\"https:\/\/www.festival-escales-photos.fr\/index.php\/daniel-cariou-cetait-la-vie-au-phare\/#primaryimage\"},\"image\":{\"@id\":\"https:\/\/www.festival-escales-photos.fr\/index.php\/daniel-cariou-cetait-la-vie-au-phare\/#primaryimage\"},\"thumbnailUrl\":\"https:\/\/www.festival-escales-photos.fr\/wp-content\/uploads\/2019\/05\/expo-photo-Daniel-Cariou.jpg\",\"datePublished\":\"2019-05-09T11:39:33+00:00\",\"dateModified\":\"2019-05-17T12:50:51+00:00\",\"description\":\"Le photographe Daniel Cariou d\u00e9cide de r\u00e9aliser un reportage en t\u00e9moignage de la vie de ces hommes. Il partage pendant une semaine la vie de Jean Golv\u00e9\",\"breadcrumb\":{\"@id\":\"https:\/\/www.festival-escales-photos.fr\/index.php\/daniel-cariou-cetait-la-vie-au-phare\/#breadcrumb\"},\"inLanguage\":\"en-US\",\"potentialAction\":[{\"@type\":\"ReadAction\",\"target\":[\"https:\/\/www.festival-escales-photos.fr\/index.php\/daniel-cariou-cetait-la-vie-au-phare\/\"]}]},{\"@type\":\"ImageObject\",\"inLanguage\":\"en-US\",\"@id\":\"https:\/\/www.festival-escales-photos.fr\/index.php\/daniel-cariou-cetait-la-vie-au-phare\/#primaryimage\",\"url\":\"https:\/\/www.festival-escales-photos.fr\/wp-content\/uploads\/2019\/05\/expo-photo-Daniel-Cariou.jpg\",\"contentUrl\":\"https:\/\/www.festival-escales-photos.fr\/wp-content\/uploads\/2019\/05\/expo-photo-Daniel-Cariou.jpg\",\"width\":1772,\"height\":1765},{\"@type\":\"BreadcrumbList\",\"@id\":\"https:\/\/www.festival-escales-photos.fr\/index.php\/daniel-cariou-cetait-la-vie-au-phare\/#breadcrumb\",\"itemListElement\":[{\"@type\":\"ListItem\",\"position\":1,\"name\":\"Accueil\",\"item\":\"http:\/\/www.festival-escales-photos.fr\/\"},{\"@type\":\"ListItem\",\"position\":2,\"name\":\"Daniel Cariou C&#8217;\u00e9tait la Vie au Phare\"}]},{\"@type\":\"WebSite\",\"@id\":\"http:\/\/www.festival-escales-photos.fr\/#website\",\"url\":\"http:\/\/www.festival-escales-photos.fr\/\",\"name\":\"Festival Escales Photos\",\"description\":\"\",\"publisher\":{\"@id\":\"http:\/\/www.festival-escales-photos.fr\/#organization\"},\"potentialAction\":[{\"@type\":\"SearchAction\",\"target\":{\"@type\":\"EntryPoint\",\"urlTemplate\":\"http:\/\/www.festival-escales-photos.fr\/?s={search_term_string}\"},\"query-input\":{\"@type\":\"PropertyValueSpecification\",\"valueRequired\":true,\"valueName\":\"search_term_string\"}}],\"inLanguage\":\"en-US\"},{\"@type\":\"Organization\",\"@id\":\"http:\/\/www.festival-escales-photos.fr\/#organization\",\"name\":\"Festival Escales Photos\",\"url\":\"http:\/\/www.festival-escales-photos.fr\/\",\"logo\":{\"@type\":\"ImageObject\",\"inLanguage\":\"en-US\",\"@id\":\"http:\/\/www.festival-escales-photos.fr\/#\/schema\/logo\/image\/\",\"url\":\"http:\/\/www.festival-escales-photos.fr\/wp-content\/uploads\/2019\/04\/icone-escales-photos-56.jpg\",\"contentUrl\":\"http:\/\/www.festival-escales-photos.fr\/wp-content\/uploads\/2019\/04\/icone-escales-photos-56.jpg\",\"width\":512,\"height\":362,\"caption\":\"Festival Escales Photos\"},\"image\":{\"@id\":\"http:\/\/www.festival-escales-photos.fr\/#\/schema\/logo\/image\/\"},\"sameAs\":[\"https:\/\/www.facebook.com\/festivalescalesphotos\",\"https:\/\/www.instagram.com\/festivalescalesphotos\/\"]}]}<\/script>\n<!-- \/ Yoast SEO plugin. -->","yoast_head_json":{"title":"Expo de Daniel Cariou C'\u00e9tait la Vie au Phare - Festival Escales Photos","description":"Le photographe Daniel Cariou d\u00e9cide de r\u00e9aliser un reportage en t\u00e9moignage de la vie de ces hommes. Il partage pendant une semaine la vie de Jean Golv\u00e9","robots":{"index":"index","follow":"follow","max-snippet":"max-snippet:-1","max-image-preview":"max-image-preview:large","max-video-preview":"max-video-preview:-1"},"canonical":"https:\/\/www.festival-escales-photos.fr\/index.php\/daniel-cariou-cetait-la-vie-au-phare\/","og_locale":"en_US","og_type":"article","og_title":"Expo de Daniel Cariou C'\u00e9tait la Vie au Phare - Festival Escales Photos","og_description":"Le photographe Daniel Cariou d\u00e9cide de r\u00e9aliser un reportage en t\u00e9moignage de la vie de ces hommes. Il partage pendant une semaine la vie de Jean Golv\u00e9","og_url":"https:\/\/www.festival-escales-photos.fr\/index.php\/daniel-cariou-cetait-la-vie-au-phare\/","og_site_name":"Festival Escales Photos","article_publisher":"https:\/\/www.facebook.com\/festivalescalesphotos","article_modified_time":"2019-05-17T12:50:51+00:00","og_image":[{"width":1772,"height":1765,"url":"https:\/\/www.festival-escales-photos.fr\/wp-content\/uploads\/2019\/05\/expo-photo-Daniel-Cariou.jpg","type":"image\/jpeg"}],"twitter_card":"summary_large_image","twitter_misc":{"Est. reading time":"1 minute"},"schema":{"@context":"https:\/\/schema.org","@graph":[{"@type":"WebPage","@id":"https:\/\/www.festival-escales-photos.fr\/index.php\/daniel-cariou-cetait-la-vie-au-phare\/","url":"https:\/\/www.festival-escales-photos.fr\/index.php\/daniel-cariou-cetait-la-vie-au-phare\/","name":"Expo de Daniel Cariou C'\u00e9tait la Vie au Phare - Festival Escales Photos","isPartOf":{"@id":"http:\/\/www.festival-escales-photos.fr\/#website"},"primaryImageOfPage":{"@id":"https:\/\/www.festival-escales-photos.fr\/index.php\/daniel-cariou-cetait-la-vie-au-phare\/#primaryimage"},"image":{"@id":"https:\/\/www.festival-escales-photos.fr\/index.php\/daniel-cariou-cetait-la-vie-au-phare\/#primaryimage"},"thumbnailUrl":"https:\/\/www.festival-escales-photos.fr\/wp-content\/uploads\/2019\/05\/expo-photo-Daniel-Cariou.jpg","datePublished":"2019-05-09T11:39:33+00:00","dateModified":"2019-05-17T12:50:51+00:00","description":"Le photographe Daniel Cariou d\u00e9cide de r\u00e9aliser un reportage en t\u00e9moignage de la vie de ces hommes. Il partage pendant une semaine la vie de Jean Golv\u00e9","breadcrumb":{"@id":"https:\/\/www.festival-escales-photos.fr\/index.php\/daniel-cariou-cetait-la-vie-au-phare\/#breadcrumb"},"inLanguage":"en-US","potentialAction":[{"@type":"ReadAction","target":["https:\/\/www.festival-escales-photos.fr\/index.php\/daniel-cariou-cetait-la-vie-au-phare\/"]}]},{"@type":"ImageObject","inLanguage":"en-US","@id":"https:\/\/www.festival-escales-photos.fr\/index.php\/daniel-cariou-cetait-la-vie-au-phare\/#primaryimage","url":"https:\/\/www.festival-escales-photos.fr\/wp-content\/uploads\/2019\/05\/expo-photo-Daniel-Cariou.jpg","contentUrl":"https:\/\/www.festival-escales-photos.fr\/wp-content\/uploads\/2019\/05\/expo-photo-Daniel-Cariou.jpg","width":1772,"height":1765},{"@type":"BreadcrumbList","@id":"https:\/\/www.festival-escales-photos.fr\/index.php\/daniel-cariou-cetait-la-vie-au-phare\/#breadcrumb","itemListElement":[{"@type":"ListItem","position":1,"name":"Accueil","item":"http:\/\/www.festival-escales-photos.fr\/"},{"@type":"ListItem","position":2,"name":"Daniel Cariou C&#8217;\u00e9tait la Vie au Phare"}]},{"@type":"WebSite","@id":"http:\/\/www.festival-escales-photos.fr\/#website","url":"http:\/\/www.festival-escales-photos.fr\/","name":"Festival Escales Photos","description":"","publisher":{"@id":"http:\/\/www.festival-escales-photos.fr\/#organization"},"potentialAction":[{"@type":"SearchAction","target":{"@type":"EntryPoint","urlTemplate":"http:\/\/www.festival-escales-photos.fr\/?s={search_term_string}"},"query-input":{"@type":"PropertyValueSpecification","valueRequired":true,"valueName":"search_term_string"}}],"inLanguage":"en-US"},{"@type":"Organization","@id":"http:\/\/www.festival-escales-photos.fr\/#organization","name":"Festival Escales Photos","url":"http:\/\/www.festival-escales-photos.fr\/","logo":{"@type":"ImageObject","inLanguage":"en-US","@id":"http:\/\/www.festival-escales-photos.fr\/#\/schema\/logo\/image\/","url":"http:\/\/www.festival-escales-photos.fr\/wp-content\/uploads\/2019\/04\/icone-escales-photos-56.jpg","contentUrl":"http:\/\/www.festival-escales-photos.fr\/wp-content\/uploads\/2019\/04\/icone-escales-photos-56.jpg","width":512,"height":362,"caption":"Festival Escales Photos"},"image":{"@id":"http:\/\/www.festival-escales-photos.fr\/#\/schema\/logo\/image\/"},"sameAs":["https:\/\/www.facebook.com\/festivalescalesphotos","https:\/\/www.instagram.com\/festivalescalesphotos\/"]}]}},"_links":{"self":[{"href":"https:\/\/www.festival-escales-photos.fr\/index.php\/wp-json\/wp\/v2\/pages\/793","targetHints":{"allow":["GET"]}}],"collection":[{"href":"https:\/\/www.festival-escales-photos.fr\/index.php\/wp-json\/wp\/v2\/pages"}],"about":[{"href":"https:\/\/www.festival-escales-photos.fr\/index.php\/wp-json\/wp\/v2\/types\/page"}],"author":[{"embeddable":true,"href":"https:\/\/www.festival-escales-photos.fr\/index.php\/wp-json\/wp\/v2\/users\/1"}],"replies":[{"embeddable":true,"href":"https:\/\/www.festival-escales-photos.fr\/index.php\/wp-json\/wp\/v2\/comments?post=793"}],"version-history":[{"count":11,"href":"https:\/\/www.festival-escales-photos.fr\/index.php\/wp-json\/wp\/v2\/pages\/793\/revisions"}],"predecessor-version":[{"id":1446,"href":"https:\/\/www.festival-escales-photos.fr\/index.php\/wp-json\/wp\/v2\/pages\/793\/revisions\/1446"}],"wp:featuredmedia":[{"embeddable":true,"href":"https:\/\/www.festival-escales-photos.fr\/index.php\/wp-json\/wp\/v2\/media\/709"}],"wp:attachment":[{"href":"https:\/\/www.festival-escales-photos.fr\/index.php\/wp-json\/wp\/v2\/media?parent=793"}],"curies":[{"name":"wp","href":"https:\/\/api.w.org\/{rel}","templated":true}]}}