{"id":808,"date":"2019-05-09T14:07:21","date_gmt":"2019-05-09T12:07:21","guid":{"rendered":"http:\/\/www.festival-escales-photos.fr\/?page_id=808"},"modified":"2021-03-26T20:22:52","modified_gmt":"2021-03-26T19:22:52","slug":"maud-bernos-tous-les-marins-ont-les-yeux-bleus","status":"publish","type":"page","link":"https:\/\/www.festival-escales-photos.fr\/index.php\/maud-bernos-tous-les-marins-ont-les-yeux-bleus\/","title":{"rendered":"Maud Bernos Tous les Marins Ont les Yeux Bleus"},"content":{"rendered":"\t\t<div data-elementor-type=\"wp-post\" data-elementor-id=\"808\" class=\"elementor elementor-808\">\n\t\t\t\t\t\t<section class=\"elementor-section elementor-top-section elementor-element elementor-element-16c17a7d elementor-section-boxed elementor-section-height-default elementor-section-height-default\" data-id=\"16c17a7d\" data-element_type=\"section\">\n\t\t\t\t\t\t<div class=\"elementor-container elementor-column-gap-default\">\n\t\t\t\t\t<div class=\"elementor-column elementor-col-100 elementor-top-column elementor-element elementor-element-3f0100fe\" data-id=\"3f0100fe\" data-element_type=\"column\">\n\t\t\t<div class=\"elementor-widget-wrap elementor-element-populated\">\n\t\t\t\t\t\t<div class=\"elementor-element elementor-element-52e3ceec elementor-widget elementor-widget-heading\" data-id=\"52e3ceec\" data-element_type=\"widget\" data-widget_type=\"heading.default\">\n\t\t\t\t<div class=\"elementor-widget-container\">\n\t\t\t\t\t<h2 class=\"elementor-heading-title elementor-size-large\">Maud Bernos<\/h2>\t\t\t\t<\/div>\n\t\t\t\t<\/div>\n\t\t\t\t<section class=\"elementor-section elementor-inner-section elementor-element elementor-element-42057a7e elementor-section-boxed elementor-section-height-default elementor-section-height-default\" data-id=\"42057a7e\" data-element_type=\"section\">\n\t\t\t\t\t\t<div class=\"elementor-container elementor-column-gap-default\">\n\t\t\t\t\t<div class=\"elementor-column elementor-col-50 elementor-inner-column elementor-element elementor-element-4482b3df\" data-id=\"4482b3df\" data-element_type=\"column\">\n\t\t\t<div class=\"elementor-widget-wrap elementor-element-populated\">\n\t\t\t\t\t\t<div class=\"elementor-element elementor-element-8f1b095 elementor-widget elementor-widget-image\" data-id=\"8f1b095\" data-element_type=\"widget\" data-widget_type=\"image.default\">\n\t\t\t\t<div class=\"elementor-widget-container\">\n\t\t\t\t\t\t\t\t\t\t\t\t<figure class=\"wp-caption\">\n\t\t\t\t\t\t\t\t\t\t<img fetchpriority=\"high\" decoding=\"async\" width=\"300\" height=\"300\" src=\"https:\/\/www.festival-escales-photos.fr\/wp-content\/uploads\/2019\/05\/Portrait-Maud-Bernos-\u00a9-Catherine-Foussat.jpg\" class=\"attachment-medium size-medium wp-image-809\" alt=\"Portrait de la photographe Maud Bernos\" srcset=\"https:\/\/www.festival-escales-photos.fr\/wp-content\/uploads\/2019\/05\/Portrait-Maud-Bernos-\u00a9-Catherine-Foussat.jpg 300w, https:\/\/www.festival-escales-photos.fr\/wp-content\/uploads\/2019\/05\/Portrait-Maud-Bernos-\u00a9-Catherine-Foussat-150x150.jpg 150w\" sizes=\"(max-width: 300px) 100vw, 300px\" \/>\t\t\t\t\t\t\t\t\t\t\t<figcaption class=\"widget-image-caption wp-caption-text\">\u00a9Catherine Foussat<\/figcaption>\n\t\t\t\t\t\t\t\t\t\t<\/figure>\n\t\t\t\t\t\t\t\t\t<\/div>\n\t\t\t\t<\/div>\n\t\t\t\t\t<\/div>\n\t\t<\/div>\n\t\t\t\t<div class=\"elementor-column elementor-col-50 elementor-inner-column elementor-element elementor-element-511b52fd\" data-id=\"511b52fd\" data-element_type=\"column\">\n\t\t\t<div class=\"elementor-widget-wrap elementor-element-populated\">\n\t\t\t\t\t\t<div class=\"elementor-element elementor-element-685079b2 elementor-widget elementor-widget-heading\" data-id=\"685079b2\" data-element_type=\"widget\" data-widget_type=\"heading.default\">\n\t\t\t\t<div class=\"elementor-widget-container\">\n\t\t\t\t\t<div class=\"elementor-heading-title elementor-size-medium\">Le Portrait de la photographe <\/div>\t\t\t\t<\/div>\n\t\t\t\t<\/div>\n\t\t\t\t<div class=\"elementor-element elementor-element-a7b9e1a elementor-widget elementor-widget-spacer\" data-id=\"a7b9e1a\" data-element_type=\"widget\" data-widget_type=\"spacer.default\">\n\t\t\t\t<div class=\"elementor-widget-container\">\n\t\t\t\t\t\t\t<div class=\"elementor-spacer\">\n\t\t\t<div class=\"elementor-spacer-inner\"><\/div>\n\t\t<\/div>\n\t\t\t\t\t\t<\/div>\n\t\t\t\t<\/div>\n\t\t\t\t<div class=\"elementor-element elementor-element-48004183 elementor-widget elementor-widget-text-editor\" data-id=\"48004183\" data-element_type=\"widget\" data-widget_type=\"text-editor.default\">\n\t\t\t\t<div class=\"elementor-widget-container\">\n\t\t\t\t\t\t\t\t\t<div class=\"page\" title=\"Page 13\"><div class=\"section\"><div class=\"layoutArea\"><div class=\"column\"><p>Free-lance, autodidacte, sans amarres, sans cesse en voyage et en mouvement, Maud Bernos est surtout attach\u00e9e \u00e0 la libert\u00e9. Apr\u00e8s une enfance pass\u00e9e entre la France, l\u2019Afrique et l\u2019Espagne, elle pose son sac \u00e0 Paris, se lance dans la photo et devient l\u2019assistante de photographes comme Claude Gassian.<\/p><p>En 2014, elle est laur\u00e9ate du prix SFR Jeunes Talents.<\/p><\/div><\/div><\/div><\/div>\t\t\t\t\t\t\t\t<\/div>\n\t\t\t\t<\/div>\n\t\t\t\t\t<\/div>\n\t\t<\/div>\n\t\t\t\t\t<\/div>\n\t\t<\/section>\n\t\t\t\t<div class=\"elementor-element elementor-element-17723239 elementor-widget elementor-widget-heading\" data-id=\"17723239\" data-element_type=\"widget\" data-widget_type=\"heading.default\">\n\t\t\t\t<div class=\"elementor-widget-container\">\n\t\t\t\t\t<h3 class=\"elementor-heading-title elementor-size-large\">Tous les marins ont les yeux bleus<\/h3>\t\t\t\t<\/div>\n\t\t\t\t<\/div>\n\t\t\t\t<div class=\"elementor-element elementor-element-73615611 elementor-widget elementor-widget-image-gallery\" data-id=\"73615611\" data-element_type=\"widget\" data-widget_type=\"image-gallery.default\">\n\t\t\t\t<div class=\"elementor-widget-container\">\n\t\t\t\t\t\t\t<div class=\"elementor-image-gallery\">\n\t\t\t<div id='gallery-1' class='gallery galleryid-808 gallery-columns-1 gallery-size-medium_large'><figure class='gallery-item'>\n\t\t\t<div class='gallery-icon landscape'>\n\t\t\t\t<a data-elementor-open-lightbox=\"yes\" data-elementor-lightbox-slideshow=\"73615611\" data-elementor-lightbox-title=\"festival-escales-photos-Euge\u0300ne-Riguidel\" data-e-action-hash=\"#elementor-action%3Aaction%3Dlightbox%26settings%3DeyJpZCI6NjE5LCJ1cmwiOiJodHRwczpcL1wvd3d3LmZlc3RpdmFsLWVzY2FsZXMtcGhvdG9zLmZyXC93cC1jb250ZW50XC91cGxvYWRzXC8yMDE5XC8wNVwvZmVzdGl2YWwtZXNjYWxlcy1waG90b3MtRXVnZVx1MDMwMG5lLVJpZ3VpZGVsLmpwZyIsInNsaWRlc2hvdyI6IjczNjE1NjExIn0%3D\" href='https:\/\/www.festival-escales-photos.fr\/wp-content\/uploads\/2019\/05\/festival-escales-photos-Euge\u0300ne-Riguidel.jpg'><img decoding=\"async\" width=\"768\" height=\"768\" src=\"https:\/\/www.festival-escales-photos.fr\/wp-content\/uploads\/2019\/05\/festival-escales-photos-Euge\u0300ne-Riguidel-768x768.jpg\" class=\"attachment-medium_large size-medium_large\" alt=\"Eug\u00e8ne Riguidel au Festival Escales Photos\" srcset=\"https:\/\/www.festival-escales-photos.fr\/wp-content\/uploads\/2019\/05\/festival-escales-photos-Euge\u0300ne-Riguidel-768x768.jpg 768w, https:\/\/www.festival-escales-photos.fr\/wp-content\/uploads\/2019\/05\/festival-escales-photos-Euge\u0300ne-Riguidel-150x150.jpg 150w, https:\/\/www.festival-escales-photos.fr\/wp-content\/uploads\/2019\/05\/festival-escales-photos-Euge\u0300ne-Riguidel-300x300.jpg 300w, https:\/\/www.festival-escales-photos.fr\/wp-content\/uploads\/2019\/05\/festival-escales-photos-Euge\u0300ne-Riguidel.jpg 800w\" sizes=\"(max-width: 768px) 100vw, 768px\" \/><\/a>\n\t\t\t<\/div><\/figure>\n\t\t<\/div>\n\t\t<\/div>\n\t\t\t\t\t\t<\/div>\n\t\t\t\t<\/div>\n\t\t\t\t<div class=\"elementor-element elementor-element-6be6bfb1 elementor-widget elementor-widget-text-editor\" data-id=\"6be6bfb1\" data-element_type=\"widget\" data-widget_type=\"text-editor.default\">\n\t\t\t\t<div class=\"elementor-widget-container\">\n\t\t\t\t\t\t\t\t\t<div class=\"layoutArea\">\n<div class=\"column\">\n<p>Expos\u00e9 aux Rencontres Photographiques d\u2019Arles, BLUE EYES, \u00ab Portraits de Navigateurs \u00bb deviendra \u00ab Tous les marins ont les yeux bleus \u00bb sous la plume de Maylis de Kerangal. Maud Bernos a captur\u00e9 durant trois ans &#8211; en noir &amp; blanc a\u0300 l\u2019Hasselblad &#8211; le regard de ses h\u00e9ros \u00e0 leur retour \u00e0 terre, \u00e0 l\u2019arriv\u00e9e de la course. Ce sujet, succ\u00e8s d\u2019\u00e9dition n\u2019avait jamais \u00e9t\u00e9 expos\u00e9 en grand format ext\u00e9rieur.<\/p><p><span style=\"font-family: Amiko, sans-serif; font-size: 14px; font-style: normal; font-variant-ligatures: normal; font-variant-caps: normal; font-weight: 400;\">Dans le livre \u00ab Tous les marins ont les yeux bleus \u00bb Maylis de Kerangal \u00e9crit : \u00ab ce sont des portraits photographiques, des portraits de marins. Tous ont \u00e9t\u00e9 r\u00e9alis\u00e9s selon un mode op\u00e9ratoire identique -m\u00eame lumi\u00e8re, m\u00eame format, m\u00eame objectif, un Hasselblad argentique \u2013 et dans une situation pr\u00e9cise celle d\u2019un retour de mer, d\u2019un retour \u00e0 terre parmi les hommes.&#8221; Maud Bernos nous propose une s\u00e9lection de 20 de ses portraits.&nbsp;<\/span><br><\/p>\n<\/div>\n<\/div>\t\t\t\t\t\t\t\t<\/div>\n\t\t\t\t<\/div>\n\t\t\t\t<div class=\"elementor-element elementor-element-a693078 elementor-widget elementor-widget-text-editor\" data-id=\"a693078\" data-element_type=\"widget\" data-widget_type=\"text-editor.default\">\n\t\t\t\t<div class=\"elementor-widget-container\">\n\t\t\t\t\t\t\t\t\t<p><a href=\"https:\/\/www.festival-escales-photos.fr\/wp-content\/uploads\/2019\/05\/escales-photos-maud-bernos.pdf\" class=\"pdfemb-viewer\" style=\"\" data-width=\"max\" data-height=\"max\" data-toolbar=\"bottom\" data-toolbar-fixed=\"off\">escales-photos-maud-bernos<\/a><\/p>\t\t\t\t\t\t\t\t<\/div>\n\t\t\t\t<\/div>\n\t\t\t\t<div class=\"elementor-element elementor-element-1e38bf2 elementor-align-center elementor-widget elementor-widget-button\" data-id=\"1e38bf2\" data-element_type=\"widget\" data-widget_type=\"button.default\">\n\t\t\t\t<div class=\"elementor-widget-container\">\n\t\t\t\t\t\t\t\t\t<div class=\"elementor-button-wrapper\">\n\t\t\t\t\t<a class=\"elementor-button elementor-button-link elementor-size-sm\" href=\"https:\/\/www.maudbernos.com\" target=\"_blank\">\n\t\t\t\t\t\t<span class=\"elementor-button-content-wrapper\">\n\t\t\t\t\t\t\t\t\t<span class=\"elementor-button-text\">En savoir + sur Maud Bernos<\/span>\n\t\t\t\t\t<\/span>\n\t\t\t\t\t<\/a>\n\t\t\t\t<\/div>\n\t\t\t\t\t\t\t\t<\/div>\n\t\t\t\t<\/div>\n\t\t\t\t\t<\/div>\n\t\t<\/div>\n\t\t\t\t\t<\/div>\n\t\t<\/section>\n\t\t\t\t<\/div>\n\t\t","protected":false},"excerpt":{"rendered":"<p>Maud Bernos \u00a9Catherine Foussat Le Portrait de la photographe Free-lance, autodidacte, sans amarres, sans cesse en voyage et en mouvement, Maud Bernos est surtout attach\u00e9e \u00e0 la libert\u00e9. Apr\u00e8s une enfance pass\u00e9e entre la France, l\u2019Afrique et l\u2019Espagne, elle pose son sac \u00e0 Paris, se lance dans la photo et devient l\u2019assistante de photographes comme [&hellip;]<\/p>\n","protected":false},"author":1,"featured_media":809,"parent":0,"menu_order":0,"comment_status":"closed","ping_status":"closed","template":"","meta":{"_monsterinsights_skip_tracking":false,"_monsterinsights_sitenote_active":false,"_monsterinsights_sitenote_note":"","_monsterinsights_sitenote_category":0,"ocean_post_layout":"","ocean_both_sidebars_style":"","ocean_both_sidebars_content_width":0,"ocean_both_sidebars_sidebars_width":0,"ocean_sidebar":"0","ocean_second_sidebar":"0","ocean_disable_margins":"enable","ocean_add_body_class":"","ocean_shortcode_before_top_bar":"","ocean_shortcode_after_top_bar":"","ocean_shortcode_before_header":"","ocean_shortcode_after_header":"","ocean_has_shortcode":"","ocean_shortcode_after_title":"","ocean_shortcode_before_footer_widgets":"","ocean_shortcode_after_footer_widgets":"","ocean_shortcode_before_footer_bottom":"","ocean_shortcode_after_footer_bottom":"","ocean_display_top_bar":"default","ocean_display_header":"default","ocean_header_style":"","ocean_center_header_left_menu":"0","ocean_custom_header_template":"0","ocean_custom_logo":0,"ocean_custom_retina_logo":0,"ocean_custom_logo_max_width":0,"ocean_custom_logo_tablet_max_width":0,"ocean_custom_logo_mobile_max_width":0,"ocean_custom_logo_max_height":0,"ocean_custom_logo_tablet_max_height":0,"ocean_custom_logo_mobile_max_height":0,"ocean_header_custom_menu":"0","ocean_menu_typo_font_family":"0","ocean_menu_typo_font_subset":"","ocean_menu_typo_font_size":0,"ocean_menu_typo_font_size_tablet":0,"ocean_menu_typo_font_size_mobile":0,"ocean_menu_typo_font_size_unit":"px","ocean_menu_typo_font_weight":"","ocean_menu_typo_font_weight_tablet":"","ocean_menu_typo_font_weight_mobile":"","ocean_menu_typo_transform":"","ocean_menu_typo_transform_tablet":"","ocean_menu_typo_transform_mobile":"","ocean_menu_typo_line_height":0,"ocean_menu_typo_line_height_tablet":0,"ocean_menu_typo_line_height_mobile":0,"ocean_menu_typo_line_height_unit":"","ocean_menu_typo_spacing":0,"ocean_menu_typo_spacing_tablet":0,"ocean_menu_typo_spacing_mobile":0,"ocean_menu_typo_spacing_unit":"","ocean_menu_link_color":"","ocean_menu_link_color_hover":"","ocean_menu_link_color_active":"","ocean_menu_link_background":"","ocean_menu_link_hover_background":"","ocean_menu_link_active_background":"","ocean_menu_social_links_bg":"","ocean_menu_social_hover_links_bg":"","ocean_menu_social_links_color":"","ocean_menu_social_hover_links_color":"","ocean_disable_title":"default","ocean_disable_heading":"default","ocean_post_title":"","ocean_post_subheading":"","ocean_post_title_style":"","ocean_post_title_background_color":"","ocean_post_title_background":0,"ocean_post_title_bg_image_position":"","ocean_post_title_bg_image_attachment":"","ocean_post_title_bg_image_repeat":"","ocean_post_title_bg_image_size":"","ocean_post_title_height":0,"ocean_post_title_bg_overlay":0.5,"ocean_post_title_bg_overlay_color":"","ocean_disable_breadcrumbs":"default","ocean_breadcrumbs_color":"","ocean_breadcrumbs_separator_color":"","ocean_breadcrumbs_links_color":"","ocean_breadcrumbs_links_hover_color":"","ocean_display_footer_widgets":"default","ocean_display_footer_bottom":"default","ocean_custom_footer_template":"0","footnotes":""},"class_list":["post-808","page","type-page","status-publish","has-post-thumbnail","hentry","entry","has-media"],"yoast_head":"<!-- This site is optimized with the Yoast SEO plugin v25.7 - https:\/\/yoast.com\/wordpress\/plugins\/seo\/ -->\n<title>Maud Bernos Tous les Marins Ont les Yeux Bleus - Festival Escales Photos<\/title>\n<meta name=\"description\" content=\"Maud Bernos est photographe free-lance, autodidacte, sans amarres, sans cesse en voyage et en mouvement. Elle laur\u00e9ate du prix SFR Jeunes Talents en 2014\" \/>\n<meta name=\"robots\" content=\"index, follow, max-snippet:-1, max-image-preview:large, max-video-preview:-1\" \/>\n<link rel=\"canonical\" href=\"https:\/\/www.festival-escales-photos.fr\/index.php\/maud-bernos-tous-les-marins-ont-les-yeux-bleus\/\" \/>\n<meta property=\"og:locale\" content=\"en_US\" \/>\n<meta property=\"og:type\" content=\"article\" \/>\n<meta property=\"og:title\" content=\"Maud Bernos Tous les Marins Ont les Yeux Bleus - Festival Escales Photos\" \/>\n<meta property=\"og:description\" content=\"Maud Bernos est photographe free-lance, autodidacte, sans amarres, sans cesse en voyage et en mouvement. Elle laur\u00e9ate du prix SFR Jeunes Talents en 2014\" \/>\n<meta property=\"og:url\" content=\"https:\/\/www.festival-escales-photos.fr\/index.php\/maud-bernos-tous-les-marins-ont-les-yeux-bleus\/\" \/>\n<meta property=\"og:site_name\" content=\"Festival Escales Photos\" \/>\n<meta property=\"article:publisher\" content=\"https:\/\/www.facebook.com\/festivalescalesphotos\" \/>\n<meta property=\"article:modified_time\" content=\"2021-03-26T19:22:52+00:00\" \/>\n<meta property=\"og:image\" content=\"https:\/\/www.festival-escales-photos.fr\/wp-content\/uploads\/2019\/05\/Portrait-Maud-Bernos-\u00a9-Catherine-Foussat.jpg\" \/>\n\t<meta property=\"og:image:width\" content=\"300\" \/>\n\t<meta property=\"og:image:height\" content=\"300\" \/>\n\t<meta property=\"og:image:type\" content=\"image\/jpeg\" \/>\n<meta name=\"twitter:card\" content=\"summary_large_image\" \/>\n<meta name=\"twitter:label1\" content=\"Est. reading time\" \/>\n\t<meta name=\"twitter:data1\" content=\"2 minutes\" \/>\n<script type=\"application\/ld+json\" class=\"yoast-schema-graph\">{\"@context\":\"https:\/\/schema.org\",\"@graph\":[{\"@type\":\"WebPage\",\"@id\":\"https:\/\/www.festival-escales-photos.fr\/index.php\/maud-bernos-tous-les-marins-ont-les-yeux-bleus\/\",\"url\":\"https:\/\/www.festival-escales-photos.fr\/index.php\/maud-bernos-tous-les-marins-ont-les-yeux-bleus\/\",\"name\":\"Maud Bernos Tous les Marins Ont les Yeux Bleus - Festival Escales Photos\",\"isPartOf\":{\"@id\":\"http:\/\/www.festival-escales-photos.fr\/#website\"},\"primaryImageOfPage\":{\"@id\":\"https:\/\/www.festival-escales-photos.fr\/index.php\/maud-bernos-tous-les-marins-ont-les-yeux-bleus\/#primaryimage\"},\"image\":{\"@id\":\"https:\/\/www.festival-escales-photos.fr\/index.php\/maud-bernos-tous-les-marins-ont-les-yeux-bleus\/#primaryimage\"},\"thumbnailUrl\":\"https:\/\/www.festival-escales-photos.fr\/wp-content\/uploads\/2019\/05\/Portrait-Maud-Bernos-\u00a9-Catherine-Foussat.jpg\",\"datePublished\":\"2019-05-09T12:07:21+00:00\",\"dateModified\":\"2021-03-26T19:22:52+00:00\",\"description\":\"Maud Bernos est photographe free-lance, autodidacte, sans amarres, sans cesse en voyage et en mouvement. Elle laur\u00e9ate du prix SFR Jeunes Talents en 2014\",\"breadcrumb\":{\"@id\":\"https:\/\/www.festival-escales-photos.fr\/index.php\/maud-bernos-tous-les-marins-ont-les-yeux-bleus\/#breadcrumb\"},\"inLanguage\":\"en-US\",\"potentialAction\":[{\"@type\":\"ReadAction\",\"target\":[\"https:\/\/www.festival-escales-photos.fr\/index.php\/maud-bernos-tous-les-marins-ont-les-yeux-bleus\/\"]}]},{\"@type\":\"ImageObject\",\"inLanguage\":\"en-US\",\"@id\":\"https:\/\/www.festival-escales-photos.fr\/index.php\/maud-bernos-tous-les-marins-ont-les-yeux-bleus\/#primaryimage\",\"url\":\"https:\/\/www.festival-escales-photos.fr\/wp-content\/uploads\/2019\/05\/Portrait-Maud-Bernos-\u00a9-Catherine-Foussat.jpg\",\"contentUrl\":\"https:\/\/www.festival-escales-photos.fr\/wp-content\/uploads\/2019\/05\/Portrait-Maud-Bernos-\u00a9-Catherine-Foussat.jpg\",\"width\":300,\"height\":300,\"caption\":\"Portrait de la photographe Maud Bernos\"},{\"@type\":\"BreadcrumbList\",\"@id\":\"https:\/\/www.festival-escales-photos.fr\/index.php\/maud-bernos-tous-les-marins-ont-les-yeux-bleus\/#breadcrumb\",\"itemListElement\":[{\"@type\":\"ListItem\",\"position\":1,\"name\":\"Accueil\",\"item\":\"http:\/\/www.festival-escales-photos.fr\/\"},{\"@type\":\"ListItem\",\"position\":2,\"name\":\"Maud Bernos Tous les Marins Ont les Yeux Bleus\"}]},{\"@type\":\"WebSite\",\"@id\":\"http:\/\/www.festival-escales-photos.fr\/#website\",\"url\":\"http:\/\/www.festival-escales-photos.fr\/\",\"name\":\"Festival Escales Photos\",\"description\":\"\",\"publisher\":{\"@id\":\"http:\/\/www.festival-escales-photos.fr\/#organization\"},\"potentialAction\":[{\"@type\":\"SearchAction\",\"target\":{\"@type\":\"EntryPoint\",\"urlTemplate\":\"http:\/\/www.festival-escales-photos.fr\/?s={search_term_string}\"},\"query-input\":{\"@type\":\"PropertyValueSpecification\",\"valueRequired\":true,\"valueName\":\"search_term_string\"}}],\"inLanguage\":\"en-US\"},{\"@type\":\"Organization\",\"@id\":\"http:\/\/www.festival-escales-photos.fr\/#organization\",\"name\":\"Festival Escales Photos\",\"url\":\"http:\/\/www.festival-escales-photos.fr\/\",\"logo\":{\"@type\":\"ImageObject\",\"inLanguage\":\"en-US\",\"@id\":\"http:\/\/www.festival-escales-photos.fr\/#\/schema\/logo\/image\/\",\"url\":\"http:\/\/www.festival-escales-photos.fr\/wp-content\/uploads\/2019\/04\/icone-escales-photos-56.jpg\",\"contentUrl\":\"http:\/\/www.festival-escales-photos.fr\/wp-content\/uploads\/2019\/04\/icone-escales-photos-56.jpg\",\"width\":512,\"height\":362,\"caption\":\"Festival Escales Photos\"},\"image\":{\"@id\":\"http:\/\/www.festival-escales-photos.fr\/#\/schema\/logo\/image\/\"},\"sameAs\":[\"https:\/\/www.facebook.com\/festivalescalesphotos\",\"https:\/\/www.instagram.com\/festivalescalesphotos\/\"]}]}<\/script>\n<!-- \/ Yoast SEO plugin. -->","yoast_head_json":{"title":"Maud Bernos Tous les Marins Ont les Yeux Bleus - Festival Escales Photos","description":"Maud Bernos est photographe free-lance, autodidacte, sans amarres, sans cesse en voyage et en mouvement. Elle laur\u00e9ate du prix SFR Jeunes Talents en 2014","robots":{"index":"index","follow":"follow","max-snippet":"max-snippet:-1","max-image-preview":"max-image-preview:large","max-video-preview":"max-video-preview:-1"},"canonical":"https:\/\/www.festival-escales-photos.fr\/index.php\/maud-bernos-tous-les-marins-ont-les-yeux-bleus\/","og_locale":"en_US","og_type":"article","og_title":"Maud Bernos Tous les Marins Ont les Yeux Bleus - Festival Escales Photos","og_description":"Maud Bernos est photographe free-lance, autodidacte, sans amarres, sans cesse en voyage et en mouvement. Elle laur\u00e9ate du prix SFR Jeunes Talents en 2014","og_url":"https:\/\/www.festival-escales-photos.fr\/index.php\/maud-bernos-tous-les-marins-ont-les-yeux-bleus\/","og_site_name":"Festival Escales Photos","article_publisher":"https:\/\/www.facebook.com\/festivalescalesphotos","article_modified_time":"2021-03-26T19:22:52+00:00","og_image":[{"width":300,"height":300,"url":"https:\/\/www.festival-escales-photos.fr\/wp-content\/uploads\/2019\/05\/Portrait-Maud-Bernos-\u00a9-Catherine-Foussat.jpg","type":"image\/jpeg"}],"twitter_card":"summary_large_image","twitter_misc":{"Est. reading time":"2 minutes"},"schema":{"@context":"https:\/\/schema.org","@graph":[{"@type":"WebPage","@id":"https:\/\/www.festival-escales-photos.fr\/index.php\/maud-bernos-tous-les-marins-ont-les-yeux-bleus\/","url":"https:\/\/www.festival-escales-photos.fr\/index.php\/maud-bernos-tous-les-marins-ont-les-yeux-bleus\/","name":"Maud Bernos Tous les Marins Ont les Yeux Bleus - Festival Escales Photos","isPartOf":{"@id":"http:\/\/www.festival-escales-photos.fr\/#website"},"primaryImageOfPage":{"@id":"https:\/\/www.festival-escales-photos.fr\/index.php\/maud-bernos-tous-les-marins-ont-les-yeux-bleus\/#primaryimage"},"image":{"@id":"https:\/\/www.festival-escales-photos.fr\/index.php\/maud-bernos-tous-les-marins-ont-les-yeux-bleus\/#primaryimage"},"thumbnailUrl":"https:\/\/www.festival-escales-photos.fr\/wp-content\/uploads\/2019\/05\/Portrait-Maud-Bernos-\u00a9-Catherine-Foussat.jpg","datePublished":"2019-05-09T12:07:21+00:00","dateModified":"2021-03-26T19:22:52+00:00","description":"Maud Bernos est photographe free-lance, autodidacte, sans amarres, sans cesse en voyage et en mouvement. Elle laur\u00e9ate du prix SFR Jeunes Talents en 2014","breadcrumb":{"@id":"https:\/\/www.festival-escales-photos.fr\/index.php\/maud-bernos-tous-les-marins-ont-les-yeux-bleus\/#breadcrumb"},"inLanguage":"en-US","potentialAction":[{"@type":"ReadAction","target":["https:\/\/www.festival-escales-photos.fr\/index.php\/maud-bernos-tous-les-marins-ont-les-yeux-bleus\/"]}]},{"@type":"ImageObject","inLanguage":"en-US","@id":"https:\/\/www.festival-escales-photos.fr\/index.php\/maud-bernos-tous-les-marins-ont-les-yeux-bleus\/#primaryimage","url":"https:\/\/www.festival-escales-photos.fr\/wp-content\/uploads\/2019\/05\/Portrait-Maud-Bernos-\u00a9-Catherine-Foussat.jpg","contentUrl":"https:\/\/www.festival-escales-photos.fr\/wp-content\/uploads\/2019\/05\/Portrait-Maud-Bernos-\u00a9-Catherine-Foussat.jpg","width":300,"height":300,"caption":"Portrait de la photographe Maud Bernos"},{"@type":"BreadcrumbList","@id":"https:\/\/www.festival-escales-photos.fr\/index.php\/maud-bernos-tous-les-marins-ont-les-yeux-bleus\/#breadcrumb","itemListElement":[{"@type":"ListItem","position":1,"name":"Accueil","item":"http:\/\/www.festival-escales-photos.fr\/"},{"@type":"ListItem","position":2,"name":"Maud Bernos Tous les Marins Ont les Yeux Bleus"}]},{"@type":"WebSite","@id":"http:\/\/www.festival-escales-photos.fr\/#website","url":"http:\/\/www.festival-escales-photos.fr\/","name":"Festival Escales Photos","description":"","publisher":{"@id":"http:\/\/www.festival-escales-photos.fr\/#organization"},"potentialAction":[{"@type":"SearchAction","target":{"@type":"EntryPoint","urlTemplate":"http:\/\/www.festival-escales-photos.fr\/?s={search_term_string}"},"query-input":{"@type":"PropertyValueSpecification","valueRequired":true,"valueName":"search_term_string"}}],"inLanguage":"en-US"},{"@type":"Organization","@id":"http:\/\/www.festival-escales-photos.fr\/#organization","name":"Festival Escales Photos","url":"http:\/\/www.festival-escales-photos.fr\/","logo":{"@type":"ImageObject","inLanguage":"en-US","@id":"http:\/\/www.festival-escales-photos.fr\/#\/schema\/logo\/image\/","url":"http:\/\/www.festival-escales-photos.fr\/wp-content\/uploads\/2019\/04\/icone-escales-photos-56.jpg","contentUrl":"http:\/\/www.festival-escales-photos.fr\/wp-content\/uploads\/2019\/04\/icone-escales-photos-56.jpg","width":512,"height":362,"caption":"Festival Escales Photos"},"image":{"@id":"http:\/\/www.festival-escales-photos.fr\/#\/schema\/logo\/image\/"},"sameAs":["https:\/\/www.facebook.com\/festivalescalesphotos","https:\/\/www.instagram.com\/festivalescalesphotos\/"]}]}},"_links":{"self":[{"href":"https:\/\/www.festival-escales-photos.fr\/index.php\/wp-json\/wp\/v2\/pages\/808","targetHints":{"allow":["GET"]}}],"collection":[{"href":"https:\/\/www.festival-escales-photos.fr\/index.php\/wp-json\/wp\/v2\/pages"}],"about":[{"href":"https:\/\/www.festival-escales-photos.fr\/index.php\/wp-json\/wp\/v2\/types\/page"}],"author":[{"embeddable":true,"href":"https:\/\/www.festival-escales-photos.fr\/index.php\/wp-json\/wp\/v2\/users\/1"}],"replies":[{"embeddable":true,"href":"https:\/\/www.festival-escales-photos.fr\/index.php\/wp-json\/wp\/v2\/comments?post=808"}],"version-history":[{"count":9,"href":"https:\/\/www.festival-escales-photos.fr\/index.php\/wp-json\/wp\/v2\/pages\/808\/revisions"}],"predecessor-version":[{"id":2417,"href":"https:\/\/www.festival-escales-photos.fr\/index.php\/wp-json\/wp\/v2\/pages\/808\/revisions\/2417"}],"wp:featuredmedia":[{"embeddable":true,"href":"https:\/\/www.festival-escales-photos.fr\/index.php\/wp-json\/wp\/v2\/media\/809"}],"wp:attachment":[{"href":"https:\/\/www.festival-escales-photos.fr\/index.php\/wp-json\/wp\/v2\/media?parent=808"}],"curies":[{"name":"wp","href":"https:\/\/api.w.org\/{rel}","templated":true}]}}