{"id":860,"date":"2019-05-09T15:05:21","date_gmt":"2019-05-09T13:05:21","guid":{"rendered":"http:\/\/www.festival-escales-photos.fr\/?page_id=860"},"modified":"2019-05-17T14:51:37","modified_gmt":"2019-05-17T12:51:37","slug":"emile-savitry-la-fleur-de-lage","status":"publish","type":"page","link":"https:\/\/www.festival-escales-photos.fr\/index.php\/emile-savitry-la-fleur-de-lage\/","title":{"rendered":"Emile Savitry La Fleur de l&#8217;\u00c2ge"},"content":{"rendered":"\t\t<div data-elementor-type=\"wp-post\" data-elementor-id=\"860\" class=\"elementor elementor-860\">\n\t\t\t\t\t\t<section class=\"elementor-section elementor-top-section elementor-element elementor-element-5fceb23 elementor-section-boxed elementor-section-height-default elementor-section-height-default\" data-id=\"5fceb23\" data-element_type=\"section\">\n\t\t\t\t\t\t<div class=\"elementor-container elementor-column-gap-default\">\n\t\t\t\t\t<div class=\"elementor-column elementor-col-100 elementor-top-column elementor-element elementor-element-340fe519\" data-id=\"340fe519\" data-element_type=\"column\">\n\t\t\t<div class=\"elementor-widget-wrap elementor-element-populated\">\n\t\t\t\t\t\t<div class=\"elementor-element elementor-element-69e9301d elementor-widget elementor-widget-heading\" data-id=\"69e9301d\" data-element_type=\"widget\" data-widget_type=\"heading.default\">\n\t\t\t\t<div class=\"elementor-widget-container\">\n\t\t\t\t\t<h2 class=\"elementor-heading-title elementor-size-large\">Emile Savitry<\/h2>\t\t\t\t<\/div>\n\t\t\t\t<\/div>\n\t\t\t\t\t<\/div>\n\t\t<\/div>\n\t\t\t\t\t<\/div>\n\t\t<\/section>\n\t\t\t\t<section class=\"elementor-section elementor-top-section elementor-element elementor-element-750c7bc elementor-section-boxed elementor-section-height-default elementor-section-height-default\" data-id=\"750c7bc\" data-element_type=\"section\">\n\t\t\t\t\t\t<div class=\"elementor-container elementor-column-gap-default\">\n\t\t\t\t\t<div class=\"elementor-column elementor-col-100 elementor-top-column elementor-element elementor-element-3c093464\" data-id=\"3c093464\" data-element_type=\"column\">\n\t\t\t<div class=\"elementor-widget-wrap elementor-element-populated\">\n\t\t\t\t\t\t<section class=\"elementor-section elementor-inner-section elementor-element elementor-element-1a0849c5 elementor-section-boxed elementor-section-height-default elementor-section-height-default\" data-id=\"1a0849c5\" data-element_type=\"section\">\n\t\t\t\t\t\t<div class=\"elementor-container elementor-column-gap-default\">\n\t\t\t\t\t<div class=\"elementor-column elementor-col-50 elementor-inner-column elementor-element elementor-element-11ca54ef\" data-id=\"11ca54ef\" data-element_type=\"column\">\n\t\t\t<div class=\"elementor-widget-wrap elementor-element-populated\">\n\t\t\t\t\t\t<div class=\"elementor-element elementor-element-732c8a96 elementor-widget elementor-widget-image\" data-id=\"732c8a96\" data-element_type=\"widget\" data-widget_type=\"image.default\">\n\t\t\t\t<div class=\"elementor-widget-container\">\n\t\t\t\t\t\t\t\t\t\t\t\t\t\t\t<img fetchpriority=\"high\" decoding=\"async\" width=\"512\" height=\"600\" src=\"https:\/\/www.festival-escales-photos.fr\/wp-content\/uploads\/2019\/05\/auto-portrait-demile-savitry.jpg\" class=\"attachment-medium_large size-medium_large wp-image-861\" alt=\"Auto-portrait du photographe Emile Savitry\" srcset=\"https:\/\/www.festival-escales-photos.fr\/wp-content\/uploads\/2019\/05\/auto-portrait-demile-savitry.jpg 512w, https:\/\/www.festival-escales-photos.fr\/wp-content\/uploads\/2019\/05\/auto-portrait-demile-savitry-256x300.jpg 256w\" sizes=\"(max-width: 512px) 100vw, 512px\" \/>\t\t\t\t\t\t\t\t\t\t\t\t\t\t\t<\/div>\n\t\t\t\t<\/div>\n\t\t\t\t\t<\/div>\n\t\t<\/div>\n\t\t\t\t<div class=\"elementor-column elementor-col-50 elementor-inner-column elementor-element elementor-element-6d334954\" data-id=\"6d334954\" data-element_type=\"column\">\n\t\t\t<div class=\"elementor-widget-wrap elementor-element-populated\">\n\t\t\t\t\t\t<div class=\"elementor-element elementor-element-55d21a55 elementor-widget elementor-widget-heading\" data-id=\"55d21a55\" data-element_type=\"widget\" data-widget_type=\"heading.default\">\n\t\t\t\t<div class=\"elementor-widget-container\">\n\t\t\t\t\t<h2 class=\"elementor-heading-title elementor-size-default\">Le portrait du photographe<\/h2>\t\t\t\t<\/div>\n\t\t\t\t<\/div>\n\t\t\t\t<div class=\"elementor-element elementor-element-7db03f15 elementor-widget elementor-widget-spacer\" data-id=\"7db03f15\" data-element_type=\"widget\" data-widget_type=\"spacer.default\">\n\t\t\t\t<div class=\"elementor-widget-container\">\n\t\t\t\t\t\t\t<div class=\"elementor-spacer\">\n\t\t\t<div class=\"elementor-spacer-inner\"><\/div>\n\t\t<\/div>\n\t\t\t\t\t\t<\/div>\n\t\t\t\t<\/div>\n\t\t\t\t<div class=\"elementor-element elementor-element-7ddf1b49 elementor-widget elementor-widget-text-editor\" data-id=\"7ddf1b49\" data-element_type=\"widget\" data-widget_type=\"text-editor.default\">\n\t\t\t\t<div class=\"elementor-widget-container\">\n\t\t\t\t\t\t\t\t\t<p>Parnassien de c\u0153ur, le photographe Emile Savitry est d&#8217;abord peintre.<\/p><p>Collaborateur d\u00e8s 1933 de l\u2019agence Rapho cr\u00e9\u00e9e par Charles Rado avec Brassa\u00ef,Ylla et Ergy Landau, Emile Savitry, apr\u00e8s guerre, aide Raymond Grosset \u00e0 relancer l\u2019agence \u00e0 Paris, rejoints par Robert Doisneau et Willy Ronis. Grand reporter, il photographie les r\u00e9fugi\u00e9s espagnols.<\/p><p>Il collabore avec les magazines de mode Vogue, Harper\u2019s Bazaar, le Jardin des Modes.<\/p><p>Emile Savitry est \u00e9galement photographe de plateau sur les films de Marcel Carn\u00e9, Jean Gr\u00e9millon, ou encore Gilles Grangier.<\/p><p>Puis Emile Savitry retourne \u00e0 ses premi\u00e8res amours qu&#8217;il n&#8217;a jamais abandonn\u00e9, la peinture. Il lui arrive de faire quelques portraits comme celui de Colette, Chaplin, Bardot,<\/p>\t\t\t\t\t\t\t\t<\/div>\n\t\t\t\t<\/div>\n\t\t\t\t\t<\/div>\n\t\t<\/div>\n\t\t\t\t\t<\/div>\n\t\t<\/section>\n\t\t\t\t\t<\/div>\n\t\t<\/div>\n\t\t\t\t\t<\/div>\n\t\t<\/section>\n\t\t\t\t<section class=\"elementor-section elementor-top-section elementor-element elementor-element-7d3dadc elementor-section-boxed elementor-section-height-default elementor-section-height-default\" data-id=\"7d3dadc\" data-element_type=\"section\">\n\t\t\t\t\t\t<div class=\"elementor-container elementor-column-gap-default\">\n\t\t\t\t\t<div class=\"elementor-column elementor-col-100 elementor-top-column elementor-element elementor-element-37950b80\" data-id=\"37950b80\" data-element_type=\"column\">\n\t\t\t<div class=\"elementor-widget-wrap elementor-element-populated\">\n\t\t\t\t\t\t<div class=\"elementor-element elementor-element-668e557a elementor-widget elementor-widget-heading\" data-id=\"668e557a\" data-element_type=\"widget\" data-widget_type=\"heading.default\">\n\t\t\t\t<div class=\"elementor-widget-container\">\n\t\t\t\t\t<span class=\"elementor-heading-title elementor-size-large\">Vertical Mor braz<\/span>\t\t\t\t<\/div>\n\t\t\t\t<\/div>\n\t\t\t\t<div class=\"elementor-element elementor-element-14893283 elementor-widget elementor-widget-image\" data-id=\"14893283\" data-element_type=\"widget\" data-widget_type=\"image.default\">\n\t\t\t\t<div class=\"elementor-widget-container\">\n\t\t\t\t\t\t\t\t\t\t\t\t\t\t\t<img decoding=\"async\" width=\"928\" height=\"1000\" src=\"https:\/\/www.festival-escales-photos.fr\/wp-content\/uploads\/2019\/05\/photographie-emile-savitry.jpg\" class=\"attachment-large size-large wp-image-862\" alt=\"Fleur de l&#039;\u00e2ge d&#039;Emile Savitry\" srcset=\"https:\/\/www.festival-escales-photos.fr\/wp-content\/uploads\/2019\/05\/photographie-emile-savitry.jpg 928w, https:\/\/www.festival-escales-photos.fr\/wp-content\/uploads\/2019\/05\/photographie-emile-savitry-278x300.jpg 278w, https:\/\/www.festival-escales-photos.fr\/wp-content\/uploads\/2019\/05\/photographie-emile-savitry-768x828.jpg 768w\" sizes=\"(max-width: 928px) 100vw, 928px\" \/>\t\t\t\t\t\t\t\t\t\t\t\t\t\t\t<\/div>\n\t\t\t\t<\/div>\n\t\t\t\t<div class=\"elementor-element elementor-element-736162e6 elementor-widget elementor-widget-text-editor\" data-id=\"736162e6\" data-element_type=\"widget\" data-widget_type=\"text-editor.default\">\n\t\t\t\t<div class=\"elementor-widget-container\">\n\t\t\t\t\t\t\t\t\t<p><a href=\"https:\/\/www.festival-escales-photos.fr\/wp-content\/uploads\/2019\/05\/expo-Fleur-de-lage.pdf\" class=\"pdfemb-viewer\" style=\"\" data-width=\"max\" data-height=\"max\" data-toolbar=\"bottom\" data-toolbar-fixed=\"off\">expo-Fleur-de-lage<\/a><\/p>\t\t\t\t\t\t\t\t<\/div>\n\t\t\t\t<\/div>\n\t\t\t\t<div class=\"elementor-element elementor-element-63f949cd elementor-align-center elementor-widget elementor-widget-button\" data-id=\"63f949cd\" data-element_type=\"widget\" data-widget_type=\"button.default\">\n\t\t\t\t<div class=\"elementor-widget-container\">\n\t\t\t\t\t\t\t\t\t<div class=\"elementor-button-wrapper\">\n\t\t\t\t\t<a class=\"elementor-button elementor-button-link elementor-size-sm\" href=\"http:\/\/www.emilesavitry.com\/site\/accueil.php\" target=\"_blank\">\n\t\t\t\t\t\t<span class=\"elementor-button-content-wrapper\">\n\t\t\t\t\t\t\t\t\t<span class=\"elementor-button-text\">En savoir + sur Emile Savitry<\/span>\n\t\t\t\t\t<\/span>\n\t\t\t\t\t<\/a>\n\t\t\t\t<\/div>\n\t\t\t\t\t\t\t\t<\/div>\n\t\t\t\t<\/div>\n\t\t\t\t\t<\/div>\n\t\t<\/div>\n\t\t\t\t\t<\/div>\n\t\t<\/section>\n\t\t\t\t<\/div>\n\t\t","protected":false},"excerpt":{"rendered":"<p>Emile Savitry Le portrait du photographe Parnassien de c\u0153ur, le photographe Emile Savitry est d&#8217;abord peintre. Collaborateur d\u00e8s 1933 de l\u2019agence Rapho cr\u00e9\u00e9e par Charles Rado avec Brassa\u00ef,Ylla et Ergy Landau, Emile Savitry, apr\u00e8s guerre, aide Raymond Grosset \u00e0 relancer l\u2019agence \u00e0 Paris, rejoints par Robert Doisneau et Willy Ronis. Grand reporter, il photographie les [&hellip;]<\/p>\n","protected":false},"author":1,"featured_media":862,"parent":0,"menu_order":0,"comment_status":"closed","ping_status":"closed","template":"","meta":{"_monsterinsights_skip_tracking":false,"_monsterinsights_sitenote_active":false,"_monsterinsights_sitenote_note":"","_monsterinsights_sitenote_category":0,"ocean_post_layout":"","ocean_both_sidebars_style":"","ocean_both_sidebars_content_width":0,"ocean_both_sidebars_sidebars_width":0,"ocean_sidebar":"0","ocean_second_sidebar":"0","ocean_disable_margins":"enable","ocean_add_body_class":"","ocean_shortcode_before_top_bar":"","ocean_shortcode_after_top_bar":"","ocean_shortcode_before_header":"","ocean_shortcode_after_header":"","ocean_has_shortcode":"","ocean_shortcode_after_title":"","ocean_shortcode_before_footer_widgets":"","ocean_shortcode_after_footer_widgets":"","ocean_shortcode_before_footer_bottom":"","ocean_shortcode_after_footer_bottom":"","ocean_display_top_bar":"default","ocean_display_header":"default","ocean_header_style":"","ocean_center_header_left_menu":"0","ocean_custom_header_template":"0","ocean_custom_logo":0,"ocean_custom_retina_logo":0,"ocean_custom_logo_max_width":0,"ocean_custom_logo_tablet_max_width":0,"ocean_custom_logo_mobile_max_width":0,"ocean_custom_logo_max_height":0,"ocean_custom_logo_tablet_max_height":0,"ocean_custom_logo_mobile_max_height":0,"ocean_header_custom_menu":"0","ocean_menu_typo_font_family":"0","ocean_menu_typo_font_subset":"","ocean_menu_typo_font_size":0,"ocean_menu_typo_font_size_tablet":0,"ocean_menu_typo_font_size_mobile":0,"ocean_menu_typo_font_size_unit":"px","ocean_menu_typo_font_weight":"","ocean_menu_typo_font_weight_tablet":"","ocean_menu_typo_font_weight_mobile":"","ocean_menu_typo_transform":"","ocean_menu_typo_transform_tablet":"","ocean_menu_typo_transform_mobile":"","ocean_menu_typo_line_height":0,"ocean_menu_typo_line_height_tablet":0,"ocean_menu_typo_line_height_mobile":0,"ocean_menu_typo_line_height_unit":"","ocean_menu_typo_spacing":0,"ocean_menu_typo_spacing_tablet":0,"ocean_menu_typo_spacing_mobile":0,"ocean_menu_typo_spacing_unit":"","ocean_menu_link_color":"","ocean_menu_link_color_hover":"","ocean_menu_link_color_active":"","ocean_menu_link_background":"","ocean_menu_link_hover_background":"","ocean_menu_link_active_background":"","ocean_menu_social_links_bg":"","ocean_menu_social_hover_links_bg":"","ocean_menu_social_links_color":"","ocean_menu_social_hover_links_color":"","ocean_disable_title":"default","ocean_disable_heading":"default","ocean_post_title":"","ocean_post_subheading":"","ocean_post_title_style":"","ocean_post_title_background_color":"","ocean_post_title_background":0,"ocean_post_title_bg_image_position":"","ocean_post_title_bg_image_attachment":"","ocean_post_title_bg_image_repeat":"","ocean_post_title_bg_image_size":"","ocean_post_title_height":0,"ocean_post_title_bg_overlay":0.5,"ocean_post_title_bg_overlay_color":"","ocean_disable_breadcrumbs":"default","ocean_breadcrumbs_color":"","ocean_breadcrumbs_separator_color":"","ocean_breadcrumbs_links_color":"","ocean_breadcrumbs_links_hover_color":"","ocean_display_footer_widgets":"default","ocean_display_footer_bottom":"default","ocean_custom_footer_template":"0","footnotes":""},"class_list":["post-860","page","type-page","status-publish","has-post-thumbnail","hentry","entry","has-media"],"yoast_head":"<!-- This site is optimized with the Yoast SEO plugin v25.7 - https:\/\/yoast.com\/wordpress\/plugins\/seo\/ -->\n<title>Photographe Emile Savitry La Fleur de l&#039;\u00c2ge - Festival Escales Photos<\/title>\n<meta name=\"description\" content=\"Le photographe Emile Savitry est d\u2019abord peintre. Il est \u00e9galement photographe de plateau sur les films de Marcel Carn\u00e9, Jean Gr\u00e9millon, Gilles Grangier, ...\" \/>\n<meta name=\"robots\" content=\"index, follow, max-snippet:-1, max-image-preview:large, max-video-preview:-1\" \/>\n<link rel=\"canonical\" href=\"https:\/\/www.festival-escales-photos.fr\/index.php\/emile-savitry-la-fleur-de-lage\/\" \/>\n<meta property=\"og:locale\" content=\"en_US\" \/>\n<meta property=\"og:type\" content=\"article\" \/>\n<meta property=\"og:title\" content=\"Photographe Emile Savitry La Fleur de l&#039;\u00c2ge - Festival Escales Photos\" \/>\n<meta property=\"og:description\" content=\"Le photographe Emile Savitry est d\u2019abord peintre. Il est \u00e9galement photographe de plateau sur les films de Marcel Carn\u00e9, Jean Gr\u00e9millon, Gilles Grangier, ...\" \/>\n<meta property=\"og:url\" content=\"https:\/\/www.festival-escales-photos.fr\/index.php\/emile-savitry-la-fleur-de-lage\/\" \/>\n<meta property=\"og:site_name\" content=\"Festival Escales Photos\" \/>\n<meta property=\"article:publisher\" content=\"https:\/\/www.facebook.com\/festivalescalesphotos\" \/>\n<meta property=\"article:modified_time\" content=\"2019-05-17T12:51:37+00:00\" \/>\n<meta property=\"og:image\" content=\"https:\/\/www.festival-escales-photos.fr\/wp-content\/uploads\/2019\/05\/photographie-emile-savitry.jpg\" \/>\n\t<meta property=\"og:image:width\" content=\"928\" \/>\n\t<meta property=\"og:image:height\" content=\"1000\" \/>\n\t<meta property=\"og:image:type\" content=\"image\/jpeg\" \/>\n<meta name=\"twitter:card\" content=\"summary_large_image\" \/>\n<meta name=\"twitter:label1\" content=\"Est. reading time\" \/>\n\t<meta name=\"twitter:data1\" content=\"1 minute\" \/>\n<script type=\"application\/ld+json\" class=\"yoast-schema-graph\">{\"@context\":\"https:\/\/schema.org\",\"@graph\":[{\"@type\":\"WebPage\",\"@id\":\"https:\/\/www.festival-escales-photos.fr\/index.php\/emile-savitry-la-fleur-de-lage\/\",\"url\":\"https:\/\/www.festival-escales-photos.fr\/index.php\/emile-savitry-la-fleur-de-lage\/\",\"name\":\"Photographe Emile Savitry La Fleur de l'\u00c2ge - Festival Escales Photos\",\"isPartOf\":{\"@id\":\"http:\/\/www.festival-escales-photos.fr\/#website\"},\"primaryImageOfPage\":{\"@id\":\"https:\/\/www.festival-escales-photos.fr\/index.php\/emile-savitry-la-fleur-de-lage\/#primaryimage\"},\"image\":{\"@id\":\"https:\/\/www.festival-escales-photos.fr\/index.php\/emile-savitry-la-fleur-de-lage\/#primaryimage\"},\"thumbnailUrl\":\"https:\/\/www.festival-escales-photos.fr\/wp-content\/uploads\/2019\/05\/photographie-emile-savitry.jpg\",\"datePublished\":\"2019-05-09T13:05:21+00:00\",\"dateModified\":\"2019-05-17T12:51:37+00:00\",\"description\":\"Le photographe Emile Savitry est d\u2019abord peintre. Il est \u00e9galement photographe de plateau sur les films de Marcel Carn\u00e9, Jean Gr\u00e9millon, Gilles Grangier, ...\",\"breadcrumb\":{\"@id\":\"https:\/\/www.festival-escales-photos.fr\/index.php\/emile-savitry-la-fleur-de-lage\/#breadcrumb\"},\"inLanguage\":\"en-US\",\"potentialAction\":[{\"@type\":\"ReadAction\",\"target\":[\"https:\/\/www.festival-escales-photos.fr\/index.php\/emile-savitry-la-fleur-de-lage\/\"]}]},{\"@type\":\"ImageObject\",\"inLanguage\":\"en-US\",\"@id\":\"https:\/\/www.festival-escales-photos.fr\/index.php\/emile-savitry-la-fleur-de-lage\/#primaryimage\",\"url\":\"https:\/\/www.festival-escales-photos.fr\/wp-content\/uploads\/2019\/05\/photographie-emile-savitry.jpg\",\"contentUrl\":\"https:\/\/www.festival-escales-photos.fr\/wp-content\/uploads\/2019\/05\/photographie-emile-savitry.jpg\",\"width\":928,\"height\":1000,\"caption\":\"Fleur de l'\u00e2ge d'Emile Savitry\"},{\"@type\":\"BreadcrumbList\",\"@id\":\"https:\/\/www.festival-escales-photos.fr\/index.php\/emile-savitry-la-fleur-de-lage\/#breadcrumb\",\"itemListElement\":[{\"@type\":\"ListItem\",\"position\":1,\"name\":\"Accueil\",\"item\":\"http:\/\/www.festival-escales-photos.fr\/\"},{\"@type\":\"ListItem\",\"position\":2,\"name\":\"Emile Savitry La Fleur de l&#8217;\u00c2ge\"}]},{\"@type\":\"WebSite\",\"@id\":\"http:\/\/www.festival-escales-photos.fr\/#website\",\"url\":\"http:\/\/www.festival-escales-photos.fr\/\",\"name\":\"Festival Escales Photos\",\"description\":\"\",\"publisher\":{\"@id\":\"http:\/\/www.festival-escales-photos.fr\/#organization\"},\"potentialAction\":[{\"@type\":\"SearchAction\",\"target\":{\"@type\":\"EntryPoint\",\"urlTemplate\":\"http:\/\/www.festival-escales-photos.fr\/?s={search_term_string}\"},\"query-input\":{\"@type\":\"PropertyValueSpecification\",\"valueRequired\":true,\"valueName\":\"search_term_string\"}}],\"inLanguage\":\"en-US\"},{\"@type\":\"Organization\",\"@id\":\"http:\/\/www.festival-escales-photos.fr\/#organization\",\"name\":\"Festival Escales Photos\",\"url\":\"http:\/\/www.festival-escales-photos.fr\/\",\"logo\":{\"@type\":\"ImageObject\",\"inLanguage\":\"en-US\",\"@id\":\"http:\/\/www.festival-escales-photos.fr\/#\/schema\/logo\/image\/\",\"url\":\"http:\/\/www.festival-escales-photos.fr\/wp-content\/uploads\/2019\/04\/icone-escales-photos-56.jpg\",\"contentUrl\":\"http:\/\/www.festival-escales-photos.fr\/wp-content\/uploads\/2019\/04\/icone-escales-photos-56.jpg\",\"width\":512,\"height\":362,\"caption\":\"Festival Escales Photos\"},\"image\":{\"@id\":\"http:\/\/www.festival-escales-photos.fr\/#\/schema\/logo\/image\/\"},\"sameAs\":[\"https:\/\/www.facebook.com\/festivalescalesphotos\",\"https:\/\/www.instagram.com\/festivalescalesphotos\/\"]}]}<\/script>\n<!-- \/ Yoast SEO plugin. -->","yoast_head_json":{"title":"Photographe Emile Savitry La Fleur de l'\u00c2ge - Festival Escales Photos","description":"Le photographe Emile Savitry est d\u2019abord peintre. Il est \u00e9galement photographe de plateau sur les films de Marcel Carn\u00e9, Jean Gr\u00e9millon, Gilles Grangier, ...","robots":{"index":"index","follow":"follow","max-snippet":"max-snippet:-1","max-image-preview":"max-image-preview:large","max-video-preview":"max-video-preview:-1"},"canonical":"https:\/\/www.festival-escales-photos.fr\/index.php\/emile-savitry-la-fleur-de-lage\/","og_locale":"en_US","og_type":"article","og_title":"Photographe Emile Savitry La Fleur de l'\u00c2ge - Festival Escales Photos","og_description":"Le photographe Emile Savitry est d\u2019abord peintre. Il est \u00e9galement photographe de plateau sur les films de Marcel Carn\u00e9, Jean Gr\u00e9millon, Gilles Grangier, ...","og_url":"https:\/\/www.festival-escales-photos.fr\/index.php\/emile-savitry-la-fleur-de-lage\/","og_site_name":"Festival Escales Photos","article_publisher":"https:\/\/www.facebook.com\/festivalescalesphotos","article_modified_time":"2019-05-17T12:51:37+00:00","og_image":[{"width":928,"height":1000,"url":"https:\/\/www.festival-escales-photos.fr\/wp-content\/uploads\/2019\/05\/photographie-emile-savitry.jpg","type":"image\/jpeg"}],"twitter_card":"summary_large_image","twitter_misc":{"Est. reading time":"1 minute"},"schema":{"@context":"https:\/\/schema.org","@graph":[{"@type":"WebPage","@id":"https:\/\/www.festival-escales-photos.fr\/index.php\/emile-savitry-la-fleur-de-lage\/","url":"https:\/\/www.festival-escales-photos.fr\/index.php\/emile-savitry-la-fleur-de-lage\/","name":"Photographe Emile Savitry La Fleur de l'\u00c2ge - Festival Escales Photos","isPartOf":{"@id":"http:\/\/www.festival-escales-photos.fr\/#website"},"primaryImageOfPage":{"@id":"https:\/\/www.festival-escales-photos.fr\/index.php\/emile-savitry-la-fleur-de-lage\/#primaryimage"},"image":{"@id":"https:\/\/www.festival-escales-photos.fr\/index.php\/emile-savitry-la-fleur-de-lage\/#primaryimage"},"thumbnailUrl":"https:\/\/www.festival-escales-photos.fr\/wp-content\/uploads\/2019\/05\/photographie-emile-savitry.jpg","datePublished":"2019-05-09T13:05:21+00:00","dateModified":"2019-05-17T12:51:37+00:00","description":"Le photographe Emile Savitry est d\u2019abord peintre. Il est \u00e9galement photographe de plateau sur les films de Marcel Carn\u00e9, Jean Gr\u00e9millon, Gilles Grangier, ...","breadcrumb":{"@id":"https:\/\/www.festival-escales-photos.fr\/index.php\/emile-savitry-la-fleur-de-lage\/#breadcrumb"},"inLanguage":"en-US","potentialAction":[{"@type":"ReadAction","target":["https:\/\/www.festival-escales-photos.fr\/index.php\/emile-savitry-la-fleur-de-lage\/"]}]},{"@type":"ImageObject","inLanguage":"en-US","@id":"https:\/\/www.festival-escales-photos.fr\/index.php\/emile-savitry-la-fleur-de-lage\/#primaryimage","url":"https:\/\/www.festival-escales-photos.fr\/wp-content\/uploads\/2019\/05\/photographie-emile-savitry.jpg","contentUrl":"https:\/\/www.festival-escales-photos.fr\/wp-content\/uploads\/2019\/05\/photographie-emile-savitry.jpg","width":928,"height":1000,"caption":"Fleur de l'\u00e2ge d'Emile Savitry"},{"@type":"BreadcrumbList","@id":"https:\/\/www.festival-escales-photos.fr\/index.php\/emile-savitry-la-fleur-de-lage\/#breadcrumb","itemListElement":[{"@type":"ListItem","position":1,"name":"Accueil","item":"http:\/\/www.festival-escales-photos.fr\/"},{"@type":"ListItem","position":2,"name":"Emile Savitry La Fleur de l&#8217;\u00c2ge"}]},{"@type":"WebSite","@id":"http:\/\/www.festival-escales-photos.fr\/#website","url":"http:\/\/www.festival-escales-photos.fr\/","name":"Festival Escales Photos","description":"","publisher":{"@id":"http:\/\/www.festival-escales-photos.fr\/#organization"},"potentialAction":[{"@type":"SearchAction","target":{"@type":"EntryPoint","urlTemplate":"http:\/\/www.festival-escales-photos.fr\/?s={search_term_string}"},"query-input":{"@type":"PropertyValueSpecification","valueRequired":true,"valueName":"search_term_string"}}],"inLanguage":"en-US"},{"@type":"Organization","@id":"http:\/\/www.festival-escales-photos.fr\/#organization","name":"Festival Escales Photos","url":"http:\/\/www.festival-escales-photos.fr\/","logo":{"@type":"ImageObject","inLanguage":"en-US","@id":"http:\/\/www.festival-escales-photos.fr\/#\/schema\/logo\/image\/","url":"http:\/\/www.festival-escales-photos.fr\/wp-content\/uploads\/2019\/04\/icone-escales-photos-56.jpg","contentUrl":"http:\/\/www.festival-escales-photos.fr\/wp-content\/uploads\/2019\/04\/icone-escales-photos-56.jpg","width":512,"height":362,"caption":"Festival Escales Photos"},"image":{"@id":"http:\/\/www.festival-escales-photos.fr\/#\/schema\/logo\/image\/"},"sameAs":["https:\/\/www.facebook.com\/festivalescalesphotos","https:\/\/www.instagram.com\/festivalescalesphotos\/"]}]}},"_links":{"self":[{"href":"https:\/\/www.festival-escales-photos.fr\/index.php\/wp-json\/wp\/v2\/pages\/860","targetHints":{"allow":["GET"]}}],"collection":[{"href":"https:\/\/www.festival-escales-photos.fr\/index.php\/wp-json\/wp\/v2\/pages"}],"about":[{"href":"https:\/\/www.festival-escales-photos.fr\/index.php\/wp-json\/wp\/v2\/types\/page"}],"author":[{"embeddable":true,"href":"https:\/\/www.festival-escales-photos.fr\/index.php\/wp-json\/wp\/v2\/users\/1"}],"replies":[{"embeddable":true,"href":"https:\/\/www.festival-escales-photos.fr\/index.php\/wp-json\/wp\/v2\/comments?post=860"}],"version-history":[{"count":10,"href":"https:\/\/www.festival-escales-photos.fr\/index.php\/wp-json\/wp\/v2\/pages\/860\/revisions"}],"predecessor-version":[{"id":1448,"href":"https:\/\/www.festival-escales-photos.fr\/index.php\/wp-json\/wp\/v2\/pages\/860\/revisions\/1448"}],"wp:featuredmedia":[{"embeddable":true,"href":"https:\/\/www.festival-escales-photos.fr\/index.php\/wp-json\/wp\/v2\/media\/862"}],"wp:attachment":[{"href":"https:\/\/www.festival-escales-photos.fr\/index.php\/wp-json\/wp\/v2\/media?parent=860"}],"curies":[{"name":"wp","href":"https:\/\/api.w.org\/{rel}","templated":true}]}}