{"id":870,"date":"2019-05-09T15:37:20","date_gmt":"2019-05-09T13:37:20","guid":{"rendered":"http:\/\/www.festival-escales-photos.fr\/?page_id=870"},"modified":"2019-05-17T14:50:08","modified_gmt":"2019-05-17T12:50:08","slug":"charles-freger-bretonnes","status":"publish","type":"page","link":"https:\/\/www.festival-escales-photos.fr\/index.php\/charles-freger-bretonnes\/","title":{"rendered":"Charles Freger Bretonnes"},"content":{"rendered":"\t\t<div data-elementor-type=\"wp-post\" data-elementor-id=\"870\" class=\"elementor elementor-870\">\n\t\t\t\t\t\t<section class=\"elementor-section elementor-top-section elementor-element elementor-element-796dd3c3 elementor-section-boxed elementor-section-height-default elementor-section-height-default\" data-id=\"796dd3c3\" data-element_type=\"section\">\n\t\t\t\t\t\t<div class=\"elementor-container elementor-column-gap-default\">\n\t\t\t\t\t<div class=\"elementor-column elementor-col-100 elementor-top-column elementor-element elementor-element-7e90fbcd\" data-id=\"7e90fbcd\" data-element_type=\"column\">\n\t\t\t<div class=\"elementor-widget-wrap elementor-element-populated\">\n\t\t\t\t\t\t<div class=\"elementor-element elementor-element-17c98fa1 elementor-widget elementor-widget-heading\" data-id=\"17c98fa1\" data-element_type=\"widget\" data-widget_type=\"heading.default\">\n\t\t\t\t<div class=\"elementor-widget-container\">\n\t\t\t\t\t<h2 class=\"elementor-heading-title elementor-size-large\">Charles Freger<\/h2>\t\t\t\t<\/div>\n\t\t\t\t<\/div>\n\t\t\t\t\t<\/div>\n\t\t<\/div>\n\t\t\t\t\t<\/div>\n\t\t<\/section>\n\t\t\t\t<section class=\"elementor-section elementor-top-section elementor-element elementor-element-79921ed4 elementor-section-boxed elementor-section-height-default elementor-section-height-default\" data-id=\"79921ed4\" data-element_type=\"section\">\n\t\t\t\t\t\t<div class=\"elementor-container elementor-column-gap-default\">\n\t\t\t\t\t<div class=\"elementor-column elementor-col-100 elementor-top-column elementor-element elementor-element-3df7f54a\" data-id=\"3df7f54a\" data-element_type=\"column\">\n\t\t\t<div class=\"elementor-widget-wrap elementor-element-populated\">\n\t\t\t\t\t\t<section class=\"elementor-section elementor-inner-section elementor-element elementor-element-49cb105 elementor-section-boxed elementor-section-height-default elementor-section-height-default\" data-id=\"49cb105\" data-element_type=\"section\">\n\t\t\t\t\t\t<div class=\"elementor-container elementor-column-gap-default\">\n\t\t\t\t\t<div class=\"elementor-column elementor-col-50 elementor-inner-column elementor-element elementor-element-1f63a410\" data-id=\"1f63a410\" data-element_type=\"column\">\n\t\t\t<div class=\"elementor-widget-wrap elementor-element-populated\">\n\t\t\t\t\t\t<div class=\"elementor-element elementor-element-2b78ce9b elementor-widget elementor-widget-image\" data-id=\"2b78ce9b\" data-element_type=\"widget\" data-widget_type=\"image.default\">\n\t\t\t\t<div class=\"elementor-widget-container\">\n\t\t\t\t\t\t\t\t\t\t\t\t\t\t\t<img fetchpriority=\"high\" decoding=\"async\" width=\"245\" height=\"300\" src=\"https:\/\/www.festival-escales-photos.fr\/wp-content\/uploads\/2019\/05\/le-photographe-Charles-Fre\u0301ger-245x300.jpg\" class=\"attachment-medium size-medium wp-image-871\" alt=\"Le photographe Charles Fr\u00e9ger\" srcset=\"https:\/\/www.festival-escales-photos.fr\/wp-content\/uploads\/2019\/05\/le-photographe-Charles-Fre\u0301ger-245x300.jpg 245w, https:\/\/www.festival-escales-photos.fr\/wp-content\/uploads\/2019\/05\/le-photographe-Charles-Fre\u0301ger.jpg 760w\" sizes=\"(max-width: 245px) 100vw, 245px\" \/>\t\t\t\t\t\t\t\t\t\t\t\t\t\t\t<\/div>\n\t\t\t\t<\/div>\n\t\t\t\t\t<\/div>\n\t\t<\/div>\n\t\t\t\t<div class=\"elementor-column elementor-col-50 elementor-inner-column elementor-element elementor-element-4bde5cab\" data-id=\"4bde5cab\" data-element_type=\"column\">\n\t\t\t<div class=\"elementor-widget-wrap elementor-element-populated\">\n\t\t\t\t\t\t<div class=\"elementor-element elementor-element-344a212a elementor-widget elementor-widget-heading\" data-id=\"344a212a\" data-element_type=\"widget\" data-widget_type=\"heading.default\">\n\t\t\t\t<div class=\"elementor-widget-container\">\n\t\t\t\t\t<h2 class=\"elementor-heading-title elementor-size-default\">Le portrait du photographe<\/h2>\t\t\t\t<\/div>\n\t\t\t\t<\/div>\n\t\t\t\t<div class=\"elementor-element elementor-element-70db1ec elementor-widget elementor-widget-spacer\" data-id=\"70db1ec\" data-element_type=\"widget\" data-widget_type=\"spacer.default\">\n\t\t\t\t<div class=\"elementor-widget-container\">\n\t\t\t\t\t\t\t<div class=\"elementor-spacer\">\n\t\t\t<div class=\"elementor-spacer-inner\"><\/div>\n\t\t<\/div>\n\t\t\t\t\t\t<\/div>\n\t\t\t\t<\/div>\n\t\t\t\t<div class=\"elementor-element elementor-element-3af83210 elementor-widget elementor-widget-text-editor\" data-id=\"3af83210\" data-element_type=\"widget\" data-widget_type=\"text-editor.default\">\n\t\t\t\t<div class=\"elementor-widget-container\">\n\t\t\t\t\t\t\t\t\t<p>N\u00e9 en 1975, form\u00e9 \u00e0 l&#8217;\u00e9cole sup\u00e9rieure d&#8217;art et de design de Rouen, Charles Fr\u00e9ger poursuit, depuis le d\u00e9but des ann\u00e9es 2000, un inventaire intitul\u00e9 \u00ab Portraits photographiques et uniformes \u00bb. Il a publi\u00e9 17 livres dont Bretonnes en 2015. En Europe et un peu partout dans le monde, avec ses s\u00e9ries consacr\u00e9es \u00e0 des groupes de sportifs, de militaires ou d\u2019\u00e9tudiants, il s\u2019int\u00e9resse aux tenues et aux uniformes. Dans ses projets, il d\u00e9cline un vocabulaire photographique pr\u00e9cis constitu\u00e9 de cadrages centr\u00e9s souvent frontaux, en pied, en buste ou serr\u00e9s. La transparence de l\u2019\u00e9clairage, la neutralit\u00e9 de l\u2019expression, la statique de l\u2019image, l&#8217;attention port\u00e9e \u00e0 la qualit\u00e9 des grains de peau et \u00e0 la texture des v\u00eatements, sugg\u00e8rent une r\u00e9f\u00e9rence aux portraits peints par les ma\u00eetres anciens.<\/p>\t\t\t\t\t\t\t\t<\/div>\n\t\t\t\t<\/div>\n\t\t\t\t\t<\/div>\n\t\t<\/div>\n\t\t\t\t\t<\/div>\n\t\t<\/section>\n\t\t\t\t\t<\/div>\n\t\t<\/div>\n\t\t\t\t\t<\/div>\n\t\t<\/section>\n\t\t\t\t<section class=\"elementor-section elementor-top-section elementor-element elementor-element-4227e37a elementor-section-boxed elementor-section-height-default elementor-section-height-default\" data-id=\"4227e37a\" data-element_type=\"section\">\n\t\t\t\t\t\t<div class=\"elementor-container elementor-column-gap-default\">\n\t\t\t\t\t<div class=\"elementor-column elementor-col-100 elementor-top-column elementor-element elementor-element-714f6fb6\" data-id=\"714f6fb6\" data-element_type=\"column\">\n\t\t\t<div class=\"elementor-widget-wrap elementor-element-populated\">\n\t\t\t\t\t\t<div class=\"elementor-element elementor-element-65201741 elementor-widget elementor-widget-heading\" data-id=\"65201741\" data-element_type=\"widget\" data-widget_type=\"heading.default\">\n\t\t\t\t<div class=\"elementor-widget-container\">\n\t\t\t\t\t<span class=\"elementor-heading-title elementor-size-large\">Bretonnes<\/span>\t\t\t\t<\/div>\n\t\t\t\t<\/div>\n\t\t\t\t<div class=\"elementor-element elementor-element-535b30e elementor-widget elementor-widget-image-gallery\" data-id=\"535b30e\" data-element_type=\"widget\" data-widget_type=\"image-gallery.default\">\n\t\t\t\t<div class=\"elementor-widget-container\">\n\t\t\t\t\t\t\t<div class=\"elementor-image-gallery\">\n\t\t\t<div id='gallery-1' class='gallery galleryid-870 gallery-columns-2 gallery-size-medium_large'><figure class='gallery-item'>\n\t\t\t<div class='gallery-icon portrait'>\n\t\t\t\t<a data-elementor-open-lightbox=\"yes\" data-elementor-lightbox-slideshow=\"535b30e\" data-elementor-lightbox-title=\"expo-de-Charles-Freger\" data-e-action-hash=\"#elementor-action%3Aaction%3Dlightbox%26settings%3DeyJpZCI6ODczLCJ1cmwiOiJodHRwczpcL1wvd3d3LmZlc3RpdmFsLWVzY2FsZXMtcGhvdG9zLmZyXC93cC1jb250ZW50XC91cGxvYWRzXC8yMDE5XC8wNVwvZXhwby1kZS1DaGFybGVzLUZyZWdlci5qcGciLCJzbGlkZXNob3ciOiI1MzViMzBlIn0%3D\" href='https:\/\/www.festival-escales-photos.fr\/wp-content\/uploads\/2019\/05\/expo-de-Charles-Freger.jpg'><img decoding=\"async\" width=\"450\" height=\"590\" src=\"https:\/\/www.festival-escales-photos.fr\/wp-content\/uploads\/2019\/05\/expo-de-Charles-Freger.jpg\" class=\"attachment-medium_large size-medium_large\" alt=\"Expo de Charles Freger\" srcset=\"https:\/\/www.festival-escales-photos.fr\/wp-content\/uploads\/2019\/05\/expo-de-Charles-Freger.jpg 450w, https:\/\/www.festival-escales-photos.fr\/wp-content\/uploads\/2019\/05\/expo-de-Charles-Freger-229x300.jpg 229w\" sizes=\"(max-width: 450px) 100vw, 450px\" \/><\/a>\n\t\t\t<\/div><\/figure><figure class='gallery-item'>\n\t\t\t<div class='gallery-icon portrait'>\n\t\t\t\t<a data-elementor-open-lightbox=\"yes\" data-elementor-lightbox-slideshow=\"535b30e\" data-elementor-lightbox-title=\"expo-bretonnes-charles-freger\" data-e-action-hash=\"#elementor-action%3Aaction%3Dlightbox%26settings%3DeyJpZCI6ODcyLCJ1cmwiOiJodHRwczpcL1wvd3d3LmZlc3RpdmFsLWVzY2FsZXMtcGhvdG9zLmZyXC93cC1jb250ZW50XC91cGxvYWRzXC8yMDE5XC8wNVwvZXhwby1icmV0b25uZXMtY2hhcmxlcy1mcmVnZXIuanBnIiwic2xpZGVzaG93IjoiNTM1YjMwZSJ9\" href='https:\/\/www.festival-escales-photos.fr\/wp-content\/uploads\/2019\/05\/expo-bretonnes-charles-freger.jpg'><img decoding=\"async\" width=\"450\" height=\"591\" src=\"https:\/\/www.festival-escales-photos.fr\/wp-content\/uploads\/2019\/05\/expo-bretonnes-charles-freger.jpg\" class=\"attachment-medium_large size-medium_large\" alt=\"Bretonnes de Charles Freger\" srcset=\"https:\/\/www.festival-escales-photos.fr\/wp-content\/uploads\/2019\/05\/expo-bretonnes-charles-freger.jpg 450w, https:\/\/www.festival-escales-photos.fr\/wp-content\/uploads\/2019\/05\/expo-bretonnes-charles-freger-228x300.jpg 228w\" sizes=\"(max-width: 450px) 100vw, 450px\" \/><\/a>\n\t\t\t<\/div><\/figure>\n\t\t<\/div>\n\t\t<\/div>\n\t\t\t\t\t\t<\/div>\n\t\t\t\t<\/div>\n\t\t\t\t<div class=\"elementor-element elementor-element-c9d6a68 elementor-widget elementor-widget-text-editor\" data-id=\"c9d6a68\" data-element_type=\"widget\" data-widget_type=\"text-editor.default\">\n\t\t\t\t<div class=\"elementor-widget-container\">\n\t\t\t\t\t\t\t\t\t<p><a href=\"https:\/\/www.festival-escales-photos.fr\/wp-content\/uploads\/2019\/05\/expo-bretonnes-freger-1.pdf\" class=\"pdfemb-viewer\" style=\"\" data-width=\"max\" data-height=\"max\" data-toolbar=\"bottom\" data-toolbar-fixed=\"off\">expo-bretonnes-freger<\/a><\/p>\t\t\t\t\t\t\t\t<\/div>\n\t\t\t\t<\/div>\n\t\t\t\t<div class=\"elementor-element elementor-element-6a1adaa1 elementor-align-center elementor-widget elementor-widget-button\" data-id=\"6a1adaa1\" data-element_type=\"widget\" data-widget_type=\"button.default\">\n\t\t\t\t<div class=\"elementor-widget-container\">\n\t\t\t\t\t\t\t\t\t<div class=\"elementor-button-wrapper\">\n\t\t\t\t\t<a class=\"elementor-button elementor-button-link elementor-size-sm\" href=\"http:\/\/www.charlesfreger.com\/\" target=\"_blank\">\n\t\t\t\t\t\t<span class=\"elementor-button-content-wrapper\">\n\t\t\t\t\t\t\t\t\t<span class=\"elementor-button-text\">En savoir + sur Charles Freger<\/span>\n\t\t\t\t\t<\/span>\n\t\t\t\t\t<\/a>\n\t\t\t\t<\/div>\n\t\t\t\t\t\t\t\t<\/div>\n\t\t\t\t<\/div>\n\t\t\t\t\t<\/div>\n\t\t<\/div>\n\t\t\t\t\t<\/div>\n\t\t<\/section>\n\t\t\t\t<\/div>\n\t\t","protected":false},"excerpt":{"rendered":"<p>Charles Freger Le portrait du photographe N\u00e9 en 1975, form\u00e9 \u00e0 l&#8217;\u00e9cole sup\u00e9rieure d&#8217;art et de design de Rouen, Charles Fr\u00e9ger poursuit, depuis le d\u00e9but des ann\u00e9es 2000, un inventaire intitul\u00e9 \u00ab Portraits photographiques et uniformes \u00bb. Il a publi\u00e9 17 livres dont Bretonnes en 2015. En Europe et un peu partout dans le monde, [&hellip;]<\/p>\n","protected":false},"author":1,"featured_media":872,"parent":0,"menu_order":0,"comment_status":"closed","ping_status":"closed","template":"","meta":{"_monsterinsights_skip_tracking":false,"_monsterinsights_sitenote_active":false,"_monsterinsights_sitenote_note":"","_monsterinsights_sitenote_category":0,"ocean_post_layout":"","ocean_both_sidebars_style":"","ocean_both_sidebars_content_width":0,"ocean_both_sidebars_sidebars_width":0,"ocean_sidebar":"0","ocean_second_sidebar":"0","ocean_disable_margins":"enable","ocean_add_body_class":"","ocean_shortcode_before_top_bar":"","ocean_shortcode_after_top_bar":"","ocean_shortcode_before_header":"","ocean_shortcode_after_header":"","ocean_has_shortcode":"","ocean_shortcode_after_title":"","ocean_shortcode_before_footer_widgets":"","ocean_shortcode_after_footer_widgets":"","ocean_shortcode_before_footer_bottom":"","ocean_shortcode_after_footer_bottom":"","ocean_display_top_bar":"default","ocean_display_header":"default","ocean_header_style":"","ocean_center_header_left_menu":"0","ocean_custom_header_template":"0","ocean_custom_logo":0,"ocean_custom_retina_logo":0,"ocean_custom_logo_max_width":0,"ocean_custom_logo_tablet_max_width":0,"ocean_custom_logo_mobile_max_width":0,"ocean_custom_logo_max_height":0,"ocean_custom_logo_tablet_max_height":0,"ocean_custom_logo_mobile_max_height":0,"ocean_header_custom_menu":"0","ocean_menu_typo_font_family":"0","ocean_menu_typo_font_subset":"","ocean_menu_typo_font_size":0,"ocean_menu_typo_font_size_tablet":0,"ocean_menu_typo_font_size_mobile":0,"ocean_menu_typo_font_size_unit":"px","ocean_menu_typo_font_weight":"","ocean_menu_typo_font_weight_tablet":"","ocean_menu_typo_font_weight_mobile":"","ocean_menu_typo_transform":"","ocean_menu_typo_transform_tablet":"","ocean_menu_typo_transform_mobile":"","ocean_menu_typo_line_height":0,"ocean_menu_typo_line_height_tablet":0,"ocean_menu_typo_line_height_mobile":0,"ocean_menu_typo_line_height_unit":"","ocean_menu_typo_spacing":0,"ocean_menu_typo_spacing_tablet":0,"ocean_menu_typo_spacing_mobile":0,"ocean_menu_typo_spacing_unit":"","ocean_menu_link_color":"","ocean_menu_link_color_hover":"","ocean_menu_link_color_active":"","ocean_menu_link_background":"","ocean_menu_link_hover_background":"","ocean_menu_link_active_background":"","ocean_menu_social_links_bg":"","ocean_menu_social_hover_links_bg":"","ocean_menu_social_links_color":"","ocean_menu_social_hover_links_color":"","ocean_disable_title":"default","ocean_disable_heading":"default","ocean_post_title":"","ocean_post_subheading":"","ocean_post_title_style":"","ocean_post_title_background_color":"","ocean_post_title_background":0,"ocean_post_title_bg_image_position":"","ocean_post_title_bg_image_attachment":"","ocean_post_title_bg_image_repeat":"","ocean_post_title_bg_image_size":"","ocean_post_title_height":0,"ocean_post_title_bg_overlay":0.5,"ocean_post_title_bg_overlay_color":"","ocean_disable_breadcrumbs":"default","ocean_breadcrumbs_color":"","ocean_breadcrumbs_separator_color":"","ocean_breadcrumbs_links_color":"","ocean_breadcrumbs_links_hover_color":"","ocean_display_footer_widgets":"default","ocean_display_footer_bottom":"default","ocean_custom_footer_template":"0","footnotes":""},"class_list":["post-870","page","type-page","status-publish","has-post-thumbnail","hentry","entry","has-media"],"yoast_head":"<!-- This site is optimized with the Yoast SEO plugin v25.7 - https:\/\/yoast.com\/wordpress\/plugins\/seo\/ -->\n<title>Charles Freger Bretonnes - Festival Escales Photos<\/title>\n<meta name=\"description\" content=\"Le photographe Charles Fr\u00e9ger depuis les ann\u00e9es 2000, un inventaire intitul\u00e9 \u00ab Portraits photographiques et uniformes \u00bb. Il a publi\u00e9 le livre Bretonnes\" \/>\n<meta name=\"robots\" content=\"index, follow, max-snippet:-1, max-image-preview:large, max-video-preview:-1\" \/>\n<link rel=\"canonical\" href=\"https:\/\/www.festival-escales-photos.fr\/index.php\/charles-freger-bretonnes\/\" \/>\n<meta property=\"og:locale\" content=\"en_US\" \/>\n<meta property=\"og:type\" content=\"article\" \/>\n<meta property=\"og:title\" content=\"Charles Freger Bretonnes - Festival Escales Photos\" \/>\n<meta property=\"og:description\" content=\"Le photographe Charles Fr\u00e9ger depuis les ann\u00e9es 2000, un inventaire intitul\u00e9 \u00ab Portraits photographiques et uniformes \u00bb. Il a publi\u00e9 le livre Bretonnes\" \/>\n<meta property=\"og:url\" content=\"https:\/\/www.festival-escales-photos.fr\/index.php\/charles-freger-bretonnes\/\" \/>\n<meta property=\"og:site_name\" content=\"Festival Escales Photos\" \/>\n<meta property=\"article:publisher\" content=\"https:\/\/www.facebook.com\/festivalescalesphotos\" \/>\n<meta property=\"article:modified_time\" content=\"2019-05-17T12:50:08+00:00\" \/>\n<meta property=\"og:image\" content=\"https:\/\/www.festival-escales-photos.fr\/wp-content\/uploads\/2019\/05\/expo-bretonnes-charles-freger.jpg\" \/>\n\t<meta property=\"og:image:width\" content=\"450\" \/>\n\t<meta property=\"og:image:height\" content=\"591\" \/>\n\t<meta property=\"og:image:type\" content=\"image\/jpeg\" \/>\n<meta name=\"twitter:card\" content=\"summary_large_image\" \/>\n<meta name=\"twitter:label1\" content=\"Est. reading time\" \/>\n\t<meta name=\"twitter:data1\" content=\"1 minute\" \/>\n<script type=\"application\/ld+json\" class=\"yoast-schema-graph\">{\"@context\":\"https:\/\/schema.org\",\"@graph\":[{\"@type\":\"WebPage\",\"@id\":\"https:\/\/www.festival-escales-photos.fr\/index.php\/charles-freger-bretonnes\/\",\"url\":\"https:\/\/www.festival-escales-photos.fr\/index.php\/charles-freger-bretonnes\/\",\"name\":\"Charles Freger Bretonnes - Festival Escales Photos\",\"isPartOf\":{\"@id\":\"http:\/\/www.festival-escales-photos.fr\/#website\"},\"primaryImageOfPage\":{\"@id\":\"https:\/\/www.festival-escales-photos.fr\/index.php\/charles-freger-bretonnes\/#primaryimage\"},\"image\":{\"@id\":\"https:\/\/www.festival-escales-photos.fr\/index.php\/charles-freger-bretonnes\/#primaryimage\"},\"thumbnailUrl\":\"https:\/\/www.festival-escales-photos.fr\/wp-content\/uploads\/2019\/05\/expo-bretonnes-charles-freger.jpg\",\"datePublished\":\"2019-05-09T13:37:20+00:00\",\"dateModified\":\"2019-05-17T12:50:08+00:00\",\"description\":\"Le photographe Charles Fr\u00e9ger depuis les ann\u00e9es 2000, un inventaire intitul\u00e9 \u00ab Portraits photographiques et uniformes \u00bb. Il a publi\u00e9 le livre Bretonnes\",\"breadcrumb\":{\"@id\":\"https:\/\/www.festival-escales-photos.fr\/index.php\/charles-freger-bretonnes\/#breadcrumb\"},\"inLanguage\":\"en-US\",\"potentialAction\":[{\"@type\":\"ReadAction\",\"target\":[\"https:\/\/www.festival-escales-photos.fr\/index.php\/charles-freger-bretonnes\/\"]}]},{\"@type\":\"ImageObject\",\"inLanguage\":\"en-US\",\"@id\":\"https:\/\/www.festival-escales-photos.fr\/index.php\/charles-freger-bretonnes\/#primaryimage\",\"url\":\"https:\/\/www.festival-escales-photos.fr\/wp-content\/uploads\/2019\/05\/expo-bretonnes-charles-freger.jpg\",\"contentUrl\":\"https:\/\/www.festival-escales-photos.fr\/wp-content\/uploads\/2019\/05\/expo-bretonnes-charles-freger.jpg\",\"width\":450,\"height\":591,\"caption\":\"Bretonnes de Charles Freger\"},{\"@type\":\"BreadcrumbList\",\"@id\":\"https:\/\/www.festival-escales-photos.fr\/index.php\/charles-freger-bretonnes\/#breadcrumb\",\"itemListElement\":[{\"@type\":\"ListItem\",\"position\":1,\"name\":\"Accueil\",\"item\":\"http:\/\/www.festival-escales-photos.fr\/\"},{\"@type\":\"ListItem\",\"position\":2,\"name\":\"Charles Freger Bretonnes\"}]},{\"@type\":\"WebSite\",\"@id\":\"http:\/\/www.festival-escales-photos.fr\/#website\",\"url\":\"http:\/\/www.festival-escales-photos.fr\/\",\"name\":\"Festival Escales Photos\",\"description\":\"\",\"publisher\":{\"@id\":\"http:\/\/www.festival-escales-photos.fr\/#organization\"},\"potentialAction\":[{\"@type\":\"SearchAction\",\"target\":{\"@type\":\"EntryPoint\",\"urlTemplate\":\"http:\/\/www.festival-escales-photos.fr\/?s={search_term_string}\"},\"query-input\":{\"@type\":\"PropertyValueSpecification\",\"valueRequired\":true,\"valueName\":\"search_term_string\"}}],\"inLanguage\":\"en-US\"},{\"@type\":\"Organization\",\"@id\":\"http:\/\/www.festival-escales-photos.fr\/#organization\",\"name\":\"Festival Escales Photos\",\"url\":\"http:\/\/www.festival-escales-photos.fr\/\",\"logo\":{\"@type\":\"ImageObject\",\"inLanguage\":\"en-US\",\"@id\":\"http:\/\/www.festival-escales-photos.fr\/#\/schema\/logo\/image\/\",\"url\":\"http:\/\/www.festival-escales-photos.fr\/wp-content\/uploads\/2019\/04\/icone-escales-photos-56.jpg\",\"contentUrl\":\"http:\/\/www.festival-escales-photos.fr\/wp-content\/uploads\/2019\/04\/icone-escales-photos-56.jpg\",\"width\":512,\"height\":362,\"caption\":\"Festival Escales Photos\"},\"image\":{\"@id\":\"http:\/\/www.festival-escales-photos.fr\/#\/schema\/logo\/image\/\"},\"sameAs\":[\"https:\/\/www.facebook.com\/festivalescalesphotos\",\"https:\/\/www.instagram.com\/festivalescalesphotos\/\"]}]}<\/script>\n<!-- \/ Yoast SEO plugin. -->","yoast_head_json":{"title":"Charles Freger Bretonnes - Festival Escales Photos","description":"Le photographe Charles Fr\u00e9ger depuis les ann\u00e9es 2000, un inventaire intitul\u00e9 \u00ab Portraits photographiques et uniformes \u00bb. Il a publi\u00e9 le livre Bretonnes","robots":{"index":"index","follow":"follow","max-snippet":"max-snippet:-1","max-image-preview":"max-image-preview:large","max-video-preview":"max-video-preview:-1"},"canonical":"https:\/\/www.festival-escales-photos.fr\/index.php\/charles-freger-bretonnes\/","og_locale":"en_US","og_type":"article","og_title":"Charles Freger Bretonnes - Festival Escales Photos","og_description":"Le photographe Charles Fr\u00e9ger depuis les ann\u00e9es 2000, un inventaire intitul\u00e9 \u00ab Portraits photographiques et uniformes \u00bb. Il a publi\u00e9 le livre Bretonnes","og_url":"https:\/\/www.festival-escales-photos.fr\/index.php\/charles-freger-bretonnes\/","og_site_name":"Festival Escales Photos","article_publisher":"https:\/\/www.facebook.com\/festivalescalesphotos","article_modified_time":"2019-05-17T12:50:08+00:00","og_image":[{"width":450,"height":591,"url":"https:\/\/www.festival-escales-photos.fr\/wp-content\/uploads\/2019\/05\/expo-bretonnes-charles-freger.jpg","type":"image\/jpeg"}],"twitter_card":"summary_large_image","twitter_misc":{"Est. reading time":"1 minute"},"schema":{"@context":"https:\/\/schema.org","@graph":[{"@type":"WebPage","@id":"https:\/\/www.festival-escales-photos.fr\/index.php\/charles-freger-bretonnes\/","url":"https:\/\/www.festival-escales-photos.fr\/index.php\/charles-freger-bretonnes\/","name":"Charles Freger Bretonnes - Festival Escales Photos","isPartOf":{"@id":"http:\/\/www.festival-escales-photos.fr\/#website"},"primaryImageOfPage":{"@id":"https:\/\/www.festival-escales-photos.fr\/index.php\/charles-freger-bretonnes\/#primaryimage"},"image":{"@id":"https:\/\/www.festival-escales-photos.fr\/index.php\/charles-freger-bretonnes\/#primaryimage"},"thumbnailUrl":"https:\/\/www.festival-escales-photos.fr\/wp-content\/uploads\/2019\/05\/expo-bretonnes-charles-freger.jpg","datePublished":"2019-05-09T13:37:20+00:00","dateModified":"2019-05-17T12:50:08+00:00","description":"Le photographe Charles Fr\u00e9ger depuis les ann\u00e9es 2000, un inventaire intitul\u00e9 \u00ab Portraits photographiques et uniformes \u00bb. Il a publi\u00e9 le livre Bretonnes","breadcrumb":{"@id":"https:\/\/www.festival-escales-photos.fr\/index.php\/charles-freger-bretonnes\/#breadcrumb"},"inLanguage":"en-US","potentialAction":[{"@type":"ReadAction","target":["https:\/\/www.festival-escales-photos.fr\/index.php\/charles-freger-bretonnes\/"]}]},{"@type":"ImageObject","inLanguage":"en-US","@id":"https:\/\/www.festival-escales-photos.fr\/index.php\/charles-freger-bretonnes\/#primaryimage","url":"https:\/\/www.festival-escales-photos.fr\/wp-content\/uploads\/2019\/05\/expo-bretonnes-charles-freger.jpg","contentUrl":"https:\/\/www.festival-escales-photos.fr\/wp-content\/uploads\/2019\/05\/expo-bretonnes-charles-freger.jpg","width":450,"height":591,"caption":"Bretonnes de Charles Freger"},{"@type":"BreadcrumbList","@id":"https:\/\/www.festival-escales-photos.fr\/index.php\/charles-freger-bretonnes\/#breadcrumb","itemListElement":[{"@type":"ListItem","position":1,"name":"Accueil","item":"http:\/\/www.festival-escales-photos.fr\/"},{"@type":"ListItem","position":2,"name":"Charles Freger Bretonnes"}]},{"@type":"WebSite","@id":"http:\/\/www.festival-escales-photos.fr\/#website","url":"http:\/\/www.festival-escales-photos.fr\/","name":"Festival Escales Photos","description":"","publisher":{"@id":"http:\/\/www.festival-escales-photos.fr\/#organization"},"potentialAction":[{"@type":"SearchAction","target":{"@type":"EntryPoint","urlTemplate":"http:\/\/www.festival-escales-photos.fr\/?s={search_term_string}"},"query-input":{"@type":"PropertyValueSpecification","valueRequired":true,"valueName":"search_term_string"}}],"inLanguage":"en-US"},{"@type":"Organization","@id":"http:\/\/www.festival-escales-photos.fr\/#organization","name":"Festival Escales Photos","url":"http:\/\/www.festival-escales-photos.fr\/","logo":{"@type":"ImageObject","inLanguage":"en-US","@id":"http:\/\/www.festival-escales-photos.fr\/#\/schema\/logo\/image\/","url":"http:\/\/www.festival-escales-photos.fr\/wp-content\/uploads\/2019\/04\/icone-escales-photos-56.jpg","contentUrl":"http:\/\/www.festival-escales-photos.fr\/wp-content\/uploads\/2019\/04\/icone-escales-photos-56.jpg","width":512,"height":362,"caption":"Festival Escales Photos"},"image":{"@id":"http:\/\/www.festival-escales-photos.fr\/#\/schema\/logo\/image\/"},"sameAs":["https:\/\/www.facebook.com\/festivalescalesphotos","https:\/\/www.instagram.com\/festivalescalesphotos\/"]}]}},"_links":{"self":[{"href":"https:\/\/www.festival-escales-photos.fr\/index.php\/wp-json\/wp\/v2\/pages\/870","targetHints":{"allow":["GET"]}}],"collection":[{"href":"https:\/\/www.festival-escales-photos.fr\/index.php\/wp-json\/wp\/v2\/pages"}],"about":[{"href":"https:\/\/www.festival-escales-photos.fr\/index.php\/wp-json\/wp\/v2\/types\/page"}],"author":[{"embeddable":true,"href":"https:\/\/www.festival-escales-photos.fr\/index.php\/wp-json\/wp\/v2\/users\/1"}],"replies":[{"embeddable":true,"href":"https:\/\/www.festival-escales-photos.fr\/index.php\/wp-json\/wp\/v2\/comments?post=870"}],"version-history":[{"count":13,"href":"https:\/\/www.festival-escales-photos.fr\/index.php\/wp-json\/wp\/v2\/pages\/870\/revisions"}],"predecessor-version":[{"id":1444,"href":"https:\/\/www.festival-escales-photos.fr\/index.php\/wp-json\/wp\/v2\/pages\/870\/revisions\/1444"}],"wp:featuredmedia":[{"embeddable":true,"href":"https:\/\/www.festival-escales-photos.fr\/index.php\/wp-json\/wp\/v2\/media\/872"}],"wp:attachment":[{"href":"https:\/\/www.festival-escales-photos.fr\/index.php\/wp-json\/wp\/v2\/media?parent=870"}],"curies":[{"name":"wp","href":"https:\/\/api.w.org\/{rel}","templated":true}]}}