{"id":920,"date":"2019-05-09T17:01:32","date_gmt":"2019-05-09T15:01:32","guid":{"rendered":"http:\/\/www.festival-escales-photos.fr\/?page_id=920"},"modified":"2019-05-17T14:52:15","modified_gmt":"2019-05-17T12:52:15","slug":"erwan-amice-pouces","status":"publish","type":"page","link":"https:\/\/www.festival-escales-photos.fr\/index.php\/erwan-amice-pouces\/","title":{"rendered":"Erwan Amice Pouces"},"content":{"rendered":"\t\t<div data-elementor-type=\"wp-post\" data-elementor-id=\"920\" class=\"elementor elementor-920\">\n\t\t\t\t\t\t<section class=\"elementor-section elementor-top-section elementor-element elementor-element-4bb2ffc9 elementor-section-boxed elementor-section-height-default elementor-section-height-default\" data-id=\"4bb2ffc9\" data-element_type=\"section\">\n\t\t\t\t\t\t<div class=\"elementor-container elementor-column-gap-default\">\n\t\t\t\t\t<div class=\"elementor-column elementor-col-100 elementor-top-column elementor-element elementor-element-2e165ee1\" data-id=\"2e165ee1\" data-element_type=\"column\">\n\t\t\t<div class=\"elementor-widget-wrap elementor-element-populated\">\n\t\t\t\t\t\t<div class=\"elementor-element elementor-element-2b0b5fd9 elementor-widget elementor-widget-heading\" data-id=\"2b0b5fd9\" data-element_type=\"widget\" data-widget_type=\"heading.default\">\n\t\t\t\t<div class=\"elementor-widget-container\">\n\t\t\t\t\t<h2 class=\"elementor-heading-title elementor-size-large\">Erwan Amice<\/h2>\t\t\t\t<\/div>\n\t\t\t\t<\/div>\n\t\t\t\t\t<\/div>\n\t\t<\/div>\n\t\t\t\t\t<\/div>\n\t\t<\/section>\n\t\t\t\t<section class=\"elementor-section elementor-top-section elementor-element elementor-element-2b87e778 elementor-section-boxed elementor-section-height-default elementor-section-height-default\" data-id=\"2b87e778\" data-element_type=\"section\">\n\t\t\t\t\t\t<div class=\"elementor-container elementor-column-gap-default\">\n\t\t\t\t\t<div class=\"elementor-column elementor-col-100 elementor-top-column elementor-element elementor-element-2d33d9a5\" data-id=\"2d33d9a5\" data-element_type=\"column\">\n\t\t\t<div class=\"elementor-widget-wrap elementor-element-populated\">\n\t\t\t\t\t\t<section class=\"elementor-section elementor-inner-section elementor-element elementor-element-21ba6292 elementor-section-boxed elementor-section-height-default elementor-section-height-default\" data-id=\"21ba6292\" data-element_type=\"section\">\n\t\t\t\t\t\t<div class=\"elementor-container elementor-column-gap-default\">\n\t\t\t\t\t<div class=\"elementor-column elementor-col-50 elementor-inner-column elementor-element elementor-element-1b006d79\" data-id=\"1b006d79\" data-element_type=\"column\">\n\t\t\t<div class=\"elementor-widget-wrap elementor-element-populated\">\n\t\t\t\t\t\t<div class=\"elementor-element elementor-element-3b0165db elementor-widget elementor-widget-image\" data-id=\"3b0165db\" data-element_type=\"widget\" data-widget_type=\"image.default\">\n\t\t\t\t<div class=\"elementor-widget-container\">\n\t\t\t\t\t\t\t\t\t\t\t\t\t\t\t<img fetchpriority=\"high\" decoding=\"async\" width=\"212\" height=\"300\" src=\"https:\/\/www.festival-escales-photos.fr\/wp-content\/uploads\/2019\/05\/portrait-photographe-erwan-amice-1-212x300.jpg\" class=\"attachment-medium size-medium wp-image-921\" alt=\"Portrait du photographe Erwan Amice\" srcset=\"https:\/\/www.festival-escales-photos.fr\/wp-content\/uploads\/2019\/05\/portrait-photographe-erwan-amice-1-212x300.jpg 212w, https:\/\/www.festival-escales-photos.fr\/wp-content\/uploads\/2019\/05\/portrait-photographe-erwan-amice-1-768x1088.jpg 768w, https:\/\/www.festival-escales-photos.fr\/wp-content\/uploads\/2019\/05\/portrait-photographe-erwan-amice-1-723x1024.jpg 723w\" sizes=\"(max-width: 212px) 100vw, 212px\" \/>\t\t\t\t\t\t\t\t\t\t\t\t\t\t\t<\/div>\n\t\t\t\t<\/div>\n\t\t\t\t\t<\/div>\n\t\t<\/div>\n\t\t\t\t<div class=\"elementor-column elementor-col-50 elementor-inner-column elementor-element elementor-element-27107c12\" data-id=\"27107c12\" data-element_type=\"column\">\n\t\t\t<div class=\"elementor-widget-wrap elementor-element-populated\">\n\t\t\t\t\t\t<div class=\"elementor-element elementor-element-2001f2ed elementor-widget elementor-widget-heading\" data-id=\"2001f2ed\" data-element_type=\"widget\" data-widget_type=\"heading.default\">\n\t\t\t\t<div class=\"elementor-widget-container\">\n\t\t\t\t\t<h2 class=\"elementor-heading-title elementor-size-default\">Le portrait du photographe<\/h2>\t\t\t\t<\/div>\n\t\t\t\t<\/div>\n\t\t\t\t<div class=\"elementor-element elementor-element-9b07b35 elementor-widget elementor-widget-spacer\" data-id=\"9b07b35\" data-element_type=\"widget\" data-widget_type=\"spacer.default\">\n\t\t\t\t<div class=\"elementor-widget-container\">\n\t\t\t\t\t\t\t<div class=\"elementor-spacer\">\n\t\t\t<div class=\"elementor-spacer-inner\"><\/div>\n\t\t<\/div>\n\t\t\t\t\t\t<\/div>\n\t\t\t\t<\/div>\n\t\t\t\t<div class=\"elementor-element elementor-element-560a6b76 elementor-widget elementor-widget-text-editor\" data-id=\"560a6b76\" data-element_type=\"widget\" data-widget_type=\"text-editor.default\">\n\t\t\t\t<div class=\"elementor-widget-container\">\n\t\t\t\t\t\t\t\t\t<p>Marin, plongeur ou photographe\u2026 et pourquoi pas les trois ? Les oc\u00e9ans, les mers \u00e0 travers un objectif, depuis plus de 20 ans, c\u2019est ce qui porte Erwan Amice sur l\u2019eau, sous l\u2019eau et aux quatre coins du monde afin de trouver le meilleur angle de vue. Natif de Belle-\u00cele-en-Mer, il a vou\u00e9 son existence a\u0300 la Grande bleue aux reflets d\u2019\u00e9meraude\u2026 Apr\u00e8s avoir \u00e9t\u00e9 form\u00e9 a\u0300 la rigueur de la Marine Nationale, rayon \u00ab plongeur d\u00e9mineur \u00bb, il choisit de se reconvertir pour go\u00fbter \u00e0 la qu\u00eate scientifique. Le CNRS l\u2019accueille \u00e0 partir de 2002. Mais avant d\u2019atteindre les joyaux de la nature, il travaille en amont pour pr\u00e9parer des missions scientifiques \u00e0 l\u2019Institut Universitaire Europ\u00e9en de la Mer implant\u00e9 non loin de Brest. Entre zones tropicales, temp\u00e9r\u00e9es et polaires\u2026 son c\u0153ur balance.<\/p>\t\t\t\t\t\t\t\t<\/div>\n\t\t\t\t<\/div>\n\t\t\t\t\t<\/div>\n\t\t<\/div>\n\t\t\t\t\t<\/div>\n\t\t<\/section>\n\t\t\t\t\t<\/div>\n\t\t<\/div>\n\t\t\t\t\t<\/div>\n\t\t<\/section>\n\t\t\t\t<section class=\"elementor-section elementor-top-section elementor-element elementor-element-2cf0abf1 elementor-section-boxed elementor-section-height-default elementor-section-height-default\" data-id=\"2cf0abf1\" data-element_type=\"section\">\n\t\t\t\t\t\t<div class=\"elementor-container elementor-column-gap-default\">\n\t\t\t\t\t<div class=\"elementor-column elementor-col-100 elementor-top-column elementor-element elementor-element-10fdf28b\" data-id=\"10fdf28b\" data-element_type=\"column\">\n\t\t\t<div class=\"elementor-widget-wrap elementor-element-populated\">\n\t\t\t\t\t\t<div class=\"elementor-element elementor-element-385c938f elementor-widget elementor-widget-heading\" data-id=\"385c938f\" data-element_type=\"widget\" data-widget_type=\"heading.default\">\n\t\t\t\t<div class=\"elementor-widget-container\">\n\t\t\t\t\t<span class=\"elementor-heading-title elementor-size-large\">Pouces<\/span>\t\t\t\t<\/div>\n\t\t\t\t<\/div>\n\t\t\t\t<div class=\"elementor-element elementor-element-4941402a elementor-widget elementor-widget-image\" data-id=\"4941402a\" data-element_type=\"widget\" data-widget_type=\"image.default\">\n\t\t\t\t<div class=\"elementor-widget-container\">\n\t\t\t\t\t\t\t\t\t\t\t\t\t\t\t<img decoding=\"async\" width=\"1024\" height=\"451\" src=\"https:\/\/www.festival-escales-photos.fr\/wp-content\/uploads\/2019\/05\/Pouces-expo-du-photographe-Erwan-Amice-1024x451.jpg\" class=\"attachment-large size-large wp-image-1369\" alt=\"Pouce une expo du photographe Erwan Amice\" srcset=\"https:\/\/www.festival-escales-photos.fr\/wp-content\/uploads\/2019\/05\/Pouces-expo-du-photographe-Erwan-Amice-1024x451.jpg 1024w, https:\/\/www.festival-escales-photos.fr\/wp-content\/uploads\/2019\/05\/Pouces-expo-du-photographe-Erwan-Amice-300x132.jpg 300w, https:\/\/www.festival-escales-photos.fr\/wp-content\/uploads\/2019\/05\/Pouces-expo-du-photographe-Erwan-Amice-768x338.jpg 768w\" sizes=\"(max-width: 1024px) 100vw, 1024px\" \/>\t\t\t\t\t\t\t\t\t\t\t\t\t\t\t<\/div>\n\t\t\t\t<\/div>\n\t\t\t\t<div class=\"elementor-element elementor-element-f4a1808 elementor-widget elementor-widget-text-editor\" data-id=\"f4a1808\" data-element_type=\"widget\" data-widget_type=\"text-editor.default\">\n\t\t\t\t<div class=\"elementor-widget-container\">\n\t\t\t\t\t\t\t\t\t<p>\u00abPouces\u00bb (comme sont nomm\u00e9s commun\u00e9ment les pouces-pieds \u00e0 Belle-\u00cele) est l\u2019histoire de deux p\u00eacheurs de l\u2019extr\u00eame qui, accroch\u00e9s aux cailloux battus par le sac et le ressac au large des Aiguilles de Port Coton, cherchent souvent au prix d\u2019un v\u00e9ritable danger \u00e0 arracher \u00e0 la roche le pr\u00e9cieux crustac\u00e9 qui se retrouvera quelques heures plus tard sur les tables ib\u00e9riques. Erwan Amice a accompagn\u00e9 ces hommes en pleine d\u2019action pendant l\u2019hiver 2014 et a ramen\u00e9 une moisson d\u2019images qui prouve s\u2019il e\u0301tait besoin, que le Mor Braz reste une mer d\u2019o\u00f9 l\u2019homme extrait de quoi vivre.<\/p>\t\t\t\t\t\t\t\t<\/div>\n\t\t\t\t<\/div>\n\t\t\t\t<div class=\"elementor-element elementor-element-19af4357 elementor-align-center elementor-widget elementor-widget-button\" data-id=\"19af4357\" data-element_type=\"widget\" data-widget_type=\"button.default\">\n\t\t\t\t<div class=\"elementor-widget-container\">\n\t\t\t\t\t\t\t\t\t<div class=\"elementor-button-wrapper\">\n\t\t\t\t\t<a class=\"elementor-button elementor-button-link elementor-size-sm\" href=\"http:\/\/e.amice.free.fr\/\" target=\"_blank\">\n\t\t\t\t\t\t<span class=\"elementor-button-content-wrapper\">\n\t\t\t\t\t\t\t\t\t<span class=\"elementor-button-text\">En savoir + sur Erwan Amice<\/span>\n\t\t\t\t\t<\/span>\n\t\t\t\t\t<\/a>\n\t\t\t\t<\/div>\n\t\t\t\t\t\t\t\t<\/div>\n\t\t\t\t<\/div>\n\t\t\t\t\t<\/div>\n\t\t<\/div>\n\t\t\t\t\t<\/div>\n\t\t<\/section>\n\t\t\t\t<\/div>\n\t\t","protected":false},"excerpt":{"rendered":"<p>Erwan Amice Le portrait du photographe Marin, plongeur ou photographe\u2026 et pourquoi pas les trois ? Les oc\u00e9ans, les mers \u00e0 travers un objectif, depuis plus de 20 ans, c\u2019est ce qui porte Erwan Amice sur l\u2019eau, sous l\u2019eau et aux quatre coins du monde afin de trouver le meilleur angle de vue. Natif de [&hellip;]<\/p>\n","protected":false},"author":1,"featured_media":656,"parent":0,"menu_order":0,"comment_status":"closed","ping_status":"closed","template":"","meta":{"_monsterinsights_skip_tracking":false,"_monsterinsights_sitenote_active":false,"_monsterinsights_sitenote_note":"","_monsterinsights_sitenote_category":0,"ocean_post_layout":"","ocean_both_sidebars_style":"","ocean_both_sidebars_content_width":0,"ocean_both_sidebars_sidebars_width":0,"ocean_sidebar":"0","ocean_second_sidebar":"0","ocean_disable_margins":"enable","ocean_add_body_class":"","ocean_shortcode_before_top_bar":"","ocean_shortcode_after_top_bar":"","ocean_shortcode_before_header":"","ocean_shortcode_after_header":"","ocean_has_shortcode":"","ocean_shortcode_after_title":"","ocean_shortcode_before_footer_widgets":"","ocean_shortcode_after_footer_widgets":"","ocean_shortcode_before_footer_bottom":"","ocean_shortcode_after_footer_bottom":"","ocean_display_top_bar":"default","ocean_display_header":"default","ocean_header_style":"","ocean_center_header_left_menu":"0","ocean_custom_header_template":"0","ocean_custom_logo":0,"ocean_custom_retina_logo":0,"ocean_custom_logo_max_width":0,"ocean_custom_logo_tablet_max_width":0,"ocean_custom_logo_mobile_max_width":0,"ocean_custom_logo_max_height":0,"ocean_custom_logo_tablet_max_height":0,"ocean_custom_logo_mobile_max_height":0,"ocean_header_custom_menu":"0","ocean_menu_typo_font_family":"0","ocean_menu_typo_font_subset":"","ocean_menu_typo_font_size":0,"ocean_menu_typo_font_size_tablet":0,"ocean_menu_typo_font_size_mobile":0,"ocean_menu_typo_font_size_unit":"px","ocean_menu_typo_font_weight":"","ocean_menu_typo_font_weight_tablet":"","ocean_menu_typo_font_weight_mobile":"","ocean_menu_typo_transform":"","ocean_menu_typo_transform_tablet":"","ocean_menu_typo_transform_mobile":"","ocean_menu_typo_line_height":0,"ocean_menu_typo_line_height_tablet":0,"ocean_menu_typo_line_height_mobile":0,"ocean_menu_typo_line_height_unit":"","ocean_menu_typo_spacing":0,"ocean_menu_typo_spacing_tablet":0,"ocean_menu_typo_spacing_mobile":0,"ocean_menu_typo_spacing_unit":"","ocean_menu_link_color":"","ocean_menu_link_color_hover":"","ocean_menu_link_color_active":"","ocean_menu_link_background":"","ocean_menu_link_hover_background":"","ocean_menu_link_active_background":"","ocean_menu_social_links_bg":"","ocean_menu_social_hover_links_bg":"","ocean_menu_social_links_color":"","ocean_menu_social_hover_links_color":"","ocean_disable_title":"default","ocean_disable_heading":"default","ocean_post_title":"","ocean_post_subheading":"","ocean_post_title_style":"","ocean_post_title_background_color":"","ocean_post_title_background":0,"ocean_post_title_bg_image_position":"","ocean_post_title_bg_image_attachment":"","ocean_post_title_bg_image_repeat":"","ocean_post_title_bg_image_size":"","ocean_post_title_height":0,"ocean_post_title_bg_overlay":0.5,"ocean_post_title_bg_overlay_color":"","ocean_disable_breadcrumbs":"default","ocean_breadcrumbs_color":"","ocean_breadcrumbs_separator_color":"","ocean_breadcrumbs_links_color":"","ocean_breadcrumbs_links_hover_color":"","ocean_display_footer_widgets":"default","ocean_display_footer_bottom":"default","ocean_custom_footer_template":"0","footnotes":""},"class_list":["post-920","page","type-page","status-publish","has-post-thumbnail","hentry","entry","has-media"],"yoast_head":"<!-- This site is optimized with the Yoast SEO plugin v25.7 - https:\/\/yoast.com\/wordpress\/plugins\/seo\/ -->\n<title>Erwan Amice Pouces - Festival Escales Photos<\/title>\n<meta name=\"description\" content=\"Erwan Amice est photographe, marin et plongeur. Les oc\u00e9ans, les mers \u00e0 travers un objectif photo, depuis plus de 20 ans, c\u2019est ce qui porte sur et sous\" \/>\n<meta name=\"robots\" content=\"index, follow, max-snippet:-1, max-image-preview:large, max-video-preview:-1\" \/>\n<link rel=\"canonical\" href=\"https:\/\/www.festival-escales-photos.fr\/index.php\/erwan-amice-pouces\/\" \/>\n<meta property=\"og:locale\" content=\"en_US\" \/>\n<meta property=\"og:type\" content=\"article\" \/>\n<meta property=\"og:title\" content=\"Erwan Amice Pouces - Festival Escales Photos\" \/>\n<meta property=\"og:description\" content=\"Erwan Amice est photographe, marin et plongeur. Les oc\u00e9ans, les mers \u00e0 travers un objectif photo, depuis plus de 20 ans, c\u2019est ce qui porte sur et sous\" \/>\n<meta property=\"og:url\" content=\"https:\/\/www.festival-escales-photos.fr\/index.php\/erwan-amice-pouces\/\" \/>\n<meta property=\"og:site_name\" content=\"Festival Escales Photos\" \/>\n<meta property=\"article:publisher\" content=\"https:\/\/www.facebook.com\/festivalescalesphotos\" \/>\n<meta property=\"article:modified_time\" content=\"2019-05-17T12:52:15+00:00\" \/>\n<meta property=\"og:image\" content=\"https:\/\/www.festival-escales-photos.fr\/wp-content\/uploads\/2019\/05\/festival-escales-photos-Plouharnel-56340-1024x666.jpg\" \/>\n\t<meta property=\"og:image:width\" content=\"1024\" \/>\n\t<meta property=\"og:image:height\" content=\"666\" \/>\n\t<meta property=\"og:image:type\" content=\"image\/jpeg\" \/>\n<meta name=\"twitter:card\" content=\"summary_large_image\" \/>\n<meta name=\"twitter:label1\" content=\"Est. reading time\" \/>\n\t<meta name=\"twitter:data1\" content=\"1 minute\" \/>\n<script type=\"application\/ld+json\" class=\"yoast-schema-graph\">{\"@context\":\"https:\/\/schema.org\",\"@graph\":[{\"@type\":\"WebPage\",\"@id\":\"https:\/\/www.festival-escales-photos.fr\/index.php\/erwan-amice-pouces\/\",\"url\":\"https:\/\/www.festival-escales-photos.fr\/index.php\/erwan-amice-pouces\/\",\"name\":\"Erwan Amice Pouces - Festival Escales Photos\",\"isPartOf\":{\"@id\":\"http:\/\/www.festival-escales-photos.fr\/#website\"},\"primaryImageOfPage\":{\"@id\":\"https:\/\/www.festival-escales-photos.fr\/index.php\/erwan-amice-pouces\/#primaryimage\"},\"image\":{\"@id\":\"https:\/\/www.festival-escales-photos.fr\/index.php\/erwan-amice-pouces\/#primaryimage\"},\"thumbnailUrl\":\"https:\/\/www.festival-escales-photos.fr\/wp-content\/uploads\/2019\/05\/festival-escales-photos-Plouharnel-56340.jpg\",\"datePublished\":\"2019-05-09T15:01:32+00:00\",\"dateModified\":\"2019-05-17T12:52:15+00:00\",\"description\":\"Erwan Amice est photographe, marin et plongeur. Les oc\u00e9ans, les mers \u00e0 travers un objectif photo, depuis plus de 20 ans, c\u2019est ce qui porte sur et sous\",\"breadcrumb\":{\"@id\":\"https:\/\/www.festival-escales-photos.fr\/index.php\/erwan-amice-pouces\/#breadcrumb\"},\"inLanguage\":\"en-US\",\"potentialAction\":[{\"@type\":\"ReadAction\",\"target\":[\"https:\/\/www.festival-escales-photos.fr\/index.php\/erwan-amice-pouces\/\"]}]},{\"@type\":\"ImageObject\",\"inLanguage\":\"en-US\",\"@id\":\"https:\/\/www.festival-escales-photos.fr\/index.php\/erwan-amice-pouces\/#primaryimage\",\"url\":\"https:\/\/www.festival-escales-photos.fr\/wp-content\/uploads\/2019\/05\/festival-escales-photos-Plouharnel-56340.jpg\",\"contentUrl\":\"https:\/\/www.festival-escales-photos.fr\/wp-content\/uploads\/2019\/05\/festival-escales-photos-Plouharnel-56340.jpg\",\"width\":6519,\"height\":4242,\"caption\":\"Une expo photo d'Erwan Amice photographe au CNRS\"},{\"@type\":\"BreadcrumbList\",\"@id\":\"https:\/\/www.festival-escales-photos.fr\/index.php\/erwan-amice-pouces\/#breadcrumb\",\"itemListElement\":[{\"@type\":\"ListItem\",\"position\":1,\"name\":\"Accueil\",\"item\":\"http:\/\/www.festival-escales-photos.fr\/\"},{\"@type\":\"ListItem\",\"position\":2,\"name\":\"Erwan Amice Pouces\"}]},{\"@type\":\"WebSite\",\"@id\":\"http:\/\/www.festival-escales-photos.fr\/#website\",\"url\":\"http:\/\/www.festival-escales-photos.fr\/\",\"name\":\"Festival Escales Photos\",\"description\":\"\",\"publisher\":{\"@id\":\"http:\/\/www.festival-escales-photos.fr\/#organization\"},\"potentialAction\":[{\"@type\":\"SearchAction\",\"target\":{\"@type\":\"EntryPoint\",\"urlTemplate\":\"http:\/\/www.festival-escales-photos.fr\/?s={search_term_string}\"},\"query-input\":{\"@type\":\"PropertyValueSpecification\",\"valueRequired\":true,\"valueName\":\"search_term_string\"}}],\"inLanguage\":\"en-US\"},{\"@type\":\"Organization\",\"@id\":\"http:\/\/www.festival-escales-photos.fr\/#organization\",\"name\":\"Festival Escales Photos\",\"url\":\"http:\/\/www.festival-escales-photos.fr\/\",\"logo\":{\"@type\":\"ImageObject\",\"inLanguage\":\"en-US\",\"@id\":\"http:\/\/www.festival-escales-photos.fr\/#\/schema\/logo\/image\/\",\"url\":\"http:\/\/www.festival-escales-photos.fr\/wp-content\/uploads\/2019\/04\/icone-escales-photos-56.jpg\",\"contentUrl\":\"http:\/\/www.festival-escales-photos.fr\/wp-content\/uploads\/2019\/04\/icone-escales-photos-56.jpg\",\"width\":512,\"height\":362,\"caption\":\"Festival Escales Photos\"},\"image\":{\"@id\":\"http:\/\/www.festival-escales-photos.fr\/#\/schema\/logo\/image\/\"},\"sameAs\":[\"https:\/\/www.facebook.com\/festivalescalesphotos\",\"https:\/\/www.instagram.com\/festivalescalesphotos\/\"]}]}<\/script>\n<!-- \/ Yoast SEO plugin. -->","yoast_head_json":{"title":"Erwan Amice Pouces - Festival Escales Photos","description":"Erwan Amice est photographe, marin et plongeur. Les oc\u00e9ans, les mers \u00e0 travers un objectif photo, depuis plus de 20 ans, c\u2019est ce qui porte sur et sous","robots":{"index":"index","follow":"follow","max-snippet":"max-snippet:-1","max-image-preview":"max-image-preview:large","max-video-preview":"max-video-preview:-1"},"canonical":"https:\/\/www.festival-escales-photos.fr\/index.php\/erwan-amice-pouces\/","og_locale":"en_US","og_type":"article","og_title":"Erwan Amice Pouces - Festival Escales Photos","og_description":"Erwan Amice est photographe, marin et plongeur. Les oc\u00e9ans, les mers \u00e0 travers un objectif photo, depuis plus de 20 ans, c\u2019est ce qui porte sur et sous","og_url":"https:\/\/www.festival-escales-photos.fr\/index.php\/erwan-amice-pouces\/","og_site_name":"Festival Escales Photos","article_publisher":"https:\/\/www.facebook.com\/festivalescalesphotos","article_modified_time":"2019-05-17T12:52:15+00:00","og_image":[{"width":1024,"height":666,"url":"https:\/\/www.festival-escales-photos.fr\/wp-content\/uploads\/2019\/05\/festival-escales-photos-Plouharnel-56340-1024x666.jpg","type":"image\/jpeg"}],"twitter_card":"summary_large_image","twitter_misc":{"Est. reading time":"1 minute"},"schema":{"@context":"https:\/\/schema.org","@graph":[{"@type":"WebPage","@id":"https:\/\/www.festival-escales-photos.fr\/index.php\/erwan-amice-pouces\/","url":"https:\/\/www.festival-escales-photos.fr\/index.php\/erwan-amice-pouces\/","name":"Erwan Amice Pouces - Festival Escales Photos","isPartOf":{"@id":"http:\/\/www.festival-escales-photos.fr\/#website"},"primaryImageOfPage":{"@id":"https:\/\/www.festival-escales-photos.fr\/index.php\/erwan-amice-pouces\/#primaryimage"},"image":{"@id":"https:\/\/www.festival-escales-photos.fr\/index.php\/erwan-amice-pouces\/#primaryimage"},"thumbnailUrl":"https:\/\/www.festival-escales-photos.fr\/wp-content\/uploads\/2019\/05\/festival-escales-photos-Plouharnel-56340.jpg","datePublished":"2019-05-09T15:01:32+00:00","dateModified":"2019-05-17T12:52:15+00:00","description":"Erwan Amice est photographe, marin et plongeur. Les oc\u00e9ans, les mers \u00e0 travers un objectif photo, depuis plus de 20 ans, c\u2019est ce qui porte sur et sous","breadcrumb":{"@id":"https:\/\/www.festival-escales-photos.fr\/index.php\/erwan-amice-pouces\/#breadcrumb"},"inLanguage":"en-US","potentialAction":[{"@type":"ReadAction","target":["https:\/\/www.festival-escales-photos.fr\/index.php\/erwan-amice-pouces\/"]}]},{"@type":"ImageObject","inLanguage":"en-US","@id":"https:\/\/www.festival-escales-photos.fr\/index.php\/erwan-amice-pouces\/#primaryimage","url":"https:\/\/www.festival-escales-photos.fr\/wp-content\/uploads\/2019\/05\/festival-escales-photos-Plouharnel-56340.jpg","contentUrl":"https:\/\/www.festival-escales-photos.fr\/wp-content\/uploads\/2019\/05\/festival-escales-photos-Plouharnel-56340.jpg","width":6519,"height":4242,"caption":"Une expo photo d'Erwan Amice photographe au CNRS"},{"@type":"BreadcrumbList","@id":"https:\/\/www.festival-escales-photos.fr\/index.php\/erwan-amice-pouces\/#breadcrumb","itemListElement":[{"@type":"ListItem","position":1,"name":"Accueil","item":"http:\/\/www.festival-escales-photos.fr\/"},{"@type":"ListItem","position":2,"name":"Erwan Amice Pouces"}]},{"@type":"WebSite","@id":"http:\/\/www.festival-escales-photos.fr\/#website","url":"http:\/\/www.festival-escales-photos.fr\/","name":"Festival Escales Photos","description":"","publisher":{"@id":"http:\/\/www.festival-escales-photos.fr\/#organization"},"potentialAction":[{"@type":"SearchAction","target":{"@type":"EntryPoint","urlTemplate":"http:\/\/www.festival-escales-photos.fr\/?s={search_term_string}"},"query-input":{"@type":"PropertyValueSpecification","valueRequired":true,"valueName":"search_term_string"}}],"inLanguage":"en-US"},{"@type":"Organization","@id":"http:\/\/www.festival-escales-photos.fr\/#organization","name":"Festival Escales Photos","url":"http:\/\/www.festival-escales-photos.fr\/","logo":{"@type":"ImageObject","inLanguage":"en-US","@id":"http:\/\/www.festival-escales-photos.fr\/#\/schema\/logo\/image\/","url":"http:\/\/www.festival-escales-photos.fr\/wp-content\/uploads\/2019\/04\/icone-escales-photos-56.jpg","contentUrl":"http:\/\/www.festival-escales-photos.fr\/wp-content\/uploads\/2019\/04\/icone-escales-photos-56.jpg","width":512,"height":362,"caption":"Festival Escales Photos"},"image":{"@id":"http:\/\/www.festival-escales-photos.fr\/#\/schema\/logo\/image\/"},"sameAs":["https:\/\/www.facebook.com\/festivalescalesphotos","https:\/\/www.instagram.com\/festivalescalesphotos\/"]}]}},"_links":{"self":[{"href":"https:\/\/www.festival-escales-photos.fr\/index.php\/wp-json\/wp\/v2\/pages\/920","targetHints":{"allow":["GET"]}}],"collection":[{"href":"https:\/\/www.festival-escales-photos.fr\/index.php\/wp-json\/wp\/v2\/pages"}],"about":[{"href":"https:\/\/www.festival-escales-photos.fr\/index.php\/wp-json\/wp\/v2\/types\/page"}],"author":[{"embeddable":true,"href":"https:\/\/www.festival-escales-photos.fr\/index.php\/wp-json\/wp\/v2\/users\/1"}],"replies":[{"embeddable":true,"href":"https:\/\/www.festival-escales-photos.fr\/index.php\/wp-json\/wp\/v2\/comments?post=920"}],"version-history":[{"count":9,"href":"https:\/\/www.festival-escales-photos.fr\/index.php\/wp-json\/wp\/v2\/pages\/920\/revisions"}],"predecessor-version":[{"id":1449,"href":"https:\/\/www.festival-escales-photos.fr\/index.php\/wp-json\/wp\/v2\/pages\/920\/revisions\/1449"}],"wp:featuredmedia":[{"embeddable":true,"href":"https:\/\/www.festival-escales-photos.fr\/index.php\/wp-json\/wp\/v2\/media\/656"}],"wp:attachment":[{"href":"https:\/\/www.festival-escales-photos.fr\/index.php\/wp-json\/wp\/v2\/media?parent=920"}],"curies":[{"name":"wp","href":"https:\/\/api.w.org\/{rel}","templated":true}]}}