{"id":953,"date":"2019-05-09T19:10:06","date_gmt":"2019-05-09T17:10:06","guid":{"rendered":"http:\/\/www.festival-escales-photos.fr\/?page_id=953"},"modified":"2025-06-16T20:33:14","modified_gmt":"2025-06-16T18:33:14","slug":"agence-sipa-press","status":"publish","type":"page","link":"https:\/\/www.festival-escales-photos.fr\/index.php\/agence-sipa-press\/","title":{"rendered":"Agence SIPA Press"},"content":{"rendered":"\t\t<div data-elementor-type=\"wp-post\" data-elementor-id=\"953\" class=\"elementor elementor-953\">\n\t\t\t\t\t\t<section class=\"elementor-section elementor-top-section elementor-element elementor-element-ca6e8a4 elementor-section-boxed elementor-section-height-default elementor-section-height-default\" data-id=\"ca6e8a4\" data-element_type=\"section\">\n\t\t\t\t\t\t<div class=\"elementor-container elementor-column-gap-default\">\n\t\t\t\t\t<div class=\"elementor-column elementor-col-100 elementor-top-column elementor-element elementor-element-50e007e\" data-id=\"50e007e\" data-element_type=\"column\">\n\t\t\t<div class=\"elementor-widget-wrap elementor-element-populated\">\n\t\t\t\t\t\t<div class=\"elementor-element elementor-element-a44596e elementor-widget elementor-widget-heading\" data-id=\"a44596e\" data-element_type=\"widget\" data-widget_type=\"heading.default\">\n\t\t\t\t<div class=\"elementor-widget-container\">\n\t\t\t\t\t<h2 class=\"elementor-heading-title elementor-size-large\">Les photographes de l'agence SIPA press<\/h2>\t\t\t\t<\/div>\n\t\t\t\t<\/div>\n\t\t\t\t\t<\/div>\n\t\t<\/div>\n\t\t\t\t\t<\/div>\n\t\t<\/section>\n\t\t\t\t<section class=\"elementor-section elementor-top-section elementor-element elementor-element-1af2b7e7 elementor-section-boxed elementor-section-height-default elementor-section-height-default\" data-id=\"1af2b7e7\" data-element_type=\"section\">\n\t\t\t\t\t\t<div class=\"elementor-container elementor-column-gap-default\">\n\t\t\t\t\t<div class=\"elementor-column elementor-col-100 elementor-top-column elementor-element elementor-element-77b8e415\" data-id=\"77b8e415\" data-element_type=\"column\">\n\t\t\t<div class=\"elementor-widget-wrap elementor-element-populated\">\n\t\t\t\t\t\t<div class=\"elementor-element elementor-element-298eb206 elementor-widget elementor-widget-heading\" data-id=\"298eb206\" data-element_type=\"widget\" data-widget_type=\"heading.default\">\n\t\t\t\t<div class=\"elementor-widget-container\">\n\t\t\t\t\t<span class=\"elementor-heading-title elementor-size-large\">Sur le chemin de l'\u00e9cole<\/span>\t\t\t\t<\/div>\n\t\t\t\t<\/div>\n\t\t\t\t<div class=\"elementor-element elementor-element-a6f30a3 elementor-widget elementor-widget-text-editor\" data-id=\"a6f30a3\" data-element_type=\"widget\" data-widget_type=\"text-editor.default\">\n\t\t\t\t<div class=\"elementor-widget-container\">\n\t\t\t\t\t\t\t\t\t<div class=\"page\" title=\"Page 21\"><div class=\"section\"><div class=\"layoutArea\"><div class=\"column\"><p>Ce t\u00e9moignage majeur et in\u00e9dit a \u00e9t\u00e9 r\u00e9alis\u00e9 par 18 reporters photographes de l\u2019agence SIPA PRESS. Ils ont parcouru le monde, du Nig\u00e9ria \u00e0 la Tha\u00eflande, de l\u2019Australie aux Etats-Unis en passant par Ho\u00ebdic pour enqu\u00eater sur les trajets emprunt\u00e9s par les \u00e9coliers. Ils en ont rapport\u00e9 des reportages photographiques in\u00e9dits qui t\u00e9moignent des difficiles conditions d\u2019acc\u00e8s \u00e0 l\u2019\u00e9ducation que rencontrent encore aujourd\u2019hui de nombreux enfants.<\/p><\/div><\/div><\/div><\/div>\t\t\t\t\t\t\t\t<\/div>\n\t\t\t\t<\/div>\n\t\t\t\t<div class=\"elementor-element elementor-element-3de9d5c elementor-widget elementor-widget-image-gallery\" data-id=\"3de9d5c\" data-element_type=\"widget\" data-widget_type=\"image-gallery.default\">\n\t\t\t\t<div class=\"elementor-widget-container\">\n\t\t\t\t\t\t\t<div class=\"elementor-image-gallery\">\n\t\t\t<div id='gallery-1' class='gallery galleryid-953 gallery-columns-2 gallery-size-medium_large'><figure class='gallery-item'>\n\t\t\t<div class='gallery-icon landscape'>\n\t\t\t\t<a data-elementor-open-lightbox=\"yes\" data-elementor-lightbox-slideshow=\"3de9d5c\" data-elementor-lightbox-title=\"chemins-de-lecole-bresile-Photos-Leonardo-WEN-SIPA\" data-e-action-hash=\"#elementor-action%3Aaction%3Dlightbox%26settings%3DeyJpZCI6NjE0LCJ1cmwiOiJodHRwczpcL1wvd3d3LmZlc3RpdmFsLWVzY2FsZXMtcGhvdG9zLmZyXC93cC1jb250ZW50XC91cGxvYWRzXC8yMDE5XC8wNVwvY2hlbWlucy1kZS1sZWNvbGUtYnJlc2lsZS1QaG90b3NMZW9uYXJkby1XRU5fU0lQQS5qcGciLCJzbGlkZXNob3ciOiIzZGU5ZDVjIn0%3D\" href='https:\/\/www.festival-escales-photos.fr\/wp-content\/uploads\/2019\/05\/chemins-de-lecole-bresile-PhotosLeonardo-WEN_SIPA.jpg'><img fetchpriority=\"high\" decoding=\"async\" width=\"768\" height=\"512\" src=\"https:\/\/www.festival-escales-photos.fr\/wp-content\/uploads\/2019\/05\/chemins-de-lecole-bresile-PhotosLeonardo-WEN_SIPA-768x512.jpg\" class=\"attachment-medium_large size-medium_large\" alt=\"expo photo les chemins de l&#039;\u00e9cole\" srcset=\"https:\/\/www.festival-escales-photos.fr\/wp-content\/uploads\/2019\/05\/chemins-de-lecole-bresile-PhotosLeonardo-WEN_SIPA-768x512.jpg 768w, https:\/\/www.festival-escales-photos.fr\/wp-content\/uploads\/2019\/05\/chemins-de-lecole-bresile-PhotosLeonardo-WEN_SIPA-300x200.jpg 300w, https:\/\/www.festival-escales-photos.fr\/wp-content\/uploads\/2019\/05\/chemins-de-lecole-bresile-PhotosLeonardo-WEN_SIPA-1024x683.jpg 1024w\" sizes=\"(max-width: 768px) 100vw, 768px\" \/><\/a>\n\t\t\t<\/div><\/figure><figure class='gallery-item'>\n\t\t\t<div class='gallery-icon landscape'>\n\t\t\t\t<a data-elementor-open-lightbox=\"yes\" data-elementor-lightbox-slideshow=\"3de9d5c\" data-elementor-lightbox-title=\"festival-escales-photos-hoedic-56-SIPA\" data-e-action-hash=\"#elementor-action%3Aaction%3Dlightbox%26settings%3DeyJpZCI6NjczLCJ1cmwiOiJodHRwczpcL1wvd3d3LmZlc3RpdmFsLWVzY2FsZXMtcGhvdG9zLmZyXC93cC1jb250ZW50XC91cGxvYWRzXC8yMDE5XC8wNVwvZmVzdGl2YWwtZXNjYWxlcy1waG90b3MtaG9lZGljLTU2LVNJUEEuanBnIiwic2xpZGVzaG93IjoiM2RlOWQ1YyJ9\" href='https:\/\/www.festival-escales-photos.fr\/wp-content\/uploads\/2019\/05\/festival-escales-photos-hoedic-56-SIPA.jpg'><img decoding=\"async\" width=\"768\" height=\"512\" src=\"https:\/\/www.festival-escales-photos.fr\/wp-content\/uploads\/2019\/05\/festival-escales-photos-hoedic-56-SIPA-768x512.jpg\" class=\"attachment-medium_large size-medium_large\" alt=\"\" srcset=\"https:\/\/www.festival-escales-photos.fr\/wp-content\/uploads\/2019\/05\/festival-escales-photos-hoedic-56-SIPA-768x512.jpg 768w, https:\/\/www.festival-escales-photos.fr\/wp-content\/uploads\/2019\/05\/festival-escales-photos-hoedic-56-SIPA-300x200.jpg 300w, https:\/\/www.festival-escales-photos.fr\/wp-content\/uploads\/2019\/05\/festival-escales-photos-hoedic-56-SIPA-1024x683.jpg 1024w\" sizes=\"(max-width: 768px) 100vw, 768px\" \/><\/a>\n\t\t\t<\/div><\/figure>\n\t\t<\/div>\n\t\t<\/div>\n\t\t\t\t\t\t<\/div>\n\t\t\t\t<\/div>\n\t\t\t\t<div class=\"elementor-element elementor-element-171b3e2d elementor-widget elementor-widget-text-editor\" data-id=\"171b3e2d\" data-element_type=\"widget\" data-widget_type=\"text-editor.default\">\n\t\t\t\t<div class=\"elementor-widget-container\">\n\t\t\t\t\t\t\t\t\t<div class=\"elementor-element elementor-element-b2658c0 elementor-widget elementor-widget-heading\" data-id=\"b2658c0\" data-element_type=\"widget\" data-widget_type=\"heading.default\"><div class=\"elementor-widget-container\"><div class=\"elementor-widget-container\"><div class=\"elementor-text-editor elementor-clearfix\"><p>Ho\u00ebdic a \u00e9t\u00e9 choisi en 2013 par l\u2019Unesco pour figurer dans un reportage photo sur l\u2019acc\u00e8s \u00e0 l\u2019\u00e9ducation pour les enfants dans le monde. Quel enjeu pour l\u2019avenir se joue dans la scolarisation des petits libyens, mexicains, kenians ou ho\u00ebdicais ? Telle est la question que pose \u00ab Les chemins de l\u2019\u00e9cole \u00bb, une exposition r\u00e9alis\u00e9e par les photographes de Sipa Press.<\/p><\/div><\/div><\/div><\/div>\t\t\t\t\t\t\t\t<\/div>\n\t\t\t\t<\/div>\n\t\t\t\t<div class=\"elementor-element elementor-element-55b323d4 elementor-widget elementor-widget-text-editor\" data-id=\"55b323d4\" data-element_type=\"widget\" data-widget_type=\"text-editor.default\">\n\t\t\t\t<div class=\"elementor-widget-container\">\n\t\t\t\t\t\t\t\t\t<p><a href=\"https:\/\/www.festival-escales-photos.fr\/wp-content\/uploads\/2019\/05\/pre\u0301sentation-expo-photo-chemin-ecole.pdf\" class=\"pdfemb-viewer\" style=\"\" data-width=\"max\" data-height=\"max\" data-toolbar=\"bottom\" data-toolbar-fixed=\"off\">Les chemins de l\u2019\u00e9cole SIPA Press<\/a><\/p>\t\t\t\t\t\t\t\t<\/div>\n\t\t\t\t<\/div>\n\t\t\t\t<div class=\"elementor-element elementor-element-5709cb9e elementor-align-center elementor-widget elementor-widget-button\" data-id=\"5709cb9e\" data-element_type=\"widget\" data-widget_type=\"button.default\">\n\t\t\t\t<div class=\"elementor-widget-container\">\n\t\t\t\t\t\t\t\t\t<div class=\"elementor-button-wrapper\">\n\t\t\t\t\t<a class=\"elementor-button elementor-button-link elementor-size-sm\" href=\"http:\/\/www.corporate.sipa.com\/index.php\/fr\/menu\/expositions\/les-chemins-de-l-ecole\">\n\t\t\t\t\t\t<span class=\"elementor-button-content-wrapper\">\n\t\t\t\t\t\t\t\t\t<span class=\"elementor-button-text\">En savoir + sur Sipa Press<\/span>\n\t\t\t\t\t<\/span>\n\t\t\t\t\t<\/a>\n\t\t\t\t<\/div>\n\t\t\t\t\t\t\t\t<\/div>\n\t\t\t\t<\/div>\n\t\t\t\t\t<\/div>\n\t\t<\/div>\n\t\t\t\t\t<\/div>\n\t\t<\/section>\n\t\t\t\t<section class=\"elementor-section elementor-top-section elementor-element elementor-element-dab4a70 elementor-section-boxed elementor-section-height-default elementor-section-height-default\" data-id=\"dab4a70\" data-element_type=\"section\">\n\t\t\t\t\t\t<div class=\"elementor-container elementor-column-gap-default\">\n\t\t\t\t\t<div class=\"elementor-column elementor-col-100 elementor-top-column elementor-element elementor-element-28132d0\" data-id=\"28132d0\" data-element_type=\"column\">\n\t\t\t<div class=\"elementor-widget-wrap elementor-element-populated\">\n\t\t\t\t\t\t<div class=\"elementor-element elementor-element-3ef28a7 elementor-widget elementor-widget-spacer\" data-id=\"3ef28a7\" data-element_type=\"widget\" data-widget_type=\"spacer.default\">\n\t\t\t\t<div class=\"elementor-widget-container\">\n\t\t\t\t\t\t\t<div class=\"elementor-spacer\">\n\t\t\t<div class=\"elementor-spacer-inner\"><\/div>\n\t\t<\/div>\n\t\t\t\t\t\t<\/div>\n\t\t\t\t<\/div>\n\t\t\t\t\t<\/div>\n\t\t<\/div>\n\t\t\t\t\t<\/div>\n\t\t<\/section>\n\t\t\t\t<\/div>\n\t\t","protected":false},"excerpt":{"rendered":"<p>Les photographes de l&#8217;agence SIPA press Sur le chemin de l&#8217;\u00e9cole Ce t\u00e9moignage majeur et in\u00e9dit a \u00e9t\u00e9 r\u00e9alis\u00e9 par 18 reporters photographes de l\u2019agence SIPA PRESS. Ils ont parcouru le monde, du Nig\u00e9ria \u00e0 la Tha\u00eflande, de l\u2019Australie aux Etats-Unis en passant par Ho\u00ebdic pour enqu\u00eater sur les trajets emprunt\u00e9s par les \u00e9coliers. Ils [&hellip;]<\/p>\n","protected":false},"author":1,"featured_media":614,"parent":0,"menu_order":0,"comment_status":"closed","ping_status":"closed","template":"","meta":{"_monsterinsights_skip_tracking":false,"_monsterinsights_sitenote_active":false,"_monsterinsights_sitenote_note":"","_monsterinsights_sitenote_category":0,"ocean_post_layout":"","ocean_both_sidebars_style":"","ocean_both_sidebars_content_width":0,"ocean_both_sidebars_sidebars_width":0,"ocean_sidebar":"0","ocean_second_sidebar":"0","ocean_disable_margins":"enable","ocean_add_body_class":"","ocean_shortcode_before_top_bar":"","ocean_shortcode_after_top_bar":"","ocean_shortcode_before_header":"","ocean_shortcode_after_header":"","ocean_has_shortcode":"","ocean_shortcode_after_title":"","ocean_shortcode_before_footer_widgets":"","ocean_shortcode_after_footer_widgets":"","ocean_shortcode_before_footer_bottom":"","ocean_shortcode_after_footer_bottom":"","ocean_display_top_bar":"default","ocean_display_header":"default","ocean_header_style":"","ocean_center_header_left_menu":"0","ocean_custom_header_template":"0","ocean_custom_logo":0,"ocean_custom_retina_logo":0,"ocean_custom_logo_max_width":0,"ocean_custom_logo_tablet_max_width":0,"ocean_custom_logo_mobile_max_width":0,"ocean_custom_logo_max_height":0,"ocean_custom_logo_tablet_max_height":0,"ocean_custom_logo_mobile_max_height":0,"ocean_header_custom_menu":"0","ocean_menu_typo_font_family":"0","ocean_menu_typo_font_subset":"","ocean_menu_typo_font_size":0,"ocean_menu_typo_font_size_tablet":0,"ocean_menu_typo_font_size_mobile":0,"ocean_menu_typo_font_size_unit":"px","ocean_menu_typo_font_weight":"","ocean_menu_typo_font_weight_tablet":"","ocean_menu_typo_font_weight_mobile":"","ocean_menu_typo_transform":"","ocean_menu_typo_transform_tablet":"","ocean_menu_typo_transform_mobile":"","ocean_menu_typo_line_height":0,"ocean_menu_typo_line_height_tablet":0,"ocean_menu_typo_line_height_mobile":0,"ocean_menu_typo_line_height_unit":"","ocean_menu_typo_spacing":0,"ocean_menu_typo_spacing_tablet":0,"ocean_menu_typo_spacing_mobile":0,"ocean_menu_typo_spacing_unit":"","ocean_menu_link_color":"","ocean_menu_link_color_hover":"","ocean_menu_link_color_active":"","ocean_menu_link_background":"","ocean_menu_link_hover_background":"","ocean_menu_link_active_background":"","ocean_menu_social_links_bg":"","ocean_menu_social_hover_links_bg":"","ocean_menu_social_links_color":"","ocean_menu_social_hover_links_color":"","ocean_disable_title":"default","ocean_disable_heading":"default","ocean_post_title":"","ocean_post_subheading":"","ocean_post_title_style":"","ocean_post_title_background_color":"","ocean_post_title_background":0,"ocean_post_title_bg_image_position":"","ocean_post_title_bg_image_attachment":"","ocean_post_title_bg_image_repeat":"","ocean_post_title_bg_image_size":"","ocean_post_title_height":0,"ocean_post_title_bg_overlay":0.5,"ocean_post_title_bg_overlay_color":"","ocean_disable_breadcrumbs":"default","ocean_breadcrumbs_color":"","ocean_breadcrumbs_separator_color":"","ocean_breadcrumbs_links_color":"","ocean_breadcrumbs_links_hover_color":"","ocean_display_footer_widgets":"default","ocean_display_footer_bottom":"default","ocean_custom_footer_template":"0","footnotes":""},"class_list":["post-953","page","type-page","status-publish","has-post-thumbnail","hentry","entry","has-media"],"yoast_head":"<!-- This site is optimized with the Yoast SEO plugin v25.7 - https:\/\/yoast.com\/wordpress\/plugins\/seo\/ -->\n<title>Une Expo de l&#039;Agence SIPA Press - Festival Escales Photos<\/title>\n<meta name=\"description\" content=\"Les chemins de l\u2019\u00e9cole, une exposition r\u00e9alis\u00e9e par les photographes de Sipa Press. Ho\u00ebdic a \u00e9t\u00e9 choisi par l\u2019Unesco pour un reportage photo sur l\u2019acc\u00e8s\" \/>\n<meta name=\"robots\" content=\"index, follow, max-snippet:-1, max-image-preview:large, max-video-preview:-1\" \/>\n<link rel=\"canonical\" href=\"https:\/\/www.festival-escales-photos.fr\/index.php\/agence-sipa-press\/\" \/>\n<meta property=\"og:locale\" content=\"en_US\" \/>\n<meta property=\"og:type\" content=\"article\" \/>\n<meta property=\"og:title\" content=\"Une Expo de l&#039;Agence SIPA Press - Festival Escales Photos\" \/>\n<meta property=\"og:description\" content=\"Les chemins de l\u2019\u00e9cole, une exposition r\u00e9alis\u00e9e par les photographes de Sipa Press. Ho\u00ebdic a \u00e9t\u00e9 choisi par l\u2019Unesco pour un reportage photo sur l\u2019acc\u00e8s\" \/>\n<meta property=\"og:url\" content=\"https:\/\/www.festival-escales-photos.fr\/index.php\/agence-sipa-press\/\" \/>\n<meta property=\"og:site_name\" content=\"Festival Escales Photos\" \/>\n<meta property=\"article:publisher\" content=\"https:\/\/www.facebook.com\/festivalescalesphotos\" \/>\n<meta property=\"article:modified_time\" content=\"2025-06-16T18:33:14+00:00\" \/>\n<meta property=\"og:image\" content=\"https:\/\/www.festival-escales-photos.fr\/wp-content\/uploads\/2019\/05\/chemins-de-lecole-bresile-PhotosLeonardo-WEN_SIPA.jpg\" \/>\n\t<meta property=\"og:image:width\" content=\"2362\" \/>\n\t<meta property=\"og:image:height\" content=\"1575\" \/>\n\t<meta property=\"og:image:type\" content=\"image\/jpeg\" \/>\n<meta name=\"twitter:card\" content=\"summary_large_image\" \/>\n<meta name=\"twitter:label1\" content=\"Est. reading time\" \/>\n\t<meta name=\"twitter:data1\" content=\"2 minutes\" \/>\n<script type=\"application\/ld+json\" class=\"yoast-schema-graph\">{\"@context\":\"https:\/\/schema.org\",\"@graph\":[{\"@type\":\"WebPage\",\"@id\":\"https:\/\/www.festival-escales-photos.fr\/index.php\/agence-sipa-press\/\",\"url\":\"https:\/\/www.festival-escales-photos.fr\/index.php\/agence-sipa-press\/\",\"name\":\"Une Expo de l'Agence SIPA Press - Festival Escales Photos\",\"isPartOf\":{\"@id\":\"http:\/\/www.festival-escales-photos.fr\/#website\"},\"primaryImageOfPage\":{\"@id\":\"https:\/\/www.festival-escales-photos.fr\/index.php\/agence-sipa-press\/#primaryimage\"},\"image\":{\"@id\":\"https:\/\/www.festival-escales-photos.fr\/index.php\/agence-sipa-press\/#primaryimage\"},\"thumbnailUrl\":\"https:\/\/www.festival-escales-photos.fr\/wp-content\/uploads\/2019\/05\/chemins-de-lecole-bresile-PhotosLeonardo-WEN_SIPA.jpg\",\"datePublished\":\"2019-05-09T17:10:06+00:00\",\"dateModified\":\"2025-06-16T18:33:14+00:00\",\"description\":\"Les chemins de l\u2019\u00e9cole, une exposition r\u00e9alis\u00e9e par les photographes de Sipa Press. Ho\u00ebdic a \u00e9t\u00e9 choisi par l\u2019Unesco pour un reportage photo sur l\u2019acc\u00e8s\",\"breadcrumb\":{\"@id\":\"https:\/\/www.festival-escales-photos.fr\/index.php\/agence-sipa-press\/#breadcrumb\"},\"inLanguage\":\"en-US\",\"potentialAction\":[{\"@type\":\"ReadAction\",\"target\":[\"https:\/\/www.festival-escales-photos.fr\/index.php\/agence-sipa-press\/\"]}]},{\"@type\":\"ImageObject\",\"inLanguage\":\"en-US\",\"@id\":\"https:\/\/www.festival-escales-photos.fr\/index.php\/agence-sipa-press\/#primaryimage\",\"url\":\"https:\/\/www.festival-escales-photos.fr\/wp-content\/uploads\/2019\/05\/chemins-de-lecole-bresile-PhotosLeonardo-WEN_SIPA.jpg\",\"contentUrl\":\"https:\/\/www.festival-escales-photos.fr\/wp-content\/uploads\/2019\/05\/chemins-de-lecole-bresile-PhotosLeonardo-WEN_SIPA.jpg\",\"width\":2362,\"height\":1575,\"caption\":\"expo photo les chemins de l'\u00e9cole\"},{\"@type\":\"BreadcrumbList\",\"@id\":\"https:\/\/www.festival-escales-photos.fr\/index.php\/agence-sipa-press\/#breadcrumb\",\"itemListElement\":[{\"@type\":\"ListItem\",\"position\":1,\"name\":\"Accueil\",\"item\":\"http:\/\/www.festival-escales-photos.fr\/\"},{\"@type\":\"ListItem\",\"position\":2,\"name\":\"Agence SIPA Press\"}]},{\"@type\":\"WebSite\",\"@id\":\"http:\/\/www.festival-escales-photos.fr\/#website\",\"url\":\"http:\/\/www.festival-escales-photos.fr\/\",\"name\":\"Festival Escales Photos\",\"description\":\"\",\"publisher\":{\"@id\":\"http:\/\/www.festival-escales-photos.fr\/#organization\"},\"potentialAction\":[{\"@type\":\"SearchAction\",\"target\":{\"@type\":\"EntryPoint\",\"urlTemplate\":\"http:\/\/www.festival-escales-photos.fr\/?s={search_term_string}\"},\"query-input\":{\"@type\":\"PropertyValueSpecification\",\"valueRequired\":true,\"valueName\":\"search_term_string\"}}],\"inLanguage\":\"en-US\"},{\"@type\":\"Organization\",\"@id\":\"http:\/\/www.festival-escales-photos.fr\/#organization\",\"name\":\"Festival Escales Photos\",\"url\":\"http:\/\/www.festival-escales-photos.fr\/\",\"logo\":{\"@type\":\"ImageObject\",\"inLanguage\":\"en-US\",\"@id\":\"http:\/\/www.festival-escales-photos.fr\/#\/schema\/logo\/image\/\",\"url\":\"http:\/\/www.festival-escales-photos.fr\/wp-content\/uploads\/2019\/04\/icone-escales-photos-56.jpg\",\"contentUrl\":\"http:\/\/www.festival-escales-photos.fr\/wp-content\/uploads\/2019\/04\/icone-escales-photos-56.jpg\",\"width\":512,\"height\":362,\"caption\":\"Festival Escales Photos\"},\"image\":{\"@id\":\"http:\/\/www.festival-escales-photos.fr\/#\/schema\/logo\/image\/\"},\"sameAs\":[\"https:\/\/www.facebook.com\/festivalescalesphotos\",\"https:\/\/www.instagram.com\/festivalescalesphotos\/\"]}]}<\/script>\n<!-- \/ Yoast SEO plugin. -->","yoast_head_json":{"title":"Une Expo de l'Agence SIPA Press - Festival Escales Photos","description":"Les chemins de l\u2019\u00e9cole, une exposition r\u00e9alis\u00e9e par les photographes de Sipa Press. Ho\u00ebdic a \u00e9t\u00e9 choisi par l\u2019Unesco pour un reportage photo sur l\u2019acc\u00e8s","robots":{"index":"index","follow":"follow","max-snippet":"max-snippet:-1","max-image-preview":"max-image-preview:large","max-video-preview":"max-video-preview:-1"},"canonical":"https:\/\/www.festival-escales-photos.fr\/index.php\/agence-sipa-press\/","og_locale":"en_US","og_type":"article","og_title":"Une Expo de l'Agence SIPA Press - Festival Escales Photos","og_description":"Les chemins de l\u2019\u00e9cole, une exposition r\u00e9alis\u00e9e par les photographes de Sipa Press. Ho\u00ebdic a \u00e9t\u00e9 choisi par l\u2019Unesco pour un reportage photo sur l\u2019acc\u00e8s","og_url":"https:\/\/www.festival-escales-photos.fr\/index.php\/agence-sipa-press\/","og_site_name":"Festival Escales Photos","article_publisher":"https:\/\/www.facebook.com\/festivalescalesphotos","article_modified_time":"2025-06-16T18:33:14+00:00","og_image":[{"width":2362,"height":1575,"url":"https:\/\/www.festival-escales-photos.fr\/wp-content\/uploads\/2019\/05\/chemins-de-lecole-bresile-PhotosLeonardo-WEN_SIPA.jpg","type":"image\/jpeg"}],"twitter_card":"summary_large_image","twitter_misc":{"Est. reading time":"2 minutes"},"schema":{"@context":"https:\/\/schema.org","@graph":[{"@type":"WebPage","@id":"https:\/\/www.festival-escales-photos.fr\/index.php\/agence-sipa-press\/","url":"https:\/\/www.festival-escales-photos.fr\/index.php\/agence-sipa-press\/","name":"Une Expo de l'Agence SIPA Press - Festival Escales Photos","isPartOf":{"@id":"http:\/\/www.festival-escales-photos.fr\/#website"},"primaryImageOfPage":{"@id":"https:\/\/www.festival-escales-photos.fr\/index.php\/agence-sipa-press\/#primaryimage"},"image":{"@id":"https:\/\/www.festival-escales-photos.fr\/index.php\/agence-sipa-press\/#primaryimage"},"thumbnailUrl":"https:\/\/www.festival-escales-photos.fr\/wp-content\/uploads\/2019\/05\/chemins-de-lecole-bresile-PhotosLeonardo-WEN_SIPA.jpg","datePublished":"2019-05-09T17:10:06+00:00","dateModified":"2025-06-16T18:33:14+00:00","description":"Les chemins de l\u2019\u00e9cole, une exposition r\u00e9alis\u00e9e par les photographes de Sipa Press. Ho\u00ebdic a \u00e9t\u00e9 choisi par l\u2019Unesco pour un reportage photo sur l\u2019acc\u00e8s","breadcrumb":{"@id":"https:\/\/www.festival-escales-photos.fr\/index.php\/agence-sipa-press\/#breadcrumb"},"inLanguage":"en-US","potentialAction":[{"@type":"ReadAction","target":["https:\/\/www.festival-escales-photos.fr\/index.php\/agence-sipa-press\/"]}]},{"@type":"ImageObject","inLanguage":"en-US","@id":"https:\/\/www.festival-escales-photos.fr\/index.php\/agence-sipa-press\/#primaryimage","url":"https:\/\/www.festival-escales-photos.fr\/wp-content\/uploads\/2019\/05\/chemins-de-lecole-bresile-PhotosLeonardo-WEN_SIPA.jpg","contentUrl":"https:\/\/www.festival-escales-photos.fr\/wp-content\/uploads\/2019\/05\/chemins-de-lecole-bresile-PhotosLeonardo-WEN_SIPA.jpg","width":2362,"height":1575,"caption":"expo photo les chemins de l'\u00e9cole"},{"@type":"BreadcrumbList","@id":"https:\/\/www.festival-escales-photos.fr\/index.php\/agence-sipa-press\/#breadcrumb","itemListElement":[{"@type":"ListItem","position":1,"name":"Accueil","item":"http:\/\/www.festival-escales-photos.fr\/"},{"@type":"ListItem","position":2,"name":"Agence SIPA Press"}]},{"@type":"WebSite","@id":"http:\/\/www.festival-escales-photos.fr\/#website","url":"http:\/\/www.festival-escales-photos.fr\/","name":"Festival Escales Photos","description":"","publisher":{"@id":"http:\/\/www.festival-escales-photos.fr\/#organization"},"potentialAction":[{"@type":"SearchAction","target":{"@type":"EntryPoint","urlTemplate":"http:\/\/www.festival-escales-photos.fr\/?s={search_term_string}"},"query-input":{"@type":"PropertyValueSpecification","valueRequired":true,"valueName":"search_term_string"}}],"inLanguage":"en-US"},{"@type":"Organization","@id":"http:\/\/www.festival-escales-photos.fr\/#organization","name":"Festival Escales Photos","url":"http:\/\/www.festival-escales-photos.fr\/","logo":{"@type":"ImageObject","inLanguage":"en-US","@id":"http:\/\/www.festival-escales-photos.fr\/#\/schema\/logo\/image\/","url":"http:\/\/www.festival-escales-photos.fr\/wp-content\/uploads\/2019\/04\/icone-escales-photos-56.jpg","contentUrl":"http:\/\/www.festival-escales-photos.fr\/wp-content\/uploads\/2019\/04\/icone-escales-photos-56.jpg","width":512,"height":362,"caption":"Festival Escales Photos"},"image":{"@id":"http:\/\/www.festival-escales-photos.fr\/#\/schema\/logo\/image\/"},"sameAs":["https:\/\/www.facebook.com\/festivalescalesphotos","https:\/\/www.instagram.com\/festivalescalesphotos\/"]}]}},"_links":{"self":[{"href":"https:\/\/www.festival-escales-photos.fr\/index.php\/wp-json\/wp\/v2\/pages\/953","targetHints":{"allow":["GET"]}}],"collection":[{"href":"https:\/\/www.festival-escales-photos.fr\/index.php\/wp-json\/wp\/v2\/pages"}],"about":[{"href":"https:\/\/www.festival-escales-photos.fr\/index.php\/wp-json\/wp\/v2\/types\/page"}],"author":[{"embeddable":true,"href":"https:\/\/www.festival-escales-photos.fr\/index.php\/wp-json\/wp\/v2\/users\/1"}],"replies":[{"embeddable":true,"href":"https:\/\/www.festival-escales-photos.fr\/index.php\/wp-json\/wp\/v2\/comments?post=953"}],"version-history":[{"count":17,"href":"https:\/\/www.festival-escales-photos.fr\/index.php\/wp-json\/wp\/v2\/pages\/953\/revisions"}],"predecessor-version":[{"id":4269,"href":"https:\/\/www.festival-escales-photos.fr\/index.php\/wp-json\/wp\/v2\/pages\/953\/revisions\/4269"}],"wp:featuredmedia":[{"embeddable":true,"href":"https:\/\/www.festival-escales-photos.fr\/index.php\/wp-json\/wp\/v2\/media\/614"}],"wp:attachment":[{"href":"https:\/\/www.festival-escales-photos.fr\/index.php\/wp-json\/wp\/v2\/media?parent=953"}],"curies":[{"name":"wp","href":"https:\/\/api.w.org\/{rel}","templated":true}]}}